{"id":1241,"date":"2016-12-07T09:25:54","date_gmt":"2016-12-07T08:25:54","guid":{"rendered":"http:\/\/cieacova.com\/?page_id=1241"},"modified":"2026-01-26T12:21:03","modified_gmt":"2026-01-26T11:21:03","slug":"contacte","status":"publish","type":"page","link":"https:\/\/cieacova.com\/?page_id=1241","title":{"rendered":"Contacte"},"content":{"rendered":"\n<p class=\"Standard\">Aquest formulari serveix per a sol\u00b7licitar aclariments o informaci\u00f3 que no es localitza en aquesta web. Us demanem que llegiu els par\u00e0grafs seg\u00fcents abans d&#8217;enviar-ne cap.<\/p>\n\n\n\n<p class=\"Standard\">La CIEACOVA organitza exclusivament proves per a l&#8217;acreditaci\u00f3 de coneixements de valenci\u00e0 i no gestiona procediments d&#8217;homologaci\u00f3 de t\u00edtols. En els logos de la part inferior de l&#8217;apartat\u00a0<a href=\"https:\/\/cieacova.webs.upv.es\/\" target=\"VhGuYpSGFdfXUwT3O9_xGAg\" rel=\"noopener noreferrer\"><em>Presentaci\u00f3<\/em><\/a> d&#8217;aquesta p\u00e0gina hi ha enlla\u00e7os a les webs dels serveis de lleng\u00fces de les universitats que conformen la CIEACOVA. Hi trobareu m\u00e9s informaci\u00f3 sobre els esmentats serveis i eventualment sobre les convocat\u00f2ries de la CIEACOVA, com ara qui es pot matricular en la universitat de qu\u00e8 es tracte.<\/p>\n\n\n\n<p class=\"Standard\">Per a informar-vos sobre la validesa dels certificats de la CIEACOVA i les equival\u00e8ncies entre certificats de valenci\u00e0 reconegudes per la Generalitat Valenciana, consulteu l&#8217;apartat de&nbsp;<a href=\"https:\/\/cieacova.com\/?page_id=1422\" rel=\"noopener noreferrer\"><em>Dubtes freq\u00fcents<\/em><\/a>&nbsp;d&#8217;aquesta web. Tamb\u00e9 hi trobareu molta m\u00e9s informaci\u00f3 d&#8217;inter\u00e8s.<\/p>\n\n\n\n<p class=\"Standard\">Si cerqueu informaci\u00f3 sobre la pr\u00f2xima convocat\u00f2ria, consulteu l&#8217;apartat&nbsp;<a href=\"https:\/\/cieacova.com\/\" target=\"tXR9-28IjMBGDeq0yzMHQoE\" rel=\"noopener noreferrer\"><em>Convocat\u00f2ries d&#8217;examen<\/em><\/a><em>.<\/em><\/p>\n\n\n\n<p class=\"Standard\">La durada i les regles i percentatges per a aprovar els ex\u00e0mens estan publicats en els documents\u00a0<a href=\"https:\/\/cieacova.com\/?page_id=739\" target=\"cbQVe0TKa3hbjpmU_7VeOML\" rel=\"noopener noreferrer\"><em>Programa i estructura<\/em><\/a>\u00a0de cada nivell, els quals es poden trobar en l&#8217;apartat\u00a0<a href=\"https:\/\/cieacova.com\/?page_id=739\" target=\"whRRSIaLgUmjO5l0CHv4rdu\" rel=\"noopener noreferrer\"><em>Proves<\/em><\/a>\u00a0d&#8217;aquesta web. Tamb\u00e9 hi ha publicats els criteris de correcci\u00f3 i models de proves, dels quals no hi ha m\u00e9s de disponibles que els que hi ha publicats.<\/p>\n\n\n\n<p class=\"Standard\"><strong>Per tant, abans d&#8217;enviar un formulari amb consultes sobre la pr\u00f2xima convocat\u00f2ria, homologaci\u00f3 o validesa de t\u00edtols, models de proves addicionals als disponibles o durada i regles per a aprovar ex\u00e0mens, us suggerim que rellegiu atentament els par\u00e0grafs precedents i les p\u00e0gines a les quals remeten.<\/strong><\/p>\n\n\n<div id=\"usermessage2a\" class=\"cf_info \"><\/div><form enctype=\"multipart\/form-data\" action=\"\/index.php?rest_route=%2Fwp%2Fv2%2Fpages%2F1241#usermessage2a\" method=\"post\" class=\"cform formulari-de-contacte \" id=\"cforms2form\"><ol class=\"cf-ol\"><li id=\"li-2-1\" class=\"\"><label id=\"label-2-1\" for=\"cf2_field_1\"><span>Nom<\/span><\/label><input type=\"text\" name=\"cf2_field_1\" id=\"cf2_field_1\" class=\"single fldrequired\" value=\"\" title=\"\"\/><span class=\"reqtxt\"><\/span><\/li><li id=\"li-2-2\" class=\"\"><label id=\"label-2-2\" for=\"cf2_field_2\"><span>Cognoms<\/span><\/label><input type=\"text\" name=\"cf2_field_2\" id=\"cf2_field_2\" class=\"single fldrequired\" value=\"\" title=\"\"\/><span class=\"reqtxt\"><\/span><\/li><li id=\"li-2-3\" class=\"\"><label id=\"label-2-3\" for=\"cf2_field_3\"><span>DNI<\/span><\/label><input type=\"text\" name=\"cf2_field_3\" id=\"cf2_field_3\" class=\"single fldrequired\" value=\"\" title=\"\"\/><span class=\"reqtxt\"><\/span><\/li><li id=\"li-2-4\" class=\"\"><label id=\"label-2-4\" for=\"cf2_field_4\"><span>Tel\u00e8fon<\/span><\/label><input type=\"text\" name=\"cf2_field_4\" id=\"cf2_field_4\" class=\"single fldrequired\" value=\"\" title=\"\"\/><span class=\"reqtxt\"><\/span><\/li><li id=\"li-2-5\" class=\"\"><label id=\"label-2-5\" for=\"cf2_field_5\"><span>Adre\u00e7a electr\u00f2nica<\/span><\/label><input type=\"text\" name=\"cf2_field_5\" id=\"cf2_field_5\" class=\"single fldemail fldrequired\" value=\"\" title=\"\"\/><span class=\"emailreqtxt\"><\/span><\/li><li id=\"li-2-6\" class=\"\"><label id=\"label-2-6\" for=\"cf2_field_6\"><span>Universitat on s&#039;examina<\/span><\/label><select name=\"cf2_field_6\" id=\"cf2_field_6\" class=\"cformselect fldrequired\" title=\"Universitat on s'examina\"><option value=\"-\" selected=\"selected\">Tria una opci\u00f3<\/option><option value=\"1\">Universitat de Val\u00e8ncia<\/option><option value=\"2\">Universitat Polit\u00e8cnica de Val\u00e8ncia<\/option><option value=\"3\">Universitat d\u2019Alacant<\/option><option value=\"4\">Universitat Jaume I de Castell\u00f3<\/option><option value=\"5\">Universitat Miguel Hern\u00e1ndez d\u2019Elx<\/option><option value=\"6\">Universitat Cardenal Herrera-CEU<\/option><option value=\"7\">Universitat Cat\u00f2lica de Val\u00e8ncia \u2013 Sant Vicent M\u00e0rtir<\/option><\/select><span class=\"reqtxt\"><\/span><\/li><li id=\"li-2-7\" class=\"\"><label id=\"label-2-7\" for=\"cf2_field_7\"><span>Assumpte<\/span><\/label><input type=\"text\" name=\"cf2_field_7\" id=\"cf2_field_7\" class=\"single fldrequired\" value=\"\" title=\"\"\/><span class=\"reqtxt\"><\/span><\/li><li id=\"li-2-8\" class=\"\"><label id=\"label-2-8\" for=\"cf2_field_8\"><span>Text de consulta<\/span><\/label><textarea cols=\"30\" rows=\"8\" name=\"cf2_field_8\" id=\"cf2_field_8\" class=\"area fldrequired\" title=\"\"><\/textarea><span class=\"reqtxt\"><\/span><\/li><\/ol><fieldset class=\"cf_hidden\"><legend>&nbsp;<\/legend><input type=\"hidden\" name=\"cf_working2\" id=\"cf_working2\" value=\"Un moment, per favor...\"\/><input type=\"hidden\" name=\"cf_failure2\" id=\"cf_failure2\" value=\"Falten camps a emplenar o hi ha alguna errada.\"\/><input type=\"hidden\" name=\"cf_customerr2\" id=\"cf_customerr2\" value=\"ycf2_field_5$#$Adre\u00e7a electr\u00f2nica incorrecta.|cf2_field_6$#$Falta elegir una universitat.|\"\/><\/fieldset><p class=\"cf-sb\"><input type=\"submit\" name=\"sendbutton2\" id=\"sendbutton2\" class=\"sendbutton\" value=\"Envia\" \/><\/p><\/form>\n\n\n\n<p class=\"has-text-align-center\"><span class=\"ui-provider rq b c d e f g h i j k l m n o p q r s t u v w x y z ab ac ae af ag ah ai aj ak\" dir=\"ltr\">De conformitat amb el que disposa la Llei Org\u00e0nica 3\/2018, de 5 de desembre, de protecci\u00f3 de dades personals i garantia dels drets digitals, us informem que les dades de car\u00e0cter personal que heu facilitat s\u2019incorporaran al fitxer anomenat Fitxer CIEACOVA, de la Universitat Polit\u00e8cnica de Val\u00e8ncia, destinat a la gesti\u00f3 de consultes. Podeu exercir els drets d\u2019acc\u00e9s, de rectificaci\u00f3, de cancel\u00b7laci\u00f3 i d\u2019oposici\u00f3 amb relaci\u00f3 a les vostres dades escrivint al Delegat de Protecci\u00f3 de Dades&nbsp;a la seua adre\u00e7a de correu electr\u00f2nic&nbsp;<a class=\"fui-Link ___1eya986 f3rmtva f1ewtqcl fyind8e f1k6fduh f1w7gpdv fk6fouc fjoy568 figsok6 f1hu3pq6 f11qmguv f19f4twv f1tyq0we f1g0x7ka fhxju0i f1qch9an f1cnd47f fqv5qza f1vmzxwi f1o700av f13mvf36 f1cmlufx f9n3di6 f1ids18y f1tx3yz7 f1deo86v f1eh06m1 f1iescvh fhgqx19 f1olyrje f1p93eir f1nev41a f1h8hb77 f1x7u7e9 f10aw75t fsle3fq f17ae5zn\" title=\"mailto:dpd@upv.es\" href=\"mailto:dpd@upv.es\" target=\"_blank\" rel=\"noreferrer noopener\" aria-label=\"V\u00ednculo dpd@upv.es\">dpd@upv.es<\/a>. Per a m\u00e9s informaci\u00f3 sobre el tractament de les dades, consulteu la nostra <a class=\"fui-Link ___1eya986 f3rmtva f1ewtqcl fyind8e f1k6fduh f1w7gpdv fk6fouc fjoy568 figsok6 f1hu3pq6 f11qmguv f19f4twv f1tyq0we f1g0x7ka fhxju0i f1qch9an f1cnd47f fqv5qza f1vmzxwi f1o700av f13mvf36 f1cmlufx f9n3di6 f1ids18y f1tx3yz7 f1deo86v f1eh06m1 f1iescvh fhgqx19 f1olyrje f1p93eir f1nev41a f1h8hb77 f1x7u7e9 f10aw75t fsle3fq f17ae5zn\" title=\"https:\/\/www.upv.es\/entidades\/sg\/infoweb\/sg\/info\/u0908122.pdf\" href=\"https:\/\/www.upv.es\/entidades\/SG\/infoweb\/sg\/info\/U0908122.pdf\" target=\"_blank\" rel=\"noreferrer noopener\" aria-label=\"V\u00ednculo Pol\u00edtica de Privacitat\">Pol\u00edtica de Privacitat<\/a>.&nbsp;<\/span><\/p>\n","protected":false},"excerpt":{"rendered":"<p>Aquest formulari serveix per a sol\u00b7licitar aclariments o informaci\u00f3 que no es localitza en aquesta web. Us demanem que llegiu els par\u00e0grafs seg\u00fcents abans d&#8217;enviar-ne cap. La CIEACOVA organitza exclusivament proves per a l&#8217;acreditaci\u00f3 de coneixements de valenci\u00e0 i no gestiona procediments d&#8217;homologaci\u00f3 de t\u00edtols. En els logos de la part inferior de l&#8217;apartat\u00a0Presentaci\u00f3 d&#8217;aquesta&hellip;<\/p>\n","protected":false},"author":33142,"featured_media":0,"parent":0,"menu_order":0,"comment_status":"closed","ping_status":"closed","template":"","meta":{"footnotes":""},"class_list":["post-1241","page","type-page","status-publish","hentry"],"yoast_head":"<!-- This site is optimized with the Yoast SEO plugin v27.5 - https:\/\/yoast.com\/product\/yoast-seo-wordpress\/ -->\n<title>Contacte - CIEACOVA<\/title>\n<meta name=\"robots\" content=\"index, follow, max-snippet:-1, max-image-preview:large, max-video-preview:-1\" \/>\n<link rel=\"canonical\" href=\"https:\/\/cieacova.com\/?page_id=1241\" \/>\n<meta property=\"og:locale\" content=\"ca_ES\" \/>\n<meta property=\"og:type\" content=\"article\" \/>\n<meta property=\"og:title\" content=\"Contacte - CIEACOVA\" \/>\n<meta property=\"og:description\" content=\"Aquest formulari serveix per a sol\u00b7licitar aclariments o informaci\u00f3 que no es localitza en aquesta web. Us demanem que llegiu els par\u00e0grafs seg\u00fcents abans d&#8217;enviar-ne cap. La CIEACOVA organitza exclusivament proves per a l&#8217;acreditaci\u00f3 de coneixements de valenci\u00e0 i no gestiona procediments d&#8217;homologaci\u00f3 de t\u00edtols. En els logos de la part inferior de l&#8217;apartat\u00a0Presentaci\u00f3 d&#8217;aquesta&hellip;\" \/>\n<meta property=\"og:url\" content=\"https:\/\/cieacova.com\/?page_id=1241\" \/>\n<meta property=\"og:site_name\" content=\"CIEACOVA\" \/>\n<meta property=\"article:modified_time\" content=\"2026-01-26T11:21:03+00:00\" \/>\n<meta name=\"twitter:card\" content=\"summary_large_image\" \/>\n<meta name=\"twitter:label1\" content=\"Temps estimat de lectura\" \/>\n\t<meta name=\"twitter:data1\" content=\"2 minuts\" \/>\n<script type=\"application\/ld+json\" class=\"yoast-schema-graph\">{\"@context\":\"https:\\\/\\\/schema.org\",\"@graph\":[{\"@type\":\"WebPage\",\"@id\":\"https:\\\/\\\/cieacova.com\\\/?page_id=1241\",\"url\":\"https:\\\/\\\/cieacova.com\\\/?page_id=1241\",\"name\":\"Contacte - CIEACOVA\",\"isPartOf\":{\"@id\":\"https:\\\/\\\/cieacova.com\\\/#website\"},\"datePublished\":\"2016-12-07T08:25:54+00:00\",\"dateModified\":\"2026-01-26T11:21:03+00:00\",\"breadcrumb\":{\"@id\":\"https:\\\/\\\/cieacova.com\\\/?page_id=1241#breadcrumb\"},\"inLanguage\":\"ca\",\"potentialAction\":[{\"@type\":\"ReadAction\",\"target\":[\"https:\\\/\\\/cieacova.com\\\/?page_id=1241\"]}]},{\"@type\":\"BreadcrumbList\",\"@id\":\"https:\\\/\\\/cieacova.com\\\/?page_id=1241#breadcrumb\",\"itemListElement\":[{\"@type\":\"ListItem\",\"position\":1,\"name\":\"Inici\",\"item\":\"https:\\\/\\\/cieacova.com\\\/\"},{\"@type\":\"ListItem\",\"position\":2,\"name\":\"Contacte\"}]},{\"@type\":\"WebSite\",\"@id\":\"https:\\\/\\\/cieacova.com\\\/#website\",\"url\":\"https:\\\/\\\/cieacova.com\\\/\",\"name\":\"CIEACOVA\",\"description\":\"P\u00e0gina del CIEACOVA\",\"potentialAction\":[{\"@type\":\"SearchAction\",\"target\":{\"@type\":\"EntryPoint\",\"urlTemplate\":\"https:\\\/\\\/cieacova.com\\\/?s={search_term_string}\"},\"query-input\":{\"@type\":\"PropertyValueSpecification\",\"valueRequired\":true,\"valueName\":\"search_term_string\"}}],\"inLanguage\":\"ca\"}]}<\/script>\n<!-- \/ Yoast SEO plugin. -->","yoast_head_json":{"title":"Contacte - CIEACOVA","robots":{"index":"index","follow":"follow","max-snippet":"max-snippet:-1","max-image-preview":"max-image-preview:large","max-video-preview":"max-video-preview:-1"},"canonical":"https:\/\/cieacova.com\/?page_id=1241","og_locale":"ca_ES","og_type":"article","og_title":"Contacte - CIEACOVA","og_description":"Aquest formulari serveix per a sol\u00b7licitar aclariments o informaci\u00f3 que no es localitza en aquesta web. Us demanem que llegiu els par\u00e0grafs seg\u00fcents abans d&#8217;enviar-ne cap. La CIEACOVA organitza exclusivament proves per a l&#8217;acreditaci\u00f3 de coneixements de valenci\u00e0 i no gestiona procediments d&#8217;homologaci\u00f3 de t\u00edtols. En els logos de la part inferior de l&#8217;apartat\u00a0Presentaci\u00f3 d&#8217;aquesta&hellip;","og_url":"https:\/\/cieacova.com\/?page_id=1241","og_site_name":"CIEACOVA","article_modified_time":"2026-01-26T11:21:03+00:00","twitter_card":"summary_large_image","twitter_misc":{"Temps estimat de lectura":"2 minuts"},"schema":{"@context":"https:\/\/schema.org","@graph":[{"@type":"WebPage","@id":"https:\/\/cieacova.com\/?page_id=1241","url":"https:\/\/cieacova.com\/?page_id=1241","name":"Contacte - CIEACOVA","isPartOf":{"@id":"https:\/\/cieacova.com\/#website"},"datePublished":"2016-12-07T08:25:54+00:00","dateModified":"2026-01-26T11:21:03+00:00","breadcrumb":{"@id":"https:\/\/cieacova.com\/?page_id=1241#breadcrumb"},"inLanguage":"ca","potentialAction":[{"@type":"ReadAction","target":["https:\/\/cieacova.com\/?page_id=1241"]}]},{"@type":"BreadcrumbList","@id":"https:\/\/cieacova.com\/?page_id=1241#breadcrumb","itemListElement":[{"@type":"ListItem","position":1,"name":"Inici","item":"https:\/\/cieacova.com\/"},{"@type":"ListItem","position":2,"name":"Contacte"}]},{"@type":"WebSite","@id":"https:\/\/cieacova.com\/#website","url":"https:\/\/cieacova.com\/","name":"CIEACOVA","description":"P\u00e0gina del CIEACOVA","potentialAction":[{"@type":"SearchAction","target":{"@type":"EntryPoint","urlTemplate":"https:\/\/cieacova.com\/?s={search_term_string}"},"query-input":{"@type":"PropertyValueSpecification","valueRequired":true,"valueName":"search_term_string"}}],"inLanguage":"ca"}]}},"_links":{"self":[{"href":"https:\/\/cieacova.com\/index.php?rest_route=\/wp\/v2\/pages\/1241","targetHints":{"allow":["GET"]}}],"collection":[{"href":"https:\/\/cieacova.com\/index.php?rest_route=\/wp\/v2\/pages"}],"about":[{"href":"https:\/\/cieacova.com\/index.php?rest_route=\/wp\/v2\/types\/page"}],"author":[{"embeddable":true,"href":"https:\/\/cieacova.com\/index.php?rest_route=\/wp\/v2\/users\/33142"}],"replies":[{"embeddable":true,"href":"https:\/\/cieacova.com\/index.php?rest_route=%2Fwp%2Fv2%2Fcomments&post=1241"}],"version-history":[{"count":14,"href":"https:\/\/cieacova.com\/index.php?rest_route=\/wp\/v2\/pages\/1241\/revisions"}],"predecessor-version":[{"id":5774,"href":"https:\/\/cieacova.com\/index.php?rest_route=\/wp\/v2\/pages\/1241\/revisions\/5774"}],"wp:attachment":[{"href":"https:\/\/cieacova.com\/index.php?rest_route=%2Fwp%2Fv2%2Fmedia&parent=1241"}],"curies":[{"name":"wp","href":"https:\/\/api.w.org\/{rel}","templated":true}]}}