{"id":1422,"date":"2017-02-13T09:34:58","date_gmt":"2017-02-13T08:34:58","guid":{"rendered":"http:\/\/cieacova.com\/?page_id=1422"},"modified":"2022-05-25T10:52:46","modified_gmt":"2022-05-25T09:52:46","slug":"dubtes-frequents","status":"publish","type":"page","link":"https:\/\/cieacova.com\/?page_id=1422","title":{"rendered":"Dubtes freq\u00fcents"},"content":{"rendered":"<p>Ac\u00ed pots consultar el document de <a href=\"https:\/\/cieacova.webs.upv.es\/wp-content\/uploads\/2022\/05\/DUBTES-FREQ-FAQ-maig22-v2.pdf\">dubtes freq\u00fcents<\/a>.<\/p>\n\n\n<p><\/p>\n","protected":false},"excerpt":{"rendered":"<p>Ac\u00ed pots consultar el document de dubtes freq\u00fcents.<\/p>\n","protected":false},"author":33142,"featured_media":0,"parent":0,"menu_order":0,"comment_status":"closed","ping_status":"closed","template":"","meta":{"footnotes":""},"class_list":["post-1422","page","type-page","status-publish","hentry"],"yoast_head":"<!-- This site is optimized with the Yoast SEO plugin v27.5 - https:\/\/yoast.com\/product\/yoast-seo-wordpress\/ -->\n<title>Dubtes freq\u00fcents - CIEACOVA<\/title>\n<meta name=\"robots\" content=\"index, follow, max-snippet:-1, max-image-preview:large, max-video-preview:-1\" \/>\n<link rel=\"canonical\" href=\"https:\/\/cieacova.com\/?page_id=1422\" \/>\n<meta property=\"og:locale\" content=\"ca_ES\" \/>\n<meta property=\"og:type\" content=\"article\" \/>\n<meta property=\"og:title\" content=\"Dubtes freq\u00fcents - CIEACOVA\" \/>\n<meta property=\"og:description\" content=\"Ac\u00ed pots consultar el document de dubtes freq\u00fcents.\" \/>\n<meta property=\"og:url\" content=\"https:\/\/cieacova.com\/?page_id=1422\" \/>\n<meta property=\"og:site_name\" content=\"CIEACOVA\" \/>\n<meta property=\"article:modified_time\" content=\"2022-05-25T09:52:46+00:00\" \/>\n<meta name=\"twitter:card\" content=\"summary_large_image\" \/>\n<script type=\"application\/ld+json\" class=\"yoast-schema-graph\">{\"@context\":\"https:\\\/\\\/schema.org\",\"@graph\":[{\"@type\":\"WebPage\",\"@id\":\"https:\\\/\\\/cieacova.com\\\/?page_id=1422\",\"url\":\"https:\\\/\\\/cieacova.com\\\/?page_id=1422\",\"name\":\"Dubtes freq\u00fcents - CIEACOVA\",\"isPartOf\":{\"@id\":\"https:\\\/\\\/cieacova.com\\\/#website\"},\"datePublished\":\"2017-02-13T08:34:58+00:00\",\"dateModified\":\"2022-05-25T09:52:46+00:00\",\"breadcrumb\":{\"@id\":\"https:\\\/\\\/cieacova.com\\\/?page_id=1422#breadcrumb\"},\"inLanguage\":\"ca\",\"potentialAction\":[{\"@type\":\"ReadAction\",\"target\":[\"https:\\\/\\\/cieacova.com\\\/?page_id=1422\"]}]},{\"@type\":\"BreadcrumbList\",\"@id\":\"https:\\\/\\\/cieacova.com\\\/?page_id=1422#breadcrumb\",\"itemListElement\":[{\"@type\":\"ListItem\",\"position\":1,\"name\":\"Inici\",\"item\":\"https:\\\/\\\/cieacova.com\\\/\"},{\"@type\":\"ListItem\",\"position\":2,\"name\":\"Dubtes freq\u00fcents\"}]},{\"@type\":\"WebSite\",\"@id\":\"https:\\\/\\\/cieacova.com\\\/#website\",\"url\":\"https:\\\/\\\/cieacova.com\\\/\",\"name\":\"CIEACOVA\",\"description\":\"P\u00e0gina del CIEACOVA\",\"potentialAction\":[{\"@type\":\"SearchAction\",\"target\":{\"@type\":\"EntryPoint\",\"urlTemplate\":\"https:\\\/\\\/cieacova.com\\\/?s={search_term_string}\"},\"query-input\":{\"@type\":\"PropertyValueSpecification\",\"valueRequired\":true,\"valueName\":\"search_term_string\"}}],\"inLanguage\":\"ca\"}]}<\/script>\n<!-- \/ Yoast SEO plugin. -->","yoast_head_json":{"title":"Dubtes freq\u00fcents - CIEACOVA","robots":{"index":"index","follow":"follow","max-snippet":"max-snippet:-1","max-image-preview":"max-image-preview:large","max-video-preview":"max-video-preview:-1"},"canonical":"https:\/\/cieacova.com\/?page_id=1422","og_locale":"ca_ES","og_type":"article","og_title":"Dubtes freq\u00fcents - CIEACOVA","og_description":"Ac\u00ed pots consultar el document de dubtes freq\u00fcents.","og_url":"https:\/\/cieacova.com\/?page_id=1422","og_site_name":"CIEACOVA","article_modified_time":"2022-05-25T09:52:46+00:00","twitter_card":"summary_large_image","schema":{"@context":"https:\/\/schema.org","@graph":[{"@type":"WebPage","@id":"https:\/\/cieacova.com\/?page_id=1422","url":"https:\/\/cieacova.com\/?page_id=1422","name":"Dubtes freq\u00fcents - CIEACOVA","isPartOf":{"@id":"https:\/\/cieacova.com\/#website"},"datePublished":"2017-02-13T08:34:58+00:00","dateModified":"2022-05-25T09:52:46+00:00","breadcrumb":{"@id":"https:\/\/cieacova.com\/?page_id=1422#breadcrumb"},"inLanguage":"ca","potentialAction":[{"@type":"ReadAction","target":["https:\/\/cieacova.com\/?page_id=1422"]}]},{"@type":"BreadcrumbList","@id":"https:\/\/cieacova.com\/?page_id=1422#breadcrumb","itemListElement":[{"@type":"ListItem","position":1,"name":"Inici","item":"https:\/\/cieacova.com\/"},{"@type":"ListItem","position":2,"name":"Dubtes freq\u00fcents"}]},{"@type":"WebSite","@id":"https:\/\/cieacova.com\/#website","url":"https:\/\/cieacova.com\/","name":"CIEACOVA","description":"P\u00e0gina del CIEACOVA","potentialAction":[{"@type":"SearchAction","target":{"@type":"EntryPoint","urlTemplate":"https:\/\/cieacova.com\/?s={search_term_string}"},"query-input":{"@type":"PropertyValueSpecification","valueRequired":true,"valueName":"search_term_string"}}],"inLanguage":"ca"}]}},"_links":{"self":[{"href":"https:\/\/cieacova.com\/index.php?rest_route=\/wp\/v2\/pages\/1422","targetHints":{"allow":["GET"]}}],"collection":[{"href":"https:\/\/cieacova.com\/index.php?rest_route=\/wp\/v2\/pages"}],"about":[{"href":"https:\/\/cieacova.com\/index.php?rest_route=\/wp\/v2\/types\/page"}],"author":[{"embeddable":true,"href":"https:\/\/cieacova.com\/index.php?rest_route=\/wp\/v2\/users\/33142"}],"replies":[{"embeddable":true,"href":"https:\/\/cieacova.com\/index.php?rest_route=%2Fwp%2Fv2%2Fcomments&post=1422"}],"version-history":[{"count":2,"href":"https:\/\/cieacova.com\/index.php?rest_route=\/wp\/v2\/pages\/1422\/revisions"}],"predecessor-version":[{"id":4885,"href":"https:\/\/cieacova.com\/index.php?rest_route=\/wp\/v2\/pages\/1422\/revisions\/4885"}],"wp:attachment":[{"href":"https:\/\/cieacova.com\/index.php?rest_route=%2Fwp%2Fv2%2Fmedia&parent=1422"}],"curies":[{"name":"wp","href":"https:\/\/api.w.org\/{rel}","templated":true}]}}