{"id":1693,"date":"2017-10-02T13:03:51","date_gmt":"2017-10-02T12:03:51","guid":{"rendered":"http:\/\/cieacova.com\/?page_id=1693"},"modified":"2017-11-23T10:04:52","modified_gmt":"2017-11-23T09:04:52","slug":"proves-de-juny-de-2017","status":"publish","type":"page","link":"https:\/\/cieacova.com\/?page_id=1693","title":{"rendered":"Proves de juny de 2017"},"content":{"rendered":"<table style=\"height: 475px\" width=\"819\">\n<tbody>\n<tr>\n<td><\/td>\n<td style=\"text-align: center\">PROVES<\/td>\n<td style=\"text-align: center\">SOLUCIONARIS<\/td>\n<td>\n<p style=\"text-align: center\">\u00c0UDIOS<\/p>\n<\/td>\n<td>\n<p style=\"text-align: center\">TEXTOS D&#8217;EXPRESSI\u00d3<br \/>\nORAL I MEDIACI\u00d3<\/p>\n<\/td>\n<\/tr>\n<tr>\n<td>A2 (B\u00e0sic)<\/td>\n<td style=\"text-align: center\"><a href=\"https:\/\/cieacova.webs.upv.es\/wp-content\/uploads\/2017\/09\/A2_juny_2017.pdf\">A2_JUNY17<\/a><\/td>\n<td style=\"text-align: center\"><a href=\"https:\/\/cieacova.webs.upv.es\/wp-content\/uploads\/2017\/09\/A2_solucionari_juny_2017.pdf\">A2_JUNY17_solucionari<\/a><\/td>\n<td style=\"width: 50%\"><audio class=\"wp-audio-shortcode\" id=\"audio-1693-1\" preload=\"none\" style=\"width: 100%;\" controls=\"controls\"><source type=\"audio\/mpeg\" src=\"https:\/\/cieacova.webs.upv.es\/wp-content\/uploads\/2017\/09\/A2_audio_juny_2017.mp3?_=1\" \/><a href=\"https:\/\/cieacova.webs.upv.es\/wp-content\/uploads\/2017\/09\/A2_audio_juny_2017.mp3\">https:\/\/cieacova.webs.upv.es\/wp-content\/uploads\/2017\/09\/A2_audio_juny_2017.mp3<\/a><\/audio><\/td>\n<td><\/td>\n<\/tr>\n<tr>\n<td>B1 (Elemental)<\/td>\n<td style=\"text-align: center\"><a href=\"https:\/\/cieacova.webs.upv.es\/wp-content\/uploads\/2017\/09\/B1_juny_2017.pdf\">B1_JUNY17<\/a><\/td>\n<td style=\"text-align: center\"><a href=\"https:\/\/cieacova.webs.upv.es\/wp-content\/uploads\/2017\/11\/B1_QR_JUNY17_solucionari.pdf\">B1_JUNY17_solucionari<\/a><\/td>\n<td><audio class=\"wp-audio-shortcode\" id=\"audio-1693-2\" preload=\"none\" style=\"width: 100%;\" controls=\"controls\"><source type=\"audio\/mpeg\" src=\"https:\/\/cieacova.webs.upv.es\/wp-content\/uploads\/2017\/09\/B1_audio_juny_2017.mp3?_=2\" \/><a href=\"https:\/\/cieacova.webs.upv.es\/wp-content\/uploads\/2017\/09\/B1_audio_juny_2017.mp3\">https:\/\/cieacova.webs.upv.es\/wp-content\/uploads\/2017\/09\/B1_audio_juny_2017.mp3<\/a><\/audio><\/td>\n<td style=\"text-align: center;width: 30%\"><a href=\"https:\/\/cieacova.webs.upv.es\/wp-content\/uploads\/2017\/09\/B1_text1_expressio_oral_juny_2017.pdf\">Text 1<\/a>\u00a0\u00a0<a href=\"https:\/\/cieacova.webs.upv.es\/wp-content\/uploads\/2017\/09\/B1_text2_expressio_oral_juny_2017.pdf\">Text 2<\/a><\/td>\n<\/tr>\n<tr>\n<td>B2 (Intermedi)<\/td>\n<td style=\"text-align: center\"><a href=\"https:\/\/cieacova.webs.upv.es\/wp-content\/uploads\/2017\/09\/B2_juny_2017.pdf\">B2_JUNY17<\/a><\/td>\n<td style=\"text-align: center\"><a href=\"https:\/\/cieacova.webs.upv.es\/wp-content\/uploads\/2017\/09\/B2_solucionari_juny_2017.pdf\">B2_JUNY17_solucionari<\/a><\/td>\n<td><audio class=\"wp-audio-shortcode\" id=\"audio-1693-3\" preload=\"none\" style=\"width: 100%;\" controls=\"controls\"><source type=\"audio\/mpeg\" src=\"https:\/\/cieacova.webs.upv.es\/wp-content\/uploads\/2017\/09\/B2_audio_juny_2017.mp3?_=3\" \/><a href=\"https:\/\/cieacova.webs.upv.es\/wp-content\/uploads\/2017\/09\/B2_audio_juny_2017.mp3\">https:\/\/cieacova.webs.upv.es\/wp-content\/uploads\/2017\/09\/B2_audio_juny_2017.mp3<\/a><\/audio><\/td>\n<td style=\"text-align: center;width: 30%\"><a href=\"https:\/\/cieacova.webs.upv.es\/wp-content\/uploads\/2017\/09\/B2_text1_expressio_oral_juny_2017.pdf\">Text 1<\/a>\u00a0\u00a0<a href=\"https:\/\/cieacova.webs.upv.es\/wp-content\/uploads\/2017\/09\/B2_text2_expressio_oral_juny_2017.pdf\">Text 2<\/a><\/td>\n<\/tr>\n<tr>\n<td>C1 (Sufici\u00e8ncia)<\/td>\n<td style=\"text-align: center\"><a href=\"https:\/\/cieacova.webs.upv.es\/wp-content\/uploads\/2017\/09\/C1_juny_2017.pdf\">C1_JUNY17<\/a><\/td>\n<td style=\"text-align: center\"><a href=\"https:\/\/cieacova.webs.upv.es\/wp-content\/uploads\/2017\/09\/C1_solucionari_juny_2017.pdf\">C1_JUNY17_solucionari<\/a><\/td>\n<td><audio class=\"wp-audio-shortcode\" id=\"audio-1693-4\" preload=\"none\" style=\"width: 100%;\" controls=\"controls\"><source type=\"audio\/mpeg\" src=\"https:\/\/cieacova.webs.upv.es\/wp-content\/uploads\/2017\/09\/C1_audio_juny_2017.mp3?_=4\" \/><a href=\"https:\/\/cieacova.webs.upv.es\/wp-content\/uploads\/2017\/09\/C1_audio_juny_2017.mp3\">https:\/\/cieacova.webs.upv.es\/wp-content\/uploads\/2017\/09\/C1_audio_juny_2017.mp3<\/a><\/audio><\/td>\n<td style=\"text-align: center;width: 30%\"><a href=\"https:\/\/cieacova.webs.upv.es\/wp-content\/uploads\/2017\/09\/C1_text1_expressio_oral_juny_2017.pdf\">Text 1<\/a>\u00a0\u00a0<a href=\"https:\/\/cieacova.webs.upv.es\/wp-content\/uploads\/2017\/09\/C1_text2_expressio_oral_juny_2017.pdf\">Text 2<\/a><\/td>\n<\/tr>\n<tr>\n<td>C2 (Superior)<\/td>\n<td style=\"text-align: center\"><a href=\"https:\/\/cieacova.webs.upv.es\/wp-content\/uploads\/2017\/09\/C2_juny_2017.pdf\">C2_JUNY17<\/a><\/td>\n<td style=\"text-align: center\"><a href=\"https:\/\/cieacova.webs.upv.es\/wp-content\/uploads\/2017\/09\/C2_solucionari_juny_2017.pdf\">C2_JUNY17_solucionari<\/a><\/td>\n<td><audio class=\"wp-audio-shortcode\" id=\"audio-1693-5\" preload=\"none\" style=\"width: 100%;\" controls=\"controls\"><source type=\"audio\/mpeg\" src=\"https:\/\/cieacova.webs.upv.es\/wp-content\/uploads\/2017\/09\/C2_audio_juny_2017.mp3?_=5\" \/><a href=\"https:\/\/cieacova.webs.upv.es\/wp-content\/uploads\/2017\/09\/C2_audio_juny_2017.mp3\">https:\/\/cieacova.webs.upv.es\/wp-content\/uploads\/2017\/09\/C2_audio_juny_2017.mp3<\/a><\/audio><\/td>\n<td style=\"text-align: center;width: 30%\"><a href=\"https:\/\/cieacova.webs.upv.es\/wp-content\/uploads\/2017\/09\/C2_text1_expressio_oral_juny_2017.pdf\">Text 1<\/a>\u00a0\u00a0<a href=\"https:\/\/cieacova.webs.upv.es\/wp-content\/uploads\/2017\/09\/C2_text2_expressio_oral_juny_2017.pdf\">Text 2<\/a><\/p>\n<p><a href=\"https:\/\/cieacova.webs.upv.es\/wp-content\/uploads\/2017\/09\/C2_mediacio1_juny_2017.pdf\">Mediaci\u00f3 1<\/a>   <a href=\"https:\/\/cieacova.webs.upv.es\/wp-content\/uploads\/2017\/09\/C2_mediacio2_juny_2017.pdf\">Mediaci\u00f3 2<\/a><\/td>\n<\/tr>\n<\/tbody>\n<\/table>\n<p>Per poder escoltar l&#8217;\u00e0udio dins del pdf, cal descarregar-lo i obrir-lo fora del navegador web.<\/p>\n","protected":false},"excerpt":{"rendered":"<p>PROVES SOLUCIONARIS \u00c0UDIOS TEXTOS D&#8217;EXPRESSI\u00d3 ORAL I MEDIACI\u00d3 A2 (B\u00e0sic) A2_JUNY17 A2_JUNY17_solucionari B1 (Elemental) B1_JUNY17 B1_JUNY17_solucionari Text 1\u00a0\u00a0Text 2 B2 (Intermedi) B2_JUNY17 B2_JUNY17_solucionari Text 1\u00a0\u00a0Text 2 C1 (Sufici\u00e8ncia) C1_JUNY17 C1_JUNY17_solucionari Text 1\u00a0\u00a0Text 2 C2 (Superior) C2_JUNY17 C2_JUNY17_solucionari Text 1\u00a0\u00a0Text 2 Mediaci\u00f3 1 Mediaci\u00f3 2 Per poder escoltar l&#8217;\u00e0udio dins del pdf, cal descarregar-lo i obrir-lo&hellip;<\/p>\n","protected":false},"author":9622,"featured_media":0,"parent":0,"menu_order":0,"comment_status":"closed","ping_status":"closed","template":"","meta":{"footnotes":""},"class_list":["post-1693","page","type-page","status-publish","hentry"],"yoast_head":"<!-- This site is optimized with the Yoast SEO plugin v27.5 - https:\/\/yoast.com\/product\/yoast-seo-wordpress\/ -->\n<title>Proves de juny de 2017 - CIEACOVA<\/title>\n<meta name=\"robots\" content=\"index, follow, max-snippet:-1, max-image-preview:large, max-video-preview:-1\" \/>\n<link rel=\"canonical\" href=\"https:\/\/cieacova.com\/?page_id=1693\" \/>\n<meta property=\"og:locale\" content=\"ca_ES\" \/>\n<meta property=\"og:type\" content=\"article\" \/>\n<meta property=\"og:title\" content=\"Proves de juny de 2017 - CIEACOVA\" \/>\n<meta property=\"og:description\" content=\"PROVES SOLUCIONARIS \u00c0UDIOS TEXTOS D&#8217;EXPRESSI\u00d3 ORAL I MEDIACI\u00d3 A2 (B\u00e0sic) A2_JUNY17 A2_JUNY17_solucionari B1 (Elemental) B1_JUNY17 B1_JUNY17_solucionari Text 1\u00a0\u00a0Text 2 B2 (Intermedi) B2_JUNY17 B2_JUNY17_solucionari Text 1\u00a0\u00a0Text 2 C1 (Sufici\u00e8ncia) C1_JUNY17 C1_JUNY17_solucionari Text 1\u00a0\u00a0Text 2 C2 (Superior) C2_JUNY17 C2_JUNY17_solucionari Text 1\u00a0\u00a0Text 2 Mediaci\u00f3 1 Mediaci\u00f3 2 Per poder escoltar l&#8217;\u00e0udio dins del pdf, cal descarregar-lo i obrir-lo&hellip;\" \/>\n<meta property=\"og:url\" content=\"https:\/\/cieacova.com\/?page_id=1693\" \/>\n<meta property=\"og:site_name\" content=\"CIEACOVA\" \/>\n<meta property=\"article:modified_time\" content=\"2017-11-23T09:04:52+00:00\" \/>\n<meta name=\"twitter:card\" content=\"summary_large_image\" \/>\n<meta name=\"twitter:label1\" content=\"Temps estimat de lectura\" \/>\n\t<meta name=\"twitter:data1\" content=\"1 minut\" \/>\n<script type=\"application\/ld+json\" class=\"yoast-schema-graph\">{\"@context\":\"https:\\\/\\\/schema.org\",\"@graph\":[{\"@type\":\"WebPage\",\"@id\":\"https:\\\/\\\/cieacova.com\\\/?page_id=1693\",\"url\":\"https:\\\/\\\/cieacova.com\\\/?page_id=1693\",\"name\":\"Proves de juny de 2017 - CIEACOVA\",\"isPartOf\":{\"@id\":\"https:\\\/\\\/cieacova.com\\\/#website\"},\"datePublished\":\"2017-10-02T12:03:51+00:00\",\"dateModified\":\"2017-11-23T09:04:52+00:00\",\"breadcrumb\":{\"@id\":\"https:\\\/\\\/cieacova.com\\\/?page_id=1693#breadcrumb\"},\"inLanguage\":\"ca\",\"potentialAction\":[{\"@type\":\"ReadAction\",\"target\":[\"https:\\\/\\\/cieacova.com\\\/?page_id=1693\"]}]},{\"@type\":\"BreadcrumbList\",\"@id\":\"https:\\\/\\\/cieacova.com\\\/?page_id=1693#breadcrumb\",\"itemListElement\":[{\"@type\":\"ListItem\",\"position\":1,\"name\":\"Inici\",\"item\":\"https:\\\/\\\/cieacova.com\\\/\"},{\"@type\":\"ListItem\",\"position\":2,\"name\":\"Proves de juny de 2017\"}]},{\"@type\":\"WebSite\",\"@id\":\"https:\\\/\\\/cieacova.com\\\/#website\",\"url\":\"https:\\\/\\\/cieacova.com\\\/\",\"name\":\"CIEACOVA\",\"description\":\"P\u00e0gina del CIEACOVA\",\"potentialAction\":[{\"@type\":\"SearchAction\",\"target\":{\"@type\":\"EntryPoint\",\"urlTemplate\":\"https:\\\/\\\/cieacova.com\\\/?s={search_term_string}\"},\"query-input\":{\"@type\":\"PropertyValueSpecification\",\"valueRequired\":true,\"valueName\":\"search_term_string\"}}],\"inLanguage\":\"ca\"}]}<\/script>\n<!-- \/ Yoast SEO plugin. -->","yoast_head_json":{"title":"Proves de juny de 2017 - CIEACOVA","robots":{"index":"index","follow":"follow","max-snippet":"max-snippet:-1","max-image-preview":"max-image-preview:large","max-video-preview":"max-video-preview:-1"},"canonical":"https:\/\/cieacova.com\/?page_id=1693","og_locale":"ca_ES","og_type":"article","og_title":"Proves de juny de 2017 - CIEACOVA","og_description":"PROVES SOLUCIONARIS \u00c0UDIOS TEXTOS D&#8217;EXPRESSI\u00d3 ORAL I MEDIACI\u00d3 A2 (B\u00e0sic) A2_JUNY17 A2_JUNY17_solucionari B1 (Elemental) B1_JUNY17 B1_JUNY17_solucionari Text 1\u00a0\u00a0Text 2 B2 (Intermedi) B2_JUNY17 B2_JUNY17_solucionari Text 1\u00a0\u00a0Text 2 C1 (Sufici\u00e8ncia) C1_JUNY17 C1_JUNY17_solucionari Text 1\u00a0\u00a0Text 2 C2 (Superior) C2_JUNY17 C2_JUNY17_solucionari Text 1\u00a0\u00a0Text 2 Mediaci\u00f3 1 Mediaci\u00f3 2 Per poder escoltar l&#8217;\u00e0udio dins del pdf, cal descarregar-lo i obrir-lo&hellip;","og_url":"https:\/\/cieacova.com\/?page_id=1693","og_site_name":"CIEACOVA","article_modified_time":"2017-11-23T09:04:52+00:00","twitter_card":"summary_large_image","twitter_misc":{"Temps estimat de lectura":"1 minut"},"schema":{"@context":"https:\/\/schema.org","@graph":[{"@type":"WebPage","@id":"https:\/\/cieacova.com\/?page_id=1693","url":"https:\/\/cieacova.com\/?page_id=1693","name":"Proves de juny de 2017 - CIEACOVA","isPartOf":{"@id":"https:\/\/cieacova.com\/#website"},"datePublished":"2017-10-02T12:03:51+00:00","dateModified":"2017-11-23T09:04:52+00:00","breadcrumb":{"@id":"https:\/\/cieacova.com\/?page_id=1693#breadcrumb"},"inLanguage":"ca","potentialAction":[{"@type":"ReadAction","target":["https:\/\/cieacova.com\/?page_id=1693"]}]},{"@type":"BreadcrumbList","@id":"https:\/\/cieacova.com\/?page_id=1693#breadcrumb","itemListElement":[{"@type":"ListItem","position":1,"name":"Inici","item":"https:\/\/cieacova.com\/"},{"@type":"ListItem","position":2,"name":"Proves de juny de 2017"}]},{"@type":"WebSite","@id":"https:\/\/cieacova.com\/#website","url":"https:\/\/cieacova.com\/","name":"CIEACOVA","description":"P\u00e0gina del CIEACOVA","potentialAction":[{"@type":"SearchAction","target":{"@type":"EntryPoint","urlTemplate":"https:\/\/cieacova.com\/?s={search_term_string}"},"query-input":{"@type":"PropertyValueSpecification","valueRequired":true,"valueName":"search_term_string"}}],"inLanguage":"ca"}]}},"_links":{"self":[{"href":"https:\/\/cieacova.com\/index.php?rest_route=\/wp\/v2\/pages\/1693","targetHints":{"allow":["GET"]}}],"collection":[{"href":"https:\/\/cieacova.com\/index.php?rest_route=\/wp\/v2\/pages"}],"about":[{"href":"https:\/\/cieacova.com\/index.php?rest_route=\/wp\/v2\/types\/page"}],"author":[{"embeddable":true,"href":"https:\/\/cieacova.com\/index.php?rest_route=\/wp\/v2\/users\/9622"}],"replies":[{"embeddable":true,"href":"https:\/\/cieacova.com\/index.php?rest_route=%2Fwp%2Fv2%2Fcomments&post=1693"}],"version-history":[{"count":0,"href":"https:\/\/cieacova.com\/index.php?rest_route=\/wp\/v2\/pages\/1693\/revisions"}],"wp:attachment":[{"href":"https:\/\/cieacova.com\/index.php?rest_route=%2Fwp%2Fv2%2Fmedia&parent=1693"}],"curies":[{"name":"wp","href":"https:\/\/api.w.org\/{rel}","templated":true}]}}