{"id":3521,"date":"2019-11-05T12:47:08","date_gmt":"2019-11-05T11:47:08","guid":{"rendered":"https:\/\/cieacova.com\/?page_id=3521"},"modified":"2022-07-18T09:02:33","modified_gmt":"2022-07-18T08:02:33","slug":"proves-juny-2019","status":"publish","type":"page","link":"https:\/\/cieacova.com\/?page_id=3521","title":{"rendered":"Proves juny 2019"},"content":{"rendered":"<table style=\"height: 645px\" width=\"857\">\n<tbody>\n<tr>\n<td><\/td>\n<td style=\"text-align: center\">PROVES<\/td>\n<td style=\"text-align: center\">QUADERN DE RESPOSTES<\/td>\n<td style=\"text-align: center\">SOLUCIONARIS<\/td>\n<td>\n<p style=\"text-align: center\">\u00c0UDIOS<\/p>\n<\/td>\n<td>\n<p style=\"text-align: center\">TEXTOS D&#8217;EXPRESSI\u00d3<br \/>\nORAL I MEDIACI\u00d3<\/p>\n<\/td>\n<\/tr>\n<tr>\n<td>A2 (B\u00e0sic)<\/td>\n<td style=\"text-align: center\"><a href=\"https:\/\/cieacova.webs.upv.es\/wp-content\/uploads\/2019\/11\/A2_QE_JUNY19.pdf\">A2_JUNY19<\/a><\/td>\n<td style=\"text-align: center\"><a href=\"https:\/\/cieacova.webs.upv.es\/wp-content\/uploads\/2019\/11\/A2_QR_JUNY19.pdf\">A2_quadern de respostes_juny_19<\/a><\/td>\n<td style=\"text-align: center\"><a href=\"https:\/\/cieacova.webs.upv.es\/wp-content\/uploads\/2019\/11\/A2_SOLUCIONARI_MAIG_JUNY_2019.pdf\">A2_solucionari_juny_19<\/a><\/td>\n<td style=\"width: 50%\"><audio class=\"wp-audio-shortcode\" id=\"audio-3521-1\" preload=\"none\" style=\"width: 100%;\" controls=\"controls\"><source type=\"audio\/mpeg\" src=\"https:\/\/cieacova.webs.upv.es\/wp-content\/uploads\/2019\/11\/A2maig2019v2-1.mp3?_=1\" \/><a href=\"https:\/\/cieacova.webs.upv.es\/wp-content\/uploads\/2019\/11\/A2maig2019v2-1.mp3\">https:\/\/cieacova.webs.upv.es\/wp-content\/uploads\/2019\/11\/A2maig2019v2-1.mp3<\/a><\/audio><\/td>\n<td><\/td>\n<\/tr>\n<tr>\n<td>B1 (Elemental)<\/td>\n<td style=\"text-align: center\"><a href=\"https:\/\/cieacova.webs.upv.es\/wp-content\/uploads\/2019\/11\/B1_QE_JUNY19.pdf\">B1_JUNY19<\/a><\/td>\n<td style=\"text-align: center\"><a href=\"https:\/\/cieacova.webs.upv.es\/wp-content\/uploads\/2019\/11\/B1_QR_JUNY19.pdf\">B1_quadern de respostes_juny_19<\/a><\/td>\n<td style=\"text-align: center\"><a href=\"https:\/\/cieacova.webs.upv.es\/wp-content\/uploads\/2019\/11\/B1_SOLUCIONARI_Juny2019.pdf\">B1_solucionari_juny_19<\/a><\/td>\n<td><audio class=\"wp-audio-shortcode\" id=\"audio-3521-2\" preload=\"none\" style=\"width: 100%;\" controls=\"controls\"><source type=\"audio\/mpeg\" src=\"https:\/\/cieacova.webs.upv.es\/wp-content\/uploads\/2019\/11\/B1maig2019v3.mp3?_=2\" \/><a href=\"https:\/\/cieacova.webs.upv.es\/wp-content\/uploads\/2019\/11\/B1maig2019v3.mp3\">https:\/\/cieacova.webs.upv.es\/wp-content\/uploads\/2019\/11\/B1maig2019v3.mp3<\/a><\/audio><\/td>\n<td style=\"text-align: center;width: 30%\"><a href=\"https:\/\/cieacova.webs.upv.es\/wp-content\/uploads\/2019\/11\/B1_EO1_JUNY19.pdf\">Text 1<\/a> <a href=\"https:\/\/cieacova.webs.upv.es\/wp-content\/uploads\/2019\/11\/B1_EO2_JUNY19.pdf\">Text 2<\/a><\/p>\n<p><a href=\"https:\/\/cieacova.webs.upv.es\/wp-content\/uploads\/2019\/11\/B1_EO3_JUNY19.pdf\">Text 3<\/a><\/td>\n<\/tr>\n<tr>\n<td>B2 (Intermedi)<\/td>\n<td style=\"text-align: center\"><a href=\"https:\/\/cieacova.webs.upv.es\/wp-content\/uploads\/2019\/11\/B2_QE_JUNY19.pdf\">B2_JUNY19<\/a><\/td>\n<td style=\"text-align: center\"><a href=\"https:\/\/cieacova.webs.upv.es\/wp-content\/uploads\/2019\/11\/B2_QR_JUNY19.pdf\">B2_quadern de respostes_juny_19<\/a><\/td>\n<td style=\"text-align: center\"><a href=\"https:\/\/cieacova.webs.upv.es\/wp-content\/uploads\/2019\/11\/B2_QR_SOLUCIONARI_Juny_2019.pdf\">B2_solucionari_juny_2019<\/a><\/td>\n<td><audio class=\"wp-audio-shortcode\" id=\"audio-3521-3\" preload=\"none\" style=\"width: 100%;\" controls=\"controls\"><source type=\"audio\/mpeg\" src=\"https:\/\/cieacova.webs.upv.es\/wp-content\/uploads\/2019\/11\/B2maig2019.mp3?_=3\" \/><a href=\"https:\/\/cieacova.webs.upv.es\/wp-content\/uploads\/2019\/11\/B2maig2019.mp3\">https:\/\/cieacova.webs.upv.es\/wp-content\/uploads\/2019\/11\/B2maig2019.mp3<\/a><\/audio><\/td>\n<td style=\"text-align: center;width: 30%\"><a href=\"https:\/\/cieacova.webs.upv.es\/wp-content\/uploads\/2019\/11\/B2_EO1_JUNY19.pdf\">Text 1<\/a> <a href=\"https:\/\/cieacova.webs.upv.es\/wp-content\/uploads\/2019\/11\/B2_EO2_JUNY19.pdf\">Text 2<\/a> <a href=\"https:\/\/cieacova.webs.upv.es\/wp-content\/uploads\/2019\/11\/B2_EO3_JUNY19.pdf\">Text 3<\/a><\/td>\n<\/tr>\n<tr>\n<td>C1 (Sufici\u00e8ncia)<\/td>\n<td style=\"text-align: center\"><a href=\"https:\/\/cieacova.webs.upv.es\/wp-content\/uploads\/2019\/11\/C1_QE_JUNY19.pdf\">C1_JUNY19<\/a><\/td>\n<td style=\"text-align: center\"><a href=\"https:\/\/cieacova.webs.upv.es\/wp-content\/uploads\/2019\/11\/C1_QR_JUNY19.pdf\">C1_quadern de respostes_juny_19<\/a><\/td>\n<td style=\"text-align: center\"><a href=\"https:\/\/cieacova.webs.upv.es\/wp-content\/uploads\/2022\/07\/C1_SOLUCIONARI_MAIG_JUNY_2019.pdf\">C1_solucionari_juny_19<\/a><\/td>\n<td><audio class=\"wp-audio-shortcode\" id=\"audio-3521-4\" preload=\"none\" style=\"width: 100%;\" controls=\"controls\"><source type=\"audio\/mpeg\" src=\"https:\/\/cieacova.webs.upv.es\/wp-content\/uploads\/2019\/11\/C1maig2019.mp3?_=4\" \/><a href=\"https:\/\/cieacova.webs.upv.es\/wp-content\/uploads\/2019\/11\/C1maig2019.mp3\">https:\/\/cieacova.webs.upv.es\/wp-content\/uploads\/2019\/11\/C1maig2019.mp3<\/a><\/audio><\/td>\n<td style=\"text-align: center;width: 30%\"><a href=\"https:\/\/cieacova.webs.upv.es\/wp-content\/uploads\/2019\/11\/C1_EO1_JUNY19.pdf\">Text 1<\/a> <a href=\"https:\/\/cieacova.webs.upv.es\/wp-content\/uploads\/2019\/11\/C1_EO2_JUNY19.pdf\">Text 2<\/a><\/p>\n<p><a href=\"https:\/\/cieacova.webs.upv.es\/wp-content\/uploads\/2019\/11\/C1_EO3_JUNY19.pdf\">Text 3<\/a> <a href=\"https:\/\/cieacova.webs.upv.es\/wp-content\/uploads\/2019\/11\/C1_EO4_JUNY19.pdf\">Text 4<\/a><\/p>\n<p><a href=\"https:\/\/cieacova.webs.upv.es\/wp-content\/uploads\/2019\/11\/C1_EO5_JUNY19.pdf\">Text 5<\/a> <a href=\"https:\/\/cieacova.webs.upv.es\/wp-content\/uploads\/2019\/11\/C1_EO6_JUNY19.pdf\">Text 6<\/a><\/p>\n<p><a href=\"https:\/\/cieacova.webs.upv.es\/wp-content\/uploads\/2019\/11\/C1_EO7_JUNY19.pdf\">Text 7<\/a> <a href=\"https:\/\/cieacova.webs.upv.es\/wp-content\/uploads\/2019\/11\/C1_EO8_JUNY19.pdf\">Text 8<\/a><\/td>\n<\/tr>\n<tr>\n<td>C2 (Superior)<\/td>\n<td style=\"text-align: center\"><a href=\"https:\/\/cieacova.webs.upv.es\/wp-content\/uploads\/2019\/11\/C2_QE_JUNY19.pdf\">C2_JUNY19<\/a><\/td>\n<td style=\"text-align: center\"><a href=\"https:\/\/cieacova.webs.upv.es\/wp-content\/uploads\/2019\/11\/C2_QR_JUNY19.pdf\">C2_quadern de respostes_juny_19<\/a><\/td>\n<td style=\"text-align: center\"><a href=\"https:\/\/cieacova.webs.upv.es\/wp-content\/uploads\/2019\/11\/C2_SOLUCIONARI_MAIG_JUNY_2019.pdf\">C2_solucionari_juny_19<\/a><\/td>\n<td><audio class=\"wp-audio-shortcode\" id=\"audio-3521-5\" preload=\"none\" style=\"width: 100%;\" controls=\"controls\"><source type=\"audio\/mpeg\" src=\"https:\/\/cieacova.webs.upv.es\/wp-content\/uploads\/2019\/11\/C2maig2019.mp3?_=5\" \/><a href=\"https:\/\/cieacova.webs.upv.es\/wp-content\/uploads\/2019\/11\/C2maig2019.mp3\">https:\/\/cieacova.webs.upv.es\/wp-content\/uploads\/2019\/11\/C2maig2019.mp3<\/a><\/audio><\/td>\n<td style=\"text-align: center;width: 30%\"><a href=\"https:\/\/cieacova.webs.upv.es\/wp-content\/uploads\/2019\/11\/C2_EO1_JUNY19.pdf\">Text 1<\/a> <a href=\"https:\/\/cieacova.webs.upv.es\/wp-content\/uploads\/2019\/11\/C2_EO2_JUNY19.pdf\">Text 2<\/a><\/p>\n<p><a href=\"https:\/\/cieacova.webs.upv.es\/wp-content\/uploads\/2019\/11\/C2_EO3_JUNY19.pdf\">Text 3<\/a> <a href=\"https:\/\/cieacova.webs.upv.es\/wp-content\/uploads\/2019\/11\/C2_EO4_JUNY19.pdf\">Text 4<\/a><\/p>\n<p><a href=\"https:\/\/cieacova.webs.upv.es\/wp-content\/uploads\/2019\/11\/C2_MED1_JUNY19.pdf\">Mediaci\u00f3 1<\/a> <a href=\"https:\/\/cieacova.webs.upv.es\/wp-content\/uploads\/2019\/11\/C2_MED2_JUNY19.pdf\">Mediaci\u00f3 2<\/a><\/p>\n<p><a href=\"https:\/\/cieacova.webs.upv.es\/wp-content\/uploads\/2019\/11\/C2_MED3_JUNY19.pdf\">Mediaci\u00f3 3<\/a> <a href=\"https:\/\/cieacova.webs.upv.es\/wp-content\/uploads\/2019\/11\/C2_MED4_JUNY19.pdf\">Mediaci\u00f3 4<\/a><\/td>\n<\/tr>\n<\/tbody>\n<\/table>\n<p>Per poder escoltar l&#8217;\u00e0udio dins del pdf, cal descarregar-lo i obrir-lo fora del navegador web.<\/p>\n","protected":false},"excerpt":{"rendered":"<p>PROVES QUADERN DE RESPOSTES SOLUCIONARIS \u00c0UDIOS TEXTOS D&#8217;EXPRESSI\u00d3 ORAL I MEDIACI\u00d3 A2 (B\u00e0sic) A2_JUNY19 A2_quadern de respostes_juny_19 A2_solucionari_juny_19 B1 (Elemental) B1_JUNY19 B1_quadern de respostes_juny_19 B1_solucionari_juny_19 Text 1 Text 2 Text 3 B2 (Intermedi) B2_JUNY19 B2_quadern de respostes_juny_19 B2_solucionari_juny_2019 Text 1 Text 2 Text 3 C1 (Sufici\u00e8ncia) C1_JUNY19 C1_quadern de respostes_juny_19 C1_solucionari_juny_19 Text 1 Text 2&hellip;<\/p>\n","protected":false},"author":50698,"featured_media":0,"parent":0,"menu_order":0,"comment_status":"closed","ping_status":"closed","template":"","meta":{"footnotes":""},"class_list":["post-3521","page","type-page","status-publish","hentry"],"yoast_head":"<!-- This site is optimized with the Yoast SEO plugin v27.5 - https:\/\/yoast.com\/product\/yoast-seo-wordpress\/ -->\n<title>Proves juny 2019 - CIEACOVA<\/title>\n<meta name=\"robots\" content=\"index, follow, max-snippet:-1, max-image-preview:large, max-video-preview:-1\" \/>\n<link rel=\"canonical\" href=\"https:\/\/cieacova.com\/?page_id=3521\" \/>\n<meta property=\"og:locale\" content=\"ca_ES\" \/>\n<meta property=\"og:type\" content=\"article\" \/>\n<meta property=\"og:title\" content=\"Proves juny 2019 - CIEACOVA\" \/>\n<meta property=\"og:description\" content=\"PROVES QUADERN DE RESPOSTES SOLUCIONARIS \u00c0UDIOS TEXTOS D&#8217;EXPRESSI\u00d3 ORAL I MEDIACI\u00d3 A2 (B\u00e0sic) A2_JUNY19 A2_quadern de respostes_juny_19 A2_solucionari_juny_19 B1 (Elemental) B1_JUNY19 B1_quadern de respostes_juny_19 B1_solucionari_juny_19 Text 1 Text 2 Text 3 B2 (Intermedi) B2_JUNY19 B2_quadern de respostes_juny_19 B2_solucionari_juny_2019 Text 1 Text 2 Text 3 C1 (Sufici\u00e8ncia) C1_JUNY19 C1_quadern de respostes_juny_19 C1_solucionari_juny_19 Text 1 Text 2&hellip;\" \/>\n<meta property=\"og:url\" content=\"https:\/\/cieacova.com\/?page_id=3521\" \/>\n<meta property=\"og:site_name\" content=\"CIEACOVA\" \/>\n<meta property=\"article:modified_time\" content=\"2022-07-18T08:02:33+00:00\" \/>\n<meta name=\"twitter:card\" content=\"summary_large_image\" \/>\n<meta name=\"twitter:label1\" content=\"Temps estimat de lectura\" \/>\n\t<meta name=\"twitter:data1\" content=\"1 minut\" \/>\n<script type=\"application\/ld+json\" class=\"yoast-schema-graph\">{\"@context\":\"https:\\\/\\\/schema.org\",\"@graph\":[{\"@type\":\"WebPage\",\"@id\":\"https:\\\/\\\/cieacova.com\\\/?page_id=3521\",\"url\":\"https:\\\/\\\/cieacova.com\\\/?page_id=3521\",\"name\":\"Proves juny 2019 - CIEACOVA\",\"isPartOf\":{\"@id\":\"https:\\\/\\\/cieacova.com\\\/#website\"},\"datePublished\":\"2019-11-05T11:47:08+00:00\",\"dateModified\":\"2022-07-18T08:02:33+00:00\",\"breadcrumb\":{\"@id\":\"https:\\\/\\\/cieacova.com\\\/?page_id=3521#breadcrumb\"},\"inLanguage\":\"ca\",\"potentialAction\":[{\"@type\":\"ReadAction\",\"target\":[\"https:\\\/\\\/cieacova.com\\\/?page_id=3521\"]}]},{\"@type\":\"BreadcrumbList\",\"@id\":\"https:\\\/\\\/cieacova.com\\\/?page_id=3521#breadcrumb\",\"itemListElement\":[{\"@type\":\"ListItem\",\"position\":1,\"name\":\"Inici\",\"item\":\"https:\\\/\\\/cieacova.com\\\/\"},{\"@type\":\"ListItem\",\"position\":2,\"name\":\"Proves juny 2019\"}]},{\"@type\":\"WebSite\",\"@id\":\"https:\\\/\\\/cieacova.com\\\/#website\",\"url\":\"https:\\\/\\\/cieacova.com\\\/\",\"name\":\"CIEACOVA\",\"description\":\"P\u00e0gina del CIEACOVA\",\"potentialAction\":[{\"@type\":\"SearchAction\",\"target\":{\"@type\":\"EntryPoint\",\"urlTemplate\":\"https:\\\/\\\/cieacova.com\\\/?s={search_term_string}\"},\"query-input\":{\"@type\":\"PropertyValueSpecification\",\"valueRequired\":true,\"valueName\":\"search_term_string\"}}],\"inLanguage\":\"ca\"}]}<\/script>\n<!-- \/ Yoast SEO plugin. -->","yoast_head_json":{"title":"Proves juny 2019 - CIEACOVA","robots":{"index":"index","follow":"follow","max-snippet":"max-snippet:-1","max-image-preview":"max-image-preview:large","max-video-preview":"max-video-preview:-1"},"canonical":"https:\/\/cieacova.com\/?page_id=3521","og_locale":"ca_ES","og_type":"article","og_title":"Proves juny 2019 - CIEACOVA","og_description":"PROVES QUADERN DE RESPOSTES SOLUCIONARIS \u00c0UDIOS TEXTOS D&#8217;EXPRESSI\u00d3 ORAL I MEDIACI\u00d3 A2 (B\u00e0sic) A2_JUNY19 A2_quadern de respostes_juny_19 A2_solucionari_juny_19 B1 (Elemental) B1_JUNY19 B1_quadern de respostes_juny_19 B1_solucionari_juny_19 Text 1 Text 2 Text 3 B2 (Intermedi) B2_JUNY19 B2_quadern de respostes_juny_19 B2_solucionari_juny_2019 Text 1 Text 2 Text 3 C1 (Sufici\u00e8ncia) C1_JUNY19 C1_quadern de respostes_juny_19 C1_solucionari_juny_19 Text 1 Text 2&hellip;","og_url":"https:\/\/cieacova.com\/?page_id=3521","og_site_name":"CIEACOVA","article_modified_time":"2022-07-18T08:02:33+00:00","twitter_card":"summary_large_image","twitter_misc":{"Temps estimat de lectura":"1 minut"},"schema":{"@context":"https:\/\/schema.org","@graph":[{"@type":"WebPage","@id":"https:\/\/cieacova.com\/?page_id=3521","url":"https:\/\/cieacova.com\/?page_id=3521","name":"Proves juny 2019 - CIEACOVA","isPartOf":{"@id":"https:\/\/cieacova.com\/#website"},"datePublished":"2019-11-05T11:47:08+00:00","dateModified":"2022-07-18T08:02:33+00:00","breadcrumb":{"@id":"https:\/\/cieacova.com\/?page_id=3521#breadcrumb"},"inLanguage":"ca","potentialAction":[{"@type":"ReadAction","target":["https:\/\/cieacova.com\/?page_id=3521"]}]},{"@type":"BreadcrumbList","@id":"https:\/\/cieacova.com\/?page_id=3521#breadcrumb","itemListElement":[{"@type":"ListItem","position":1,"name":"Inici","item":"https:\/\/cieacova.com\/"},{"@type":"ListItem","position":2,"name":"Proves juny 2019"}]},{"@type":"WebSite","@id":"https:\/\/cieacova.com\/#website","url":"https:\/\/cieacova.com\/","name":"CIEACOVA","description":"P\u00e0gina del CIEACOVA","potentialAction":[{"@type":"SearchAction","target":{"@type":"EntryPoint","urlTemplate":"https:\/\/cieacova.com\/?s={search_term_string}"},"query-input":{"@type":"PropertyValueSpecification","valueRequired":true,"valueName":"search_term_string"}}],"inLanguage":"ca"}]}},"_links":{"self":[{"href":"https:\/\/cieacova.com\/index.php?rest_route=\/wp\/v2\/pages\/3521","targetHints":{"allow":["GET"]}}],"collection":[{"href":"https:\/\/cieacova.com\/index.php?rest_route=\/wp\/v2\/pages"}],"about":[{"href":"https:\/\/cieacova.com\/index.php?rest_route=\/wp\/v2\/types\/page"}],"author":[{"embeddable":true,"href":"https:\/\/cieacova.com\/index.php?rest_route=\/wp\/v2\/users\/50698"}],"replies":[{"embeddable":true,"href":"https:\/\/cieacova.com\/index.php?rest_route=%2Fwp%2Fv2%2Fcomments&post=3521"}],"version-history":[{"count":2,"href":"https:\/\/cieacova.com\/index.php?rest_route=\/wp\/v2\/pages\/3521\/revisions"}],"predecessor-version":[{"id":5000,"href":"https:\/\/cieacova.com\/index.php?rest_route=\/wp\/v2\/pages\/3521\/revisions\/5000"}],"wp:attachment":[{"href":"https:\/\/cieacova.com\/index.php?rest_route=%2Fwp%2Fv2%2Fmedia&parent=3521"}],"curies":[{"name":"wp","href":"https:\/\/api.w.org\/{rel}","templated":true}]}}