{"id":5043,"date":"2023-02-27T11:34:05","date_gmt":"2023-02-27T10:34:05","guid":{"rendered":"https:\/\/cieacova.com\/?page_id=5043"},"modified":"2023-07-12T10:22:13","modified_gmt":"2023-07-12T09:22:13","slug":"proves-de-gener-de-2023","status":"publish","type":"page","link":"https:\/\/cieacova.com\/?page_id=5043","title":{"rendered":"Proves de gener de 2023"},"content":{"rendered":"<table style=\"height: 645px\" width=\"857\">\n<tbody>\n<tr>\n<td>\u00a0<\/td>\n<td style=\"text-align: center\">PROVES<\/td>\n<td style=\"text-align: center\">QUADERN DE RESPOSTES<\/td>\n<td style=\"text-align: center\">SOLUCIONARIS<\/td>\n<td>\n<p style=\"text-align: center\">\u00c0UDIOS<\/p>\n<\/td>\n<td>\n<p style=\"text-align: center\">TEXTOS D&#8217;EXPRESSI\u00d3<br \/>ORAL I MEDIACI\u00d3<\/p>\n<\/td>\n<\/tr>\n<tr>\n<td>A2 (B\u00e0sic)<\/td>\n<td style=\"text-align: center\"><a href=\"https:\/\/cieacova.webs.upv.es\/wp-content\/uploads\/2023\/02\/AF_A2_QE_GENER_2023.pdf\">A2_QE_GENER_23<\/a><\/td>\n<td style=\"text-align: center\"><a href=\"https:\/\/cieacova.webs.upv.es\/wp-content\/uploads\/2022\/07\/A2_QR_MAIG-JUNY22.pdf\">A2_QR_GENER23<\/a><\/td>\n<td style=\"text-align: center\"><a href=\"https:\/\/cieacova.webs.upv.es\/wp-content\/uploads\/2023\/02\/A2_SOLUCIONARI_VISTA_GENER_2023-1.pdf\">A2_SOLUCIONARI_GENER_22<\/a><\/td>\n<td style=\"width: 50%\">\n<audio class=\"wp-audio-shortcode\" id=\"audio-5043-1\" preload=\"none\" style=\"width: 100%;\" controls=\"controls\"><source type=\"audio\/mpeg\" src=\"https:\/\/cieacova.webs.upv.es\/wp-content\/uploads\/2023\/02\/NIVELL-A2_GENER_23-1.mp3?_=1\" \/><a href=\"https:\/\/cieacova.webs.upv.es\/wp-content\/uploads\/2023\/02\/NIVELL-A2_GENER_23-1.mp3\">https:\/\/cieacova.webs.upv.es\/wp-content\/uploads\/2023\/02\/NIVELL-A2_GENER_23-1.mp3<\/a><\/audio>\n<\/td>\n<td>\n<p><a href=\"https:\/\/cieacova.webs.upv.es\/wp-content\/uploads\/2023\/02\/EO-1_GENER_2023.docx\">A2_EO_01_GENER_2023<\/a><\/p>\n<p><a href=\"https:\/\/cieacova.webs.upv.es\/wp-content\/uploads\/2023\/02\/EO-2_GENER_2023.docx\">A2_EO_02_GENER_2023<\/a><\/p>\n<p><a href=\"https:\/\/cieacova.webs.upv.es\/wp-content\/uploads\/2023\/02\/EO-3_GENER_2023.docx\">A2_EO_03_GENER_2023<\/a><\/p>\n<p><a href=\"https:\/\/cieacova.webs.upv.es\/wp-content\/uploads\/2023\/02\/EO-4_GENER_2023.docx\">A2_EO_04_GENER_2023<\/a><\/p>\n<\/td>\n<\/tr>\n<tr>\n<td>B1 (Elemental)<\/td>\n<td style=\"text-align: center\"><a href=\"https:\/\/cieacova.webs.upv.es\/wp-content\/uploads\/2023\/02\/B1_QE_GENER_2023.pdf\">B1_QE_<\/a><a href=\"https:\/\/cieacova.webs.upv.es\/wp-content\/uploads\/2023\/02\/B1_QE_GENER_2023.pdf\">GENER_23<\/a><\/td>\n<td style=\"text-align: center\"><a href=\"https:\/\/cieacova.webs.upv.es\/wp-content\/uploads\/2023\/02\/B1_QR_GENER_2023.pdf\">B1_QR_<\/a><a href=\"https:\/\/cieacova.webs.upv.es\/wp-content\/uploads\/2023\/02\/B1_QR_GENER_2023.pdf\">GENER_23<\/a><\/td>\n<td style=\"text-align: center\"><a href=\"https:\/\/cieacova.webs.upv.es\/wp-content\/uploads\/2023\/02\/B1_SOLUCIONARI_VISTA_GENER_2023-1.pdf\">B1_SOLUCIONARI_GENER_23<\/a><\/td>\n<td>\n<audio class=\"wp-audio-shortcode\" id=\"audio-5043-2\" preload=\"none\" style=\"width: 100%;\" controls=\"controls\"><source type=\"audio\/mpeg\" src=\"https:\/\/cieacova.webs.upv.es\/wp-content\/uploads\/2023\/02\/NIVELL-B1_GENER_23-2.mp3?_=2\" \/><a href=\"https:\/\/cieacova.webs.upv.es\/wp-content\/uploads\/2023\/02\/NIVELL-B1_GENER_23-2.mp3\">https:\/\/cieacova.webs.upv.es\/wp-content\/uploads\/2023\/02\/NIVELL-B1_GENER_23-2.mp3<\/a><\/audio>\n<\/td>\n<td style=\"text-align: center;width: 30%\">\n<p><a href=\"https:\/\/cieacova.webs.upv.es\/wp-content\/uploads\/2023\/02\/B1_EO1_GENER23.pdf\">B1_EO_01_<\/a><a href=\"https:\/\/cieacova.webs.upv.es\/wp-content\/uploads\/2023\/02\/B1_EO1_GENER23.pdf\">GENER_23<\/a><\/p>\n<p><a href=\"https:\/\/cieacova.webs.upv.es\/wp-content\/uploads\/2022\/07\/B1_EO_02_MAIG_JUNY_2022.pdf\">B1_EO_02_<\/a><a href=\"https:\/\/cieacova.webs.upv.es\/wp-content\/uploads\/2022\/07\/B1_EO_02_MAIG_JUNY_2022.pdf\">GENER_23<\/a><\/p>\n<p><a href=\"https:\/\/cieacova.webs.upv.es\/wp-content\/uploads\/2023\/02\/B1_EO3_GENER23.pdf\">B1_EO_03_<\/a><a href=\"https:\/\/cieacova.webs.upv.es\/wp-content\/uploads\/2023\/02\/B1_EO3_GENER23.pdf\">GENER_23<\/a><\/p>\n<\/td>\n<\/tr>\n<tr>\n<td>B2 (Intermedi)<\/td>\n<td style=\"text-align: center\"><a href=\"https:\/\/cieacova.webs.upv.es\/wp-content\/uploads\/2023\/02\/AF_B2_QE_GENER_2023.pdf\">B2_QE_GENER_23<\/a><\/td>\n<td style=\"text-align: center\"><a href=\"https:\/\/cieacova.webs.upv.es\/wp-content\/uploads\/2023\/02\/AF_B2_QR_GENER_2023.pdf\">B2_QR_GENER_23<\/a><\/td>\n<td style=\"text-align: center\"><a href=\"https:\/\/cieacova.webs.upv.es\/wp-content\/uploads\/2023\/02\/NOU_B2_solucionari-vista_GENER_2023.pdf\">B2_SOLUCIONARI_GENER_23<\/a><\/td>\n<td>\n<audio class=\"wp-audio-shortcode\" id=\"audio-5043-3\" preload=\"none\" style=\"width: 100%;\" controls=\"controls\"><source type=\"audio\/mpeg\" src=\"https:\/\/cieacova.webs.upv.es\/wp-content\/uploads\/2023\/02\/NIVELL-B2_GENER_23-1.mp3?_=3\" \/><a href=\"https:\/\/cieacova.webs.upv.es\/wp-content\/uploads\/2023\/02\/NIVELL-B2_GENER_23-1.mp3\">https:\/\/cieacova.webs.upv.es\/wp-content\/uploads\/2023\/02\/NIVELL-B2_GENER_23-1.mp3<\/a><\/audio>\n<\/td>\n<td style=\"text-align: center;width: 30%\">\n<p><a href=\"https:\/\/cieacova.webs.upv.es\/wp-content\/uploads\/2023\/02\/B2_EO_GENER_2023_P01.pdf\">B2_EO_P01_GENER_23<\/a><\/p>\n<p><a href=\"https:\/\/cieacova.webs.upv.es\/wp-content\/uploads\/2023\/02\/B2_EO_GENER_2023_P02.pdf\">B2_EO_P02_GENER_23<\/a><\/p>\n<p><a href=\"https:\/\/cieacova.webs.upv.es\/wp-content\/uploads\/2023\/02\/B2_EO_GENER_2023_P03.pdf\">B2_EO_P03_GENER_23<\/a><\/p>\n<p><a href=\"https:\/\/cieacova.webs.upv.es\/wp-content\/uploads\/2023\/02\/B2_EO_GENER_2023_P04.pdf\">B2_EO_P04_GENER_23<\/a><\/p>\n<p><a href=\"https:\/\/cieacova.webs.upv.es\/wp-content\/uploads\/2023\/02\/B2_EO_GENER_2023_P05.pdf\">B2_EO_P05_GENER_23<\/a><\/p>\n<p><a href=\"https:\/\/cieacova.webs.upv.es\/wp-content\/uploads\/2023\/02\/B2_EO_GENER_2023_P06.pdf\">B2_EO_P06_GENER_23<\/a><\/p>\n<\/td>\n<\/tr>\n<tr>\n<td>C1 (Sufici\u00e8ncia)<\/td>\n<td style=\"text-align: center\"><a href=\"https:\/\/cieacova.webs.upv.es\/wp-content\/uploads\/2023\/02\/C1-QUADERN-DEXAMEN-GENER_2023.pdf\">C1_QE_GENER_23<\/a><\/td>\n<td style=\"text-align: center\">\n<p><a href=\"https:\/\/cieacova.webs.upv.es\/wp-content\/uploads\/2023\/02\/C1_PLR1.pdf\">C1_PLR1_GENER_23<\/a><\/p>\n<p><a href=\"https:\/\/cieacova.webs.upv.es\/wp-content\/uploads\/2023\/02\/C1_PLR2.pdf\">C1_PLR2_GENER_23<\/a><\/p>\n<\/td>\n<td style=\"text-align: center\">\n<p><a href=\"https:\/\/cieacova.webs.upv.es\/wp-content\/uploads\/2023\/02\/C1_SOLUCIONARI_VISTA_GENER_2023.pdf\">C1_SOLUCIONARI_GENER_23<\/a><\/p>\n<\/td>\n<td>\n<audio class=\"wp-audio-shortcode\" id=\"audio-5043-4\" preload=\"none\" style=\"width: 100%;\" controls=\"controls\"><source type=\"audio\/mpeg\" src=\"https:\/\/cieacova.webs.upv.es\/wp-content\/uploads\/2023\/02\/NIVELL-C1_GENER_23_DEFINITIU-1.mp3?_=4\" \/><a href=\"https:\/\/cieacova.webs.upv.es\/wp-content\/uploads\/2023\/02\/NIVELL-C1_GENER_23_DEFINITIU-1.mp3\">https:\/\/cieacova.webs.upv.es\/wp-content\/uploads\/2023\/02\/NIVELL-C1_GENER_23_DEFINITIU-1.mp3<\/a><\/audio>\n<\/td>\n<td style=\"text-align: center;width: 30%\">\n<p><a href=\"https:\/\/cieacova.webs.upv.es\/wp-content\/uploads\/2023\/02\/C1_EO_GENER_2023_01.pdf\">C1_EO_P01_GENER_23<\/a><\/p>\n<p><a href=\"https:\/\/cieacova.webs.upv.es\/wp-content\/uploads\/2023\/02\/C1_EO_GENER_2023_02.pdf\">C1_EO_P02_GENER_23<\/a><\/p>\n<p><a href=\"https:\/\/cieacova.webs.upv.es\/wp-content\/uploads\/2023\/02\/C1_EO_GENER_2023_03.pdf\">C1_EO_P03_GENER_23<\/a><\/p>\n<p><a href=\"https:\/\/cieacova.webs.upv.es\/wp-content\/uploads\/2023\/02\/C1_EO_GENER_2023_04.pdf\">C1_EO_P04_GENER_23<\/a><\/p>\n<p><a href=\"https:\/\/cieacova.webs.upv.es\/wp-content\/uploads\/2023\/02\/C1_EO_GENER_2023_05.pdf\">C1_EO_P05_GENER_23<\/a><\/p>\n<p><a href=\"https:\/\/cieacova.webs.upv.es\/wp-content\/uploads\/2023\/02\/C1_EO_GENER_2023_06.pdf\">C1_EO_P06_GENER_23<\/a><\/p>\n<p><a href=\"https:\/\/cieacova.webs.upv.es\/wp-content\/uploads\/2023\/02\/C1_EO_GENER_2023_07.pdf\">C1_EO_P07_GENER_23<\/a><\/p>\n<p><a href=\"https:\/\/cieacova.webs.upv.es\/wp-content\/uploads\/2023\/02\/C1_EO_GENER_2023_08.pdf\">C1_EO_P08_GENER_23<\/a><\/p>\n<p><a href=\"https:\/\/cieacova.webs.upv.es\/wp-content\/uploads\/2023\/02\/C1_EO_GENER_2023_09.pdf\">C1_EO_P09_GENER_23<\/a><\/p>\n<p><a href=\"https:\/\/cieacova.webs.upv.es\/wp-content\/uploads\/2023\/02\/C1_EO_GENER_2023_10.pdf\">C1_EO_P10_GENER_23<\/a><\/p>\n<p><a href=\"https:\/\/cieacova.webs.upv.es\/wp-content\/uploads\/2023\/02\/C1_EO_GENER_2023_11.pdf\">C1_EO_P11_GENER_23<\/a><\/p>\n<p><a href=\"https:\/\/cieacova.webs.upv.es\/wp-content\/uploads\/2023\/02\/C1_EO_GENER_2023_12.pdf\">C1_EO_P12_GENER_23<\/a><\/p>\n<\/td>\n<\/tr>\n<tr>\n<td>C2 (Superior)<\/td>\n<td style=\"text-align: center\"><a href=\"https:\/\/cieacova.webs.upv.es\/wp-content\/uploads\/2023\/02\/AF_C2_QE_GENER_2023-1.pdf\">C2_QE_GENER_23<\/a><\/td>\n<td style=\"text-align: center\">\n<p><a href=\"https:\/\/cieacova.webs.upv.es\/wp-content\/uploads\/2023\/02\/C2_PLR1.pdf\">C2_PLR1_GENER_23<\/a><\/p>\n<p><a href=\"https:\/\/cieacova.webs.upv.es\/wp-content\/uploads\/2023\/02\/C2_PLR2.pdf\">C2_PLR2_GENER_23<\/a><\/p>\n<\/td>\n<td style=\"text-align: center\">\n<p><a href=\"https:\/\/cieacova.webs.upv.es\/wp-content\/uploads\/2023\/02\/C2_SOLUCIONARI-VISTA-GENER_2023.pdf\">C2_SOLUCIONARI_GENER_23<\/a><\/p>\n<\/td>\n<td>\n<audio class=\"wp-audio-shortcode\" id=\"audio-5043-5\" preload=\"none\" style=\"width: 100%;\" controls=\"controls\"><source type=\"audio\/mpeg\" src=\"https:\/\/cieacova.webs.upv.es\/wp-content\/uploads\/2023\/02\/NIVELL-C2_GENER_23.mp3?_=5\" \/><a href=\"https:\/\/cieacova.webs.upv.es\/wp-content\/uploads\/2023\/02\/NIVELL-C2_GENER_23.mp3\">https:\/\/cieacova.webs.upv.es\/wp-content\/uploads\/2023\/02\/NIVELL-C2_GENER_23.mp3<\/a><\/audio>\n<\/td>\n<td style=\"text-align: center;width: 30%\">\n<p><a href=\"https:\/\/cieacova.webs.upv.es\/wp-content\/uploads\/2023\/02\/C2_MO1_GENER23.pdf\">C2_MO_01_GENER_23<\/a><\/p>\n<p><a href=\"https:\/\/cieacova.webs.upv.es\/wp-content\/uploads\/2023\/02\/C2_MO2_GENER23.pdf\">C2_MO_02_GENER_23<\/a><\/p>\n<p><a href=\"https:\/\/cieacova.webs.upv.es\/wp-content\/uploads\/2023\/02\/C2_MO3_GENER23.pdf\">C2_MO_03_GENER_23<\/a><\/p>\n<p><a href=\"https:\/\/cieacova.webs.upv.es\/wp-content\/uploads\/2023\/02\/C2_MO4_GENER23.pdf\">C2_MO_04_GENER_23<\/a><\/p>\n<p><a href=\"https:\/\/cieacova.webs.upv.es\/wp-content\/uploads\/2023\/02\/C2_MO5_GENER23.pdf\">C2_MO_05_GENER_23<\/a><\/p>\n<p><a href=\"https:\/\/cieacova.webs.upv.es\/wp-content\/uploads\/2023\/02\/C2_MO6_GENER23.pdf\">C2_MO_06_GENER_23<\/a><\/p>\n<p><a href=\"https:\/\/cieacova.webs.upv.es\/wp-content\/uploads\/2023\/02\/C2_MO7_GENER23.pdf\">C2_MO_07_GENER_23<\/a><\/p>\n<p><a href=\"https:\/\/cieacova.webs.upv.es\/wp-content\/uploads\/2023\/02\/C2_MO8_GENER23.pdf\">C2_MO_08_GENER_23<\/a><\/p>\n<\/td>\n<\/tr>\n<\/tbody>\n<\/table>\n<p>Per poder escoltar l&#8217;\u00e0udio dins del pdf, cal descarregar-lo i obrir-lo fora del navegador web.<\/p>\n\n\n<p><\/p>\n","protected":false},"excerpt":{"rendered":"<p>\u00a0 PROVES QUADERN DE RESPOSTES SOLUCIONARIS \u00c0UDIOS TEXTOS D&#8217;EXPRESSI\u00d3ORAL I MEDIACI\u00d3 A2 (B\u00e0sic) A2_QE_GENER_23 A2_QR_GENER23 A2_SOLUCIONARI_GENER_22 A2_EO_01_GENER_2023 A2_EO_02_GENER_2023 A2_EO_03_GENER_2023 A2_EO_04_GENER_2023 B1 (Elemental) B1_QE_GENER_23 B1_QR_GENER_23 B1_SOLUCIONARI_GENER_23 B1_EO_01_GENER_23 B1_EO_02_GENER_23 B1_EO_03_GENER_23 B2 (Intermedi) B2_QE_GENER_23 B2_QR_GENER_23 B2_SOLUCIONARI_GENER_23 B2_EO_P01_GENER_23 B2_EO_P02_GENER_23 B2_EO_P03_GENER_23 B2_EO_P04_GENER_23 B2_EO_P05_GENER_23 B2_EO_P06_GENER_23 C1 (Sufici\u00e8ncia) C1_QE_GENER_23 C1_PLR1_GENER_23 C1_PLR2_GENER_23 C1_SOLUCIONARI_GENER_23 C1_EO_P01_GENER_23 C1_EO_P02_GENER_23 C1_EO_P03_GENER_23 C1_EO_P04_GENER_23 C1_EO_P05_GENER_23 C1_EO_P06_GENER_23 C1_EO_P07_GENER_23 C1_EO_P08_GENER_23 C1_EO_P09_GENER_23 C1_EO_P10_GENER_23&hellip;<\/p>\n","protected":false},"author":56310,"featured_media":0,"parent":0,"menu_order":0,"comment_status":"closed","ping_status":"closed","template":"","meta":{"footnotes":""},"class_list":["post-5043","page","type-page","status-publish","hentry"],"yoast_head":"<!-- This site is optimized with the Yoast SEO plugin v27.5 - https:\/\/yoast.com\/product\/yoast-seo-wordpress\/ -->\n<title>Proves de gener de 2023 - CIEACOVA<\/title>\n<meta name=\"robots\" content=\"index, follow, max-snippet:-1, max-image-preview:large, max-video-preview:-1\" \/>\n<link rel=\"canonical\" href=\"https:\/\/cieacova.com\/?page_id=5043\" \/>\n<meta property=\"og:locale\" content=\"ca_ES\" \/>\n<meta property=\"og:type\" content=\"article\" \/>\n<meta property=\"og:title\" content=\"Proves de gener de 2023 - CIEACOVA\" \/>\n<meta property=\"og:description\" content=\"\u00a0 PROVES QUADERN DE RESPOSTES SOLUCIONARIS \u00c0UDIOS TEXTOS D&#8217;EXPRESSI\u00d3ORAL I MEDIACI\u00d3 A2 (B\u00e0sic) A2_QE_GENER_23 A2_QR_GENER23 A2_SOLUCIONARI_GENER_22 A2_EO_01_GENER_2023 A2_EO_02_GENER_2023 A2_EO_03_GENER_2023 A2_EO_04_GENER_2023 B1 (Elemental) B1_QE_GENER_23 B1_QR_GENER_23 B1_SOLUCIONARI_GENER_23 B1_EO_01_GENER_23 B1_EO_02_GENER_23 B1_EO_03_GENER_23 B2 (Intermedi) B2_QE_GENER_23 B2_QR_GENER_23 B2_SOLUCIONARI_GENER_23 B2_EO_P01_GENER_23 B2_EO_P02_GENER_23 B2_EO_P03_GENER_23 B2_EO_P04_GENER_23 B2_EO_P05_GENER_23 B2_EO_P06_GENER_23 C1 (Sufici\u00e8ncia) C1_QE_GENER_23 C1_PLR1_GENER_23 C1_PLR2_GENER_23 C1_SOLUCIONARI_GENER_23 C1_EO_P01_GENER_23 C1_EO_P02_GENER_23 C1_EO_P03_GENER_23 C1_EO_P04_GENER_23 C1_EO_P05_GENER_23 C1_EO_P06_GENER_23 C1_EO_P07_GENER_23 C1_EO_P08_GENER_23 C1_EO_P09_GENER_23 C1_EO_P10_GENER_23&hellip;\" \/>\n<meta property=\"og:url\" content=\"https:\/\/cieacova.com\/?page_id=5043\" \/>\n<meta property=\"og:site_name\" content=\"CIEACOVA\" \/>\n<meta property=\"article:modified_time\" content=\"2023-07-12T09:22:13+00:00\" \/>\n<meta name=\"twitter:card\" content=\"summary_large_image\" \/>\n<meta name=\"twitter:label1\" content=\"Temps estimat de lectura\" \/>\n\t<meta name=\"twitter:data1\" content=\"1 minut\" \/>\n<script type=\"application\/ld+json\" class=\"yoast-schema-graph\">{\"@context\":\"https:\\\/\\\/schema.org\",\"@graph\":[{\"@type\":\"WebPage\",\"@id\":\"https:\\\/\\\/cieacova.com\\\/?page_id=5043\",\"url\":\"https:\\\/\\\/cieacova.com\\\/?page_id=5043\",\"name\":\"Proves de gener de 2023 - CIEACOVA\",\"isPartOf\":{\"@id\":\"https:\\\/\\\/cieacova.com\\\/#website\"},\"datePublished\":\"2023-02-27T10:34:05+00:00\",\"dateModified\":\"2023-07-12T09:22:13+00:00\",\"breadcrumb\":{\"@id\":\"https:\\\/\\\/cieacova.com\\\/?page_id=5043#breadcrumb\"},\"inLanguage\":\"ca\",\"potentialAction\":[{\"@type\":\"ReadAction\",\"target\":[\"https:\\\/\\\/cieacova.com\\\/?page_id=5043\"]}]},{\"@type\":\"BreadcrumbList\",\"@id\":\"https:\\\/\\\/cieacova.com\\\/?page_id=5043#breadcrumb\",\"itemListElement\":[{\"@type\":\"ListItem\",\"position\":1,\"name\":\"Inici\",\"item\":\"https:\\\/\\\/cieacova.com\\\/\"},{\"@type\":\"ListItem\",\"position\":2,\"name\":\"Proves de gener de 2023\"}]},{\"@type\":\"WebSite\",\"@id\":\"https:\\\/\\\/cieacova.com\\\/#website\",\"url\":\"https:\\\/\\\/cieacova.com\\\/\",\"name\":\"CIEACOVA\",\"description\":\"P\u00e0gina del CIEACOVA\",\"potentialAction\":[{\"@type\":\"SearchAction\",\"target\":{\"@type\":\"EntryPoint\",\"urlTemplate\":\"https:\\\/\\\/cieacova.com\\\/?s={search_term_string}\"},\"query-input\":{\"@type\":\"PropertyValueSpecification\",\"valueRequired\":true,\"valueName\":\"search_term_string\"}}],\"inLanguage\":\"ca\"}]}<\/script>\n<!-- \/ Yoast SEO plugin. -->","yoast_head_json":{"title":"Proves de gener de 2023 - CIEACOVA","robots":{"index":"index","follow":"follow","max-snippet":"max-snippet:-1","max-image-preview":"max-image-preview:large","max-video-preview":"max-video-preview:-1"},"canonical":"https:\/\/cieacova.com\/?page_id=5043","og_locale":"ca_ES","og_type":"article","og_title":"Proves de gener de 2023 - CIEACOVA","og_description":"\u00a0 PROVES QUADERN DE RESPOSTES SOLUCIONARIS \u00c0UDIOS TEXTOS D&#8217;EXPRESSI\u00d3ORAL I MEDIACI\u00d3 A2 (B\u00e0sic) A2_QE_GENER_23 A2_QR_GENER23 A2_SOLUCIONARI_GENER_22 A2_EO_01_GENER_2023 A2_EO_02_GENER_2023 A2_EO_03_GENER_2023 A2_EO_04_GENER_2023 B1 (Elemental) B1_QE_GENER_23 B1_QR_GENER_23 B1_SOLUCIONARI_GENER_23 B1_EO_01_GENER_23 B1_EO_02_GENER_23 B1_EO_03_GENER_23 B2 (Intermedi) B2_QE_GENER_23 B2_QR_GENER_23 B2_SOLUCIONARI_GENER_23 B2_EO_P01_GENER_23 B2_EO_P02_GENER_23 B2_EO_P03_GENER_23 B2_EO_P04_GENER_23 B2_EO_P05_GENER_23 B2_EO_P06_GENER_23 C1 (Sufici\u00e8ncia) C1_QE_GENER_23 C1_PLR1_GENER_23 C1_PLR2_GENER_23 C1_SOLUCIONARI_GENER_23 C1_EO_P01_GENER_23 C1_EO_P02_GENER_23 C1_EO_P03_GENER_23 C1_EO_P04_GENER_23 C1_EO_P05_GENER_23 C1_EO_P06_GENER_23 C1_EO_P07_GENER_23 C1_EO_P08_GENER_23 C1_EO_P09_GENER_23 C1_EO_P10_GENER_23&hellip;","og_url":"https:\/\/cieacova.com\/?page_id=5043","og_site_name":"CIEACOVA","article_modified_time":"2023-07-12T09:22:13+00:00","twitter_card":"summary_large_image","twitter_misc":{"Temps estimat de lectura":"1 minut"},"schema":{"@context":"https:\/\/schema.org","@graph":[{"@type":"WebPage","@id":"https:\/\/cieacova.com\/?page_id=5043","url":"https:\/\/cieacova.com\/?page_id=5043","name":"Proves de gener de 2023 - CIEACOVA","isPartOf":{"@id":"https:\/\/cieacova.com\/#website"},"datePublished":"2023-02-27T10:34:05+00:00","dateModified":"2023-07-12T09:22:13+00:00","breadcrumb":{"@id":"https:\/\/cieacova.com\/?page_id=5043#breadcrumb"},"inLanguage":"ca","potentialAction":[{"@type":"ReadAction","target":["https:\/\/cieacova.com\/?page_id=5043"]}]},{"@type":"BreadcrumbList","@id":"https:\/\/cieacova.com\/?page_id=5043#breadcrumb","itemListElement":[{"@type":"ListItem","position":1,"name":"Inici","item":"https:\/\/cieacova.com\/"},{"@type":"ListItem","position":2,"name":"Proves de gener de 2023"}]},{"@type":"WebSite","@id":"https:\/\/cieacova.com\/#website","url":"https:\/\/cieacova.com\/","name":"CIEACOVA","description":"P\u00e0gina del CIEACOVA","potentialAction":[{"@type":"SearchAction","target":{"@type":"EntryPoint","urlTemplate":"https:\/\/cieacova.com\/?s={search_term_string}"},"query-input":{"@type":"PropertyValueSpecification","valueRequired":true,"valueName":"search_term_string"}}],"inLanguage":"ca"}]}},"_links":{"self":[{"href":"https:\/\/cieacova.com\/index.php?rest_route=\/wp\/v2\/pages\/5043","targetHints":{"allow":["GET"]}}],"collection":[{"href":"https:\/\/cieacova.com\/index.php?rest_route=\/wp\/v2\/pages"}],"about":[{"href":"https:\/\/cieacova.com\/index.php?rest_route=\/wp\/v2\/types\/page"}],"author":[{"embeddable":true,"href":"https:\/\/cieacova.com\/index.php?rest_route=\/wp\/v2\/users\/56310"}],"replies":[{"embeddable":true,"href":"https:\/\/cieacova.com\/index.php?rest_route=%2Fwp%2Fv2%2Fcomments&post=5043"}],"version-history":[{"count":2,"href":"https:\/\/cieacova.com\/index.php?rest_route=\/wp\/v2\/pages\/5043\/revisions"}],"predecessor-version":[{"id":5123,"href":"https:\/\/cieacova.com\/index.php?rest_route=\/wp\/v2\/pages\/5043\/revisions\/5123"}],"wp:attachment":[{"href":"https:\/\/cieacova.com\/index.php?rest_route=%2Fwp%2Fv2%2Fmedia&parent=5043"}],"curies":[{"name":"wp","href":"https:\/\/api.w.org\/{rel}","templated":true}]}}