{"id":5271,"date":"2024-02-23T09:29:17","date_gmt":"2024-02-23T08:29:17","guid":{"rendered":"https:\/\/cieacova.com\/?page_id=5271"},"modified":"2025-02-26T13:54:04","modified_gmt":"2025-02-26T12:54:04","slug":"proves-de-gener-de-2024","status":"publish","type":"page","link":"https:\/\/cieacova.com\/?page_id=5271","title":{"rendered":"Proves de gener de 2024"},"content":{"rendered":"<table style=\"height: 645px\" width=\"857\">\n<tbody>\n<tr>\n<td>\u00a0<\/td>\n<td style=\"text-align: center\">PROVES<\/td>\n<td style=\"text-align: center\">QUADERN DE RESPOSTES<\/td>\n<td style=\"text-align: center\">SOLUCIONARIS<\/td>\n<td>\n<p style=\"text-align: center\">\u00c0UDIOS<\/p>\n<\/td>\n<td>\n<p style=\"text-align: center\">TEXTOS D&#8217;EXPRESSI\u00d3<br \/>ORAL I MEDIACI\u00d3<\/p>\n<\/td>\n<\/tr>\n<tr>\n<td>A2 (B\u00e0sic)<\/td>\n<td style=\"text-align: center\"><a href=\"https:\/\/cieacova.webs.upv.es\/wp-content\/uploads\/2024\/02\/A2_QE_GEN24.pdf\">A2_QE_GEN 24<\/a><\/td>\n<td style=\"text-align: center\"><a href=\"https:\/\/cieacova.webs.upv.es\/wp-content\/uploads\/2024\/02\/A2_QR_GEN24.pdf\">A2_QR_GEN 24<\/a><\/td>\n<td style=\"text-align: center\"><a href=\"https:\/\/cieacova.webs.upv.es\/wp-content\/uploads\/2024\/02\/A2_SOLUCIONARI-WEB-GENER-2024.pdf\">A2_SOLUCIONARI_GENER_24<\/a><\/td>\n<td style=\"width: 50%\">\n<audio class=\"wp-audio-shortcode\" id=\"audio-5271-1\" preload=\"none\" style=\"width: 100%;\" controls=\"controls\"><source type=\"audio\/mpeg\" src=\"https:\/\/cieacova.webs.upv.es\/wp-content\/uploads\/2024\/02\/NIVELL-A2_GENER_24.mp3?_=1\" \/><a href=\"https:\/\/cieacova.webs.upv.es\/wp-content\/uploads\/2024\/02\/NIVELL-A2_GENER_24.mp3\">https:\/\/cieacova.webs.upv.es\/wp-content\/uploads\/2024\/02\/NIVELL-A2_GENER_24.mp3<\/a><\/audio>\n<\/td>\n<td>\n<p><a href=\"https:\/\/cieacova.webs.upv.es\/wp-content\/uploads\/2024\/02\/A2_EO1_GEN24.pdf\">A2_EO_01_GENER_2024<\/a><\/p>\n<p><a href=\"https:\/\/cieacova.webs.upv.es\/wp-content\/uploads\/2024\/02\/A2_EO2_GEN24.pdf\">A2_EO_02_GENER_2024<\/a><\/p>\n<p><a href=\"https:\/\/cieacova.webs.upv.es\/wp-content\/uploads\/2024\/02\/A2_EO3_GEN24.pdf\">A2_EO_03_GENER_2024<\/a><\/p>\n<p><a href=\"https:\/\/cieacova.webs.upv.es\/wp-content\/uploads\/2024\/02\/A2_EO4_GEN24.pdf\">A2_EO_04_GENER_2024<\/a><\/p>\n<\/td>\n<\/tr>\n<tr>\n<td>B1 (Elemental)<\/td>\n<td style=\"text-align: center\"><a href=\"https:\/\/cieacova.webs.upv.es\/wp-content\/uploads\/2024\/02\/B1_QE_GEN24.pdf\">B1_QE_GEN24<\/a><\/td>\n<td style=\"text-align: center\"><a href=\"https:\/\/cieacova.webs.upv.es\/wp-content\/uploads\/2024\/02\/B1_QR_GEN24.pdf\">B1_QR_GEN24<\/a><\/td>\n<td style=\"text-align: center\"><a href=\"https:\/\/cieacova.webs.upv.es\/wp-content\/uploads\/2024\/02\/B1_SOLUCIONARI_GEN_24.pdf\">B1_SOLUCIONARI_GENER_24<\/a><\/td>\n<td>\n<audio class=\"wp-audio-shortcode\" id=\"audio-5271-2\" preload=\"none\" style=\"width: 100%;\" controls=\"controls\"><source type=\"audio\/mpeg\" src=\"https:\/\/cieacova.webs.upv.es\/wp-content\/uploads\/2024\/02\/B1_GEN24.mp3?_=2\" \/><a href=\"https:\/\/cieacova.webs.upv.es\/wp-content\/uploads\/2024\/02\/B1_GEN24.mp3\">https:\/\/cieacova.webs.upv.es\/wp-content\/uploads\/2024\/02\/B1_GEN24.mp3<\/a><\/audio>\n<\/td>\n<td style=\"text-align: center;width: 30%\">\n<p><a href=\"https:\/\/cieacova.webs.upv.es\/wp-content\/uploads\/2024\/02\/B1_EO1_GEN24.pdf\">B1_EO1_GEN24<\/a><\/p>\n<p><a href=\"https:\/\/cieacova.webs.upv.es\/wp-content\/uploads\/2024\/02\/B1_EO2_GEN24.pdf\">B1_EO2_GEN24<\/a><\/p>\n<p><a href=\"https:\/\/cieacova.webs.upv.es\/wp-content\/uploads\/2024\/02\/B1_EO3_GEN24.pdf\">B1_EO3_GEN24<\/a><\/p>\n<\/td>\n<\/tr>\n<tr>\n<td>B2 (Intermedi)<\/td>\n<td style=\"text-align: center\"><a href=\"https:\/\/cieacova.webs.upv.es\/wp-content\/uploads\/2024\/02\/B2_QE_GEN24.pdf\">B2_QE_GEN24<\/a><\/td>\n<td style=\"text-align: center\"><a href=\"https:\/\/cieacova.webs.upv.es\/wp-content\/uploads\/2024\/02\/B2_QR_GEN24.pdf\">B2_QR_GEN24<\/a><\/td>\n<td style=\"text-align: center\"><a href=\"https:\/\/cieacova.webs.upv.es\/wp-content\/uploads\/2024\/02\/B2_SOLUCIONARI_GENER_2024_WEB.pdf\">B2_SOLUCIONARI_GENER_24<\/a><\/td>\n<td>\n<audio class=\"wp-audio-shortcode\" id=\"audio-5271-3\" preload=\"none\" style=\"width: 100%;\" controls=\"controls\"><source type=\"audio\/mpeg\" src=\"https:\/\/cieacova.webs.upv.es\/wp-content\/uploads\/2024\/02\/B2_GEN24.mp3?_=3\" \/><a href=\"https:\/\/cieacova.webs.upv.es\/wp-content\/uploads\/2024\/02\/B2_GEN24.mp3\">https:\/\/cieacova.webs.upv.es\/wp-content\/uploads\/2024\/02\/B2_GEN24.mp3<\/a><\/audio>\n<\/td>\n<td style=\"text-align: center;width: 30%\">\n<p><a href=\"https:\/\/cieacova.webs.upv.es\/wp-content\/uploads\/2024\/02\/B2_EO1_GEN24.pdf\">B2_EO1_GEN24<\/a><\/p>\n<p><a href=\"https:\/\/cieacova.webs.upv.es\/wp-content\/uploads\/2024\/02\/B2_EO2_GEN24.pdf\">B2_EO2_GEN24<\/a><\/p>\n<p><a href=\"https:\/\/cieacova.webs.upv.es\/wp-content\/uploads\/2024\/02\/B2_EO3_GEN24.pdf\">B2_EO3_GEN24<\/a><\/p>\n<p><a href=\"https:\/\/cieacova.webs.upv.es\/wp-content\/uploads\/2024\/02\/B2_EO4_GEN24.pdf\">B2_EO4_GEN24<\/a><\/p>\n<\/td>\n<\/tr>\n<tr>\n<td>C1 (Sufici\u00e8ncia)<\/td>\n<td style=\"text-align: center\"><a href=\"https:\/\/cieacova.webs.upv.es\/wp-content\/uploads\/2024\/02\/C1_QE_GEN24.pdf\">C1_QE_GEN24<\/a><\/td>\n<td style=\"text-align: center\">\n<p><a href=\"https:\/\/cieacova.webs.upv.es\/wp-content\/uploads\/2024\/02\/C1_PLR1_GEN24.pdf\">C1_PLR1_GEN24<\/a><\/p>\n<p><a href=\"https:\/\/cieacova.webs.upv.es\/wp-content\/uploads\/2024\/02\/C1_PLR2_GEN24.pdf\">C1_PLR2_GEN24<\/a><\/p>\n<\/td>\n<td style=\"text-align: center\">\n<p><a href=\"https:\/\/cieacova.webs.upv.es\/wp-content\/uploads\/2024\/02\/C1_SOLUCIONARI_GENER_24_WEB.pdf\">C1_SOLUCIONARI_GENER_24<\/a><\/p>\n<\/td>\n<td>\n<audio class=\"wp-audio-shortcode\" id=\"audio-5271-4\" preload=\"none\" style=\"width: 100%;\" controls=\"controls\"><source type=\"audio\/mpeg\" src=\"https:\/\/cieacova.webs.upv.es\/wp-content\/uploads\/2024\/02\/C1_GEN24.mp3?_=4\" \/><a href=\"https:\/\/cieacova.webs.upv.es\/wp-content\/uploads\/2024\/02\/C1_GEN24.mp3\">https:\/\/cieacova.webs.upv.es\/wp-content\/uploads\/2024\/02\/C1_GEN24.mp3<\/a><\/audio>\n<\/td>\n<td style=\"text-align: center;width: 30%\">\n<p><a href=\"https:\/\/cieacova.webs.upv.es\/wp-content\/uploads\/2024\/02\/C1_EO_GENER_2024_AF_1.pdf\">C1_EO_GENER_2024_AF_1<\/a><\/p>\n<p><a href=\"https:\/\/cieacova.webs.upv.es\/wp-content\/uploads\/2024\/02\/C1_EO_GENER_2024_AF_2.pdf\">C1_EO_GENER_2024_AF_2<\/a><\/p>\n<p><a href=\"https:\/\/cieacova.webs.upv.es\/wp-content\/uploads\/2024\/02\/C1_EO_GENER_2024_AF_3.pdf\">C1_EO_GENER_2024_AF_3<\/a><\/p>\n<p><a href=\"https:\/\/cieacova.webs.upv.es\/wp-content\/uploads\/2024\/02\/C1_EO_GENER_2024_AF_4.pdf\">C1_EO_GENER_2024_AF_4<\/a><\/p>\n<p><a href=\"https:\/\/cieacova.webs.upv.es\/wp-content\/uploads\/2024\/02\/C1_EO_GENER_2024_AF_5.pdf\">C1_EO_GENER_2024_AF_5<\/a><\/p>\n<p><a href=\"https:\/\/cieacova.webs.upv.es\/wp-content\/uploads\/2023\/07\/C1_EO_6_MAIG_JUNY_2023.pdf\">C1_EO_GENER_2024_AF_6<\/a><\/p>\n<p><a href=\"https:\/\/cieacova.webs.upv.es\/wp-content\/uploads\/2024\/02\/C1_EO_GENER_2024_AF_7.pdf\">C1_EO_GENER_2024_AF_7<\/a><\/p>\n<p><a href=\"https:\/\/cieacova.webs.upv.es\/wp-content\/uploads\/2024\/02\/C1_EO_GENER_2024_AF_8.pdf\">C1_EO_GENER_2024_AF_8<\/a><\/p>\n<p><a href=\"https:\/\/cieacova.webs.upv.es\/wp-content\/uploads\/2024\/02\/C1_EO_GENER_2024_AF_9.pdf\">C1_EO_GENER_2024_AF_9<\/a><\/p>\n<p><a href=\"https:\/\/cieacova.webs.upv.es\/wp-content\/uploads\/2024\/02\/C1_EO_GENER_2024_AF_10.pdf\">C1_EO_GENER_2024_AF_10<\/a><\/p>\n<p><a href=\"https:\/\/cieacova.webs.upv.es\/wp-content\/uploads\/2024\/02\/C1_EO_GENER_2024_AF_11.pdf\">C1_EO_GENER_2024_AF_11<\/a><\/p>\n<p><a href=\"https:\/\/cieacova.webs.upv.es\/wp-content\/uploads\/2024\/02\/C1_EO_GENER_2024_AF_12.pdf\">C1_EO_GENER_2024_AF_12<\/a><\/p>\n<\/td>\n<\/tr>\n<tr>\n<td>C2 (Superior)<\/td>\n<td style=\"text-align: center\"><a href=\"https:\/\/cieacova.webs.upv.es\/wp-content\/uploads\/2024\/02\/C2_QE_GEN24.pdf\">C2_QE_GEN_24<\/a><\/td>\n<td style=\"text-align: center\">\n<p><a href=\"https:\/\/cieacova.webs.upv.es\/wp-content\/uploads\/2024\/02\/C2_PLR1_GEN24.pdf\">C2_PLR1_GEN_24<\/a><\/p>\n<p><a href=\"https:\/\/cieacova.webs.upv.es\/wp-content\/uploads\/2024\/02\/C2_PLR2_GEN24.pdf\">C2_PLR2_GEN_24<\/a><\/p>\n<\/td>\n<td style=\"text-align: center\">\n<p><a href=\"https:\/\/cieacova.webs.upv.es\/wp-content\/uploads\/2024\/02\/C2_SOLUCIONARI_GENER_2024_versio\u0301-web_26_01_24.pdf\">C2_SOLUCIONARI_GENER_24<\/a><\/p>\n<\/td>\n<td>\n<audio class=\"wp-audio-shortcode\" id=\"audio-5271-5\" preload=\"none\" style=\"width: 100%;\" controls=\"controls\"><source type=\"audio\/mpeg\" src=\"https:\/\/cieacova.webs.upv.es\/wp-content\/uploads\/2024\/02\/C2_GEN24.mp3?_=5\" \/><a href=\"https:\/\/cieacova.webs.upv.es\/wp-content\/uploads\/2024\/02\/C2_GEN24.mp3\">https:\/\/cieacova.webs.upv.es\/wp-content\/uploads\/2024\/02\/C2_GEN24.mp3<\/a><\/audio>\n<\/td>\n<td style=\"text-align: center;width: 30%\">\n<p><a href=\"https:\/\/cieacova.webs.upv.es\/wp-content\/uploads\/2024\/02\/C2_MED1_GEN24.pdf\">C2_MED1_GEN_24<\/a><\/p>\n<p><a href=\"https:\/\/cieacova.webs.upv.es\/wp-content\/uploads\/2024\/02\/C2_MED2_GEN24.pdf\">C2_MED2_GEN_24<\/a><\/p>\n<p><a href=\"https:\/\/cieacova.webs.upv.es\/wp-content\/uploads\/2024\/02\/C2_MED3_GEN24.pdf\">C2_MED3_GEN_24<\/a><\/p>\n<p><a href=\"https:\/\/cieacova.webs.upv.es\/wp-content\/uploads\/2024\/02\/C2_MED4_GEN24.pdf\">C2_MED4_GEN_24<\/a><\/p>\n<p><a href=\"https:\/\/cieacova.webs.upv.es\/wp-content\/uploads\/2024\/02\/C2_MED5_GEN24.pdf\">C2_MED5_GEN_24<\/a><\/p>\n<p><a href=\"https:\/\/cieacova.webs.upv.es\/wp-content\/uploads\/2024\/02\/C2_MED6_GEN24.pdf\">C2_MED6_GEN_24<\/a><\/p>\n<p><a href=\"https:\/\/cieacova.webs.upv.es\/wp-content\/uploads\/2024\/02\/C2_MED7_GEN24.pdf\">C2_MED7_GEN_24<\/a><\/p>\n<p><a href=\"https:\/\/cieacova.webs.upv.es\/wp-content\/uploads\/2024\/02\/C2_MED8_GEN24.pdf\">C2_MED8_GEN_24<\/a><\/p>\n<\/td>\n<\/tr>\n<\/tbody>\n<\/table>\n\n\n<p>Per poder escoltar l&#8217;\u00e0udio dins del pdf, cal descarregar-lo i obrir-lo fora del navegador web.<\/p>\n","protected":false},"excerpt":{"rendered":"<p>\u00a0 PROVES QUADERN DE RESPOSTES SOLUCIONARIS \u00c0UDIOS TEXTOS D&#8217;EXPRESSI\u00d3ORAL I MEDIACI\u00d3 A2 (B\u00e0sic) A2_QE_GEN 24 A2_QR_GEN 24 A2_SOLUCIONARI_GENER_24 A2_EO_01_GENER_2024 A2_EO_02_GENER_2024 A2_EO_03_GENER_2024 A2_EO_04_GENER_2024 B1 (Elemental) B1_QE_GEN24 B1_QR_GEN24 B1_SOLUCIONARI_GENER_24 B1_EO1_GEN24 B1_EO2_GEN24 B1_EO3_GEN24 B2 (Intermedi) B2_QE_GEN24 B2_QR_GEN24 B2_SOLUCIONARI_GENER_24 B2_EO1_GEN24 B2_EO2_GEN24 B2_EO3_GEN24 B2_EO4_GEN24 C1 (Sufici\u00e8ncia) C1_QE_GEN24 C1_PLR1_GEN24 C1_PLR2_GEN24 C1_SOLUCIONARI_GENER_24 C1_EO_GENER_2024_AF_1 C1_EO_GENER_2024_AF_2 C1_EO_GENER_2024_AF_3 C1_EO_GENER_2024_AF_4 C1_EO_GENER_2024_AF_5 C1_EO_GENER_2024_AF_6 C1_EO_GENER_2024_AF_7 C1_EO_GENER_2024_AF_8 C1_EO_GENER_2024_AF_9 C1_EO_GENER_2024_AF_10&hellip;<\/p>\n","protected":false},"author":57204,"featured_media":0,"parent":0,"menu_order":0,"comment_status":"closed","ping_status":"closed","template":"","meta":{"footnotes":""},"class_list":["post-5271","page","type-page","status-publish","hentry"],"yoast_head":"<!-- This site is optimized with the Yoast SEO plugin v27.5 - https:\/\/yoast.com\/product\/yoast-seo-wordpress\/ -->\n<title>Proves de gener de 2024 - CIEACOVA<\/title>\n<meta name=\"robots\" content=\"index, follow, max-snippet:-1, max-image-preview:large, max-video-preview:-1\" \/>\n<link rel=\"canonical\" href=\"https:\/\/cieacova.com\/?page_id=5271\" \/>\n<meta property=\"og:locale\" content=\"ca_ES\" \/>\n<meta property=\"og:type\" content=\"article\" \/>\n<meta property=\"og:title\" content=\"Proves de gener de 2024 - CIEACOVA\" \/>\n<meta property=\"og:description\" content=\"\u00a0 PROVES QUADERN DE RESPOSTES SOLUCIONARIS \u00c0UDIOS TEXTOS D&#8217;EXPRESSI\u00d3ORAL I MEDIACI\u00d3 A2 (B\u00e0sic) A2_QE_GEN 24 A2_QR_GEN 24 A2_SOLUCIONARI_GENER_24 A2_EO_01_GENER_2024 A2_EO_02_GENER_2024 A2_EO_03_GENER_2024 A2_EO_04_GENER_2024 B1 (Elemental) B1_QE_GEN24 B1_QR_GEN24 B1_SOLUCIONARI_GENER_24 B1_EO1_GEN24 B1_EO2_GEN24 B1_EO3_GEN24 B2 (Intermedi) B2_QE_GEN24 B2_QR_GEN24 B2_SOLUCIONARI_GENER_24 B2_EO1_GEN24 B2_EO2_GEN24 B2_EO3_GEN24 B2_EO4_GEN24 C1 (Sufici\u00e8ncia) C1_QE_GEN24 C1_PLR1_GEN24 C1_PLR2_GEN24 C1_SOLUCIONARI_GENER_24 C1_EO_GENER_2024_AF_1 C1_EO_GENER_2024_AF_2 C1_EO_GENER_2024_AF_3 C1_EO_GENER_2024_AF_4 C1_EO_GENER_2024_AF_5 C1_EO_GENER_2024_AF_6 C1_EO_GENER_2024_AF_7 C1_EO_GENER_2024_AF_8 C1_EO_GENER_2024_AF_9 C1_EO_GENER_2024_AF_10&hellip;\" \/>\n<meta property=\"og:url\" content=\"https:\/\/cieacova.com\/?page_id=5271\" \/>\n<meta property=\"og:site_name\" content=\"CIEACOVA\" \/>\n<meta property=\"article:modified_time\" content=\"2025-02-26T12:54:04+00:00\" \/>\n<meta name=\"twitter:card\" content=\"summary_large_image\" \/>\n<meta name=\"twitter:label1\" content=\"Temps estimat de lectura\" \/>\n\t<meta name=\"twitter:data1\" content=\"1 minut\" \/>\n<script type=\"application\/ld+json\" class=\"yoast-schema-graph\">{\"@context\":\"https:\\\/\\\/schema.org\",\"@graph\":[{\"@type\":\"WebPage\",\"@id\":\"https:\\\/\\\/cieacova.com\\\/?page_id=5271\",\"url\":\"https:\\\/\\\/cieacova.com\\\/?page_id=5271\",\"name\":\"Proves de gener de 2024 - CIEACOVA\",\"isPartOf\":{\"@id\":\"https:\\\/\\\/cieacova.com\\\/#website\"},\"datePublished\":\"2024-02-23T08:29:17+00:00\",\"dateModified\":\"2025-02-26T12:54:04+00:00\",\"breadcrumb\":{\"@id\":\"https:\\\/\\\/cieacova.com\\\/?page_id=5271#breadcrumb\"},\"inLanguage\":\"ca\",\"potentialAction\":[{\"@type\":\"ReadAction\",\"target\":[\"https:\\\/\\\/cieacova.com\\\/?page_id=5271\"]}]},{\"@type\":\"BreadcrumbList\",\"@id\":\"https:\\\/\\\/cieacova.com\\\/?page_id=5271#breadcrumb\",\"itemListElement\":[{\"@type\":\"ListItem\",\"position\":1,\"name\":\"Inici\",\"item\":\"https:\\\/\\\/cieacova.com\\\/\"},{\"@type\":\"ListItem\",\"position\":2,\"name\":\"Proves de gener de 2024\"}]},{\"@type\":\"WebSite\",\"@id\":\"https:\\\/\\\/cieacova.com\\\/#website\",\"url\":\"https:\\\/\\\/cieacova.com\\\/\",\"name\":\"CIEACOVA\",\"description\":\"P\u00e0gina del CIEACOVA\",\"potentialAction\":[{\"@type\":\"SearchAction\",\"target\":{\"@type\":\"EntryPoint\",\"urlTemplate\":\"https:\\\/\\\/cieacova.com\\\/?s={search_term_string}\"},\"query-input\":{\"@type\":\"PropertyValueSpecification\",\"valueRequired\":true,\"valueName\":\"search_term_string\"}}],\"inLanguage\":\"ca\"}]}<\/script>\n<!-- \/ Yoast SEO plugin. -->","yoast_head_json":{"title":"Proves de gener de 2024 - CIEACOVA","robots":{"index":"index","follow":"follow","max-snippet":"max-snippet:-1","max-image-preview":"max-image-preview:large","max-video-preview":"max-video-preview:-1"},"canonical":"https:\/\/cieacova.com\/?page_id=5271","og_locale":"ca_ES","og_type":"article","og_title":"Proves de gener de 2024 - CIEACOVA","og_description":"\u00a0 PROVES QUADERN DE RESPOSTES SOLUCIONARIS \u00c0UDIOS TEXTOS D&#8217;EXPRESSI\u00d3ORAL I MEDIACI\u00d3 A2 (B\u00e0sic) A2_QE_GEN 24 A2_QR_GEN 24 A2_SOLUCIONARI_GENER_24 A2_EO_01_GENER_2024 A2_EO_02_GENER_2024 A2_EO_03_GENER_2024 A2_EO_04_GENER_2024 B1 (Elemental) B1_QE_GEN24 B1_QR_GEN24 B1_SOLUCIONARI_GENER_24 B1_EO1_GEN24 B1_EO2_GEN24 B1_EO3_GEN24 B2 (Intermedi) B2_QE_GEN24 B2_QR_GEN24 B2_SOLUCIONARI_GENER_24 B2_EO1_GEN24 B2_EO2_GEN24 B2_EO3_GEN24 B2_EO4_GEN24 C1 (Sufici\u00e8ncia) C1_QE_GEN24 C1_PLR1_GEN24 C1_PLR2_GEN24 C1_SOLUCIONARI_GENER_24 C1_EO_GENER_2024_AF_1 C1_EO_GENER_2024_AF_2 C1_EO_GENER_2024_AF_3 C1_EO_GENER_2024_AF_4 C1_EO_GENER_2024_AF_5 C1_EO_GENER_2024_AF_6 C1_EO_GENER_2024_AF_7 C1_EO_GENER_2024_AF_8 C1_EO_GENER_2024_AF_9 C1_EO_GENER_2024_AF_10&hellip;","og_url":"https:\/\/cieacova.com\/?page_id=5271","og_site_name":"CIEACOVA","article_modified_time":"2025-02-26T12:54:04+00:00","twitter_card":"summary_large_image","twitter_misc":{"Temps estimat de lectura":"1 minut"},"schema":{"@context":"https:\/\/schema.org","@graph":[{"@type":"WebPage","@id":"https:\/\/cieacova.com\/?page_id=5271","url":"https:\/\/cieacova.com\/?page_id=5271","name":"Proves de gener de 2024 - CIEACOVA","isPartOf":{"@id":"https:\/\/cieacova.com\/#website"},"datePublished":"2024-02-23T08:29:17+00:00","dateModified":"2025-02-26T12:54:04+00:00","breadcrumb":{"@id":"https:\/\/cieacova.com\/?page_id=5271#breadcrumb"},"inLanguage":"ca","potentialAction":[{"@type":"ReadAction","target":["https:\/\/cieacova.com\/?page_id=5271"]}]},{"@type":"BreadcrumbList","@id":"https:\/\/cieacova.com\/?page_id=5271#breadcrumb","itemListElement":[{"@type":"ListItem","position":1,"name":"Inici","item":"https:\/\/cieacova.com\/"},{"@type":"ListItem","position":2,"name":"Proves de gener de 2024"}]},{"@type":"WebSite","@id":"https:\/\/cieacova.com\/#website","url":"https:\/\/cieacova.com\/","name":"CIEACOVA","description":"P\u00e0gina del CIEACOVA","potentialAction":[{"@type":"SearchAction","target":{"@type":"EntryPoint","urlTemplate":"https:\/\/cieacova.com\/?s={search_term_string}"},"query-input":{"@type":"PropertyValueSpecification","valueRequired":true,"valueName":"search_term_string"}}],"inLanguage":"ca"}]}},"_links":{"self":[{"href":"https:\/\/cieacova.com\/index.php?rest_route=\/wp\/v2\/pages\/5271","targetHints":{"allow":["GET"]}}],"collection":[{"href":"https:\/\/cieacova.com\/index.php?rest_route=\/wp\/v2\/pages"}],"about":[{"href":"https:\/\/cieacova.com\/index.php?rest_route=\/wp\/v2\/types\/page"}],"author":[{"embeddable":true,"href":"https:\/\/cieacova.com\/index.php?rest_route=\/wp\/v2\/users\/57204"}],"replies":[{"embeddable":true,"href":"https:\/\/cieacova.com\/index.php?rest_route=%2Fwp%2Fv2%2Fcomments&post=5271"}],"version-history":[{"count":1,"href":"https:\/\/cieacova.com\/index.php?rest_route=\/wp\/v2\/pages\/5271\/revisions"}],"predecessor-version":[{"id":5455,"href":"https:\/\/cieacova.com\/index.php?rest_route=\/wp\/v2\/pages\/5271\/revisions\/5455"}],"wp:attachment":[{"href":"https:\/\/cieacova.com\/index.php?rest_route=%2Fwp%2Fv2%2Fmedia&parent=5271"}],"curies":[{"name":"wp","href":"https:\/\/api.w.org\/{rel}","templated":true}]}}