{"id":5654,"date":"2025-07-10T09:00:00","date_gmt":"2025-07-10T08:00:00","guid":{"rendered":"https:\/\/cieacova.com\/?page_id=5654"},"modified":"2025-09-19T11:16:51","modified_gmt":"2025-09-19T10:16:51","slug":"proves-de-maig-juny-de-2025","status":"publish","type":"page","link":"https:\/\/cieacova.com\/?page_id=5654","title":{"rendered":"Proves de maig-juny de 2025"},"content":{"rendered":"\n<figure style=\"font-size:17px\" class=\"wp-block-table\"><table><tbody><tr><td><\/td><td class=\"has-text-align-center\" data-align=\"center\">PROVES<\/td><td class=\"has-text-align-center\" data-align=\"center\">QUADERN DE RESPOSTES<\/td><td class=\"has-text-align-center\" data-align=\"center\">SOLUCIONARIS<\/td><td class=\"has-text-align-center\" data-align=\"center\">\u00c0UDIOS<\/td><td class=\"has-text-align-center\" data-align=\"center\">TEXTOS D\u2019EXPRESSI\u00d3<br>ORAL I MEDIACI\u00d3<\/td><\/tr><tr><td>A2(B\u00e0sic)<\/td><td class=\"has-text-align-center\" data-align=\"center\"><a href=\"https:\/\/cieacova.com\/wp-content\/uploads\/2025\/07\/A2_QE_MAIG_JUNY_2025.pdf\" target=\"_blank\" rel=\"noreferrer noopener\">A2_QE JUNY25<\/a><\/td><td class=\"has-text-align-center\" data-align=\"center\"><a href=\"https:\/\/cieacova.com\/wp-content\/uploads\/2025\/07\/A2_QR_MAIG_JUNY_2025.pdf\" target=\"_blank\" rel=\"noreferrer noopener\">A2 QR JUNY25<\/a><\/td><td class=\"has-text-align-center\" data-align=\"center\"><a href=\"https:\/\/cieacova.com\/wp-content\/uploads\/2025\/07\/A2_SOLUCIONARI_WEB_MAIG-JUNY25.pdf\" target=\"_blank\" rel=\"noreferrer noopener\">A2 SOLUCIONARI JUNY25<\/a><\/td><td class=\"has-text-align-center\" data-align=\"center\"><audio class=\"wp-audio-shortcode\" id=\"audio-5654-1\" preload=\"none\" style=\"width: 100%;\" controls=\"controls\"><source type=\"audio\/mpeg\" src=\"https:\/\/cieacova.com\/wp-content\/uploads\/2025\/07\/A2_MAIG-JUNY25.mp3?_=1\" \/><a href=\"https:\/\/cieacova.com\/wp-content\/uploads\/2025\/07\/A2_MAIG-JUNY25.mp3\">https:\/\/cieacova.com\/wp-content\/uploads\/2025\/07\/A2_MAIG-JUNY25.mp3<\/a><\/audio><br><a href=\"https:\/\/cieacova.com\/wp-content\/uploads\/2025\/07\/A2_MAIG-JUNY25.mp3\" target=\"_blank\" rel=\"noreferrer noopener\">Obre en finestra nova<\/a><\/td><td class=\"has-text-align-center\" data-align=\"center\"><a href=\"https:\/\/cieacova.com\/wp-content\/uploads\/2025\/07\/A2_EO_MAIG-JUNY_2025_1.pdf\" target=\"_blank\" rel=\"noreferrer noopener\">A2_EO_01_JUNY2025<\/a><br><a href=\"https:\/\/cieacova.com\/wp-content\/uploads\/2025\/07\/A2_EO_MAIG-JUNY_2025_2.pdf\" target=\"_blank\" rel=\"noreferrer noopener\">A2_EO_02_JUNY2025<\/a><br><a href=\"https:\/\/cieacova.com\/wp-content\/uploads\/2025\/07\/A2_EO_MAIG-JUNY_2025_3.pdf\" target=\"_blank\" rel=\"noreferrer noopener\">A2_EO_03_JUNY2025<\/a><br><a href=\"https:\/\/cieacova.com\/wp-content\/uploads\/2025\/07\/A2_EO_MAIG-JUNY_2025_4.pdf\" target=\"_blank\" rel=\"noreferrer noopener\">A2_EO_04_JUNY2025<\/a><\/td><\/tr><tr><td>B1<br>(Elemental)<\/td><td class=\"has-text-align-center\" data-align=\"center\"><a href=\"https:\/\/cieacova.com\/wp-content\/uploads\/2025\/07\/B1_QE_MAIG-JUNY_2025.pdf\" target=\"_blank\" rel=\"noreferrer noopener\">B1 QE JUNY25<\/a><\/td><td class=\"has-text-align-center\" data-align=\"center\"><a href=\"https:\/\/cieacova.com\/wp-content\/uploads\/2025\/07\/B1_QR_MAIG-JUNY_2025.pdf\" target=\"_blank\" rel=\"noreferrer noopener\">B1 QR JUNY25<\/a><\/td><td class=\"has-text-align-center\" data-align=\"center\"><a href=\"https:\/\/cieacova.com\/wp-content\/uploads\/2025\/07\/B1_SOLUCIONARI_WEB_MAIG-JUNY25.pdf\" target=\"_blank\" rel=\"noreferrer noopener\">B1 SOLUCIONARI JUNY25<\/a><\/td><td class=\"has-text-align-center\" data-align=\"center\"><audio class=\"wp-audio-shortcode\" id=\"audio-5654-2\" preload=\"none\" style=\"width: 100%;\" controls=\"controls\"><source type=\"audio\/mpeg\" src=\"https:\/\/cieacova.com\/wp-content\/uploads\/2025\/07\/B1_MAIG-JUNY25.mp3?_=2\" \/><a href=\"https:\/\/cieacova.com\/wp-content\/uploads\/2025\/07\/B1_MAIG-JUNY25.mp3\">https:\/\/cieacova.com\/wp-content\/uploads\/2025\/07\/B1_MAIG-JUNY25.mp3<\/a><\/audio><br><a href=\"https:\/\/cieacova.com\/wp-content\/uploads\/2025\/07\/B1_MAIG-JUNY25.mp3\" target=\"_blank\" rel=\"noreferrer noopener\">Obre en finestra nova<\/a><\/td><td class=\"has-text-align-center\" data-align=\"center\"><a href=\"https:\/\/cieacova.com\/wp-content\/uploads\/2025\/07\/B1_EO_MAIG-JUNY_2025_1.pdf\" target=\"_blank\" rel=\"noreferrer noopener\">B1 EO 01 JUNY 2025<\/a><br><a href=\"https:\/\/cieacova.com\/wp-content\/uploads\/2025\/07\/B1_EO_MAIG-JUNY_2025_2.pdf\" target=\"_blank\" rel=\"noreferrer noopener\">B1 EO 02 JUNY 2025<\/a><br><a href=\"https:\/\/cieacova.com\/wp-content\/uploads\/2025\/07\/B1_EO_MAIG-JUNY_2025_3.pdf\" target=\"_blank\" rel=\"noreferrer noopener\">B1 EO 03 JUNY 2025<\/a><br><a href=\"https:\/\/cieacova.com\/wp-content\/uploads\/2025\/07\/B1_EO_MAIG-JUNY_2025_4.pdf\" target=\"_blank\" rel=\"noreferrer noopener\">B1 EO 04 JUNY 2025<\/a><\/td><\/tr><tr><td>B2<br>(Intermedi)<\/td><td class=\"has-text-align-center\" data-align=\"center\"><a href=\"https:\/\/cieacova.com\/wp-content\/uploads\/2025\/07\/B2_QE_MAIG-JUNY_2025.pdf\" target=\"_blank\" rel=\"noreferrer noopener\">B2 QE JUNY25<\/a><\/td><td class=\"has-text-align-center\" data-align=\"center\"><a href=\"https:\/\/cieacova.com\/wp-content\/uploads\/2025\/07\/B2_QR_MAIG-JUNY_2025.pdf\">B2<\/a><a href=\"https:\/\/cieacova.com\/wp-content\/uploads\/2025\/07\/B2_QR_MAIG-JUNY_2025.pdf\" target=\"_blank\" rel=\"noreferrer noopener\"> <\/a><a href=\"https:\/\/cieacova.com\/wp-content\/uploads\/2025\/07\/B2_QR_MAIG-JUNY_2025.pdf\">QR JUNY25<\/a><\/td><td class=\"has-text-align-center\" data-align=\"center\"><a href=\"https:\/\/cieacova.com\/wp-content\/uploads\/2025\/09\/B2_SOLU_WEB_MAIG-JUNY_2025.pdf\" target=\"_blank\" rel=\"noreferrer noopener\">B2 SOLUCIONARI JUNY25<\/a><\/td><td class=\"has-text-align-center\" data-align=\"center\"><audio class=\"wp-audio-shortcode\" id=\"audio-5654-3\" preload=\"none\" style=\"width: 100%;\" controls=\"controls\"><source type=\"audio\/mpeg\" src=\"https:\/\/cieacova.com\/wp-content\/uploads\/2025\/07\/B2_MAIG-JUNY25.mp3?_=3\" \/><a href=\"https:\/\/cieacova.com\/wp-content\/uploads\/2025\/07\/B2_MAIG-JUNY25.mp3\">https:\/\/cieacova.com\/wp-content\/uploads\/2025\/07\/B2_MAIG-JUNY25.mp3<\/a><\/audio><br><a href=\"https:\/\/cieacova.com\/wp-content\/uploads\/2025\/07\/B2_MAIG-JUNY25.mp3\" target=\"_blank\" rel=\"noreferrer noopener\">Obre en finestra nova<\/a><\/td><td class=\"has-text-align-center\" data-align=\"center\"><a href=\"https:\/\/cieacova.com\/wp-content\/uploads\/2025\/07\/B2_EO_MAIG-JUNY_2025_01.pdf\" target=\"_blank\" rel=\"noreferrer noopener\">B2 EO 01 JUNY 2025<\/a><br><a href=\"https:\/\/cieacova.com\/wp-content\/uploads\/2025\/07\/B2_EO_MAIG-JUNY_2025_02.pdf\" target=\"_blank\" rel=\"noreferrer noopener\">B2 EO 02 JUNY 2025<\/a><br><a href=\"https:\/\/cieacova.com\/wp-content\/uploads\/2025\/07\/B2_EO_MAIG-JUNY_2025_04.pdf\" target=\"_blank\" rel=\"noreferrer noopener\">B2 EO 04 JUNY 2025<\/a><\/td><\/tr><tr><td>C1<br>(Sufici\u00e8ncia)<\/td><td class=\"has-text-align-center\" data-align=\"center\"><a href=\"https:\/\/cieacova.com\/wp-content\/uploads\/2025\/07\/C1_QE_MAIG-JUNY_2025.pdf\" target=\"_blank\" rel=\"noreferrer noopener\">C1 QE JUNY25<\/a><\/td><td class=\"has-text-align-center\" data-align=\"center\"><a href=\"https:\/\/cieacova.com\/wp-content\/uploads\/2025\/07\/C1_PLR1_MAIG-JUNY25.pdf\" target=\"_blank\" rel=\"noreferrer noopener\">C1 PLR1 JUNY25<\/a><br><a href=\"https:\/\/cieacova.com\/wp-content\/uploads\/2025\/07\/C1_PLR2_MAIG-JUNY25.pdf\" target=\"_blank\" rel=\"noreferrer noopener\">C1 PLR2 JUNY25<\/a><\/td><td class=\"has-text-align-center\" data-align=\"center\"><a href=\"https:\/\/cieacova.com\/wp-content\/uploads\/2025\/07\/C1_SOLUCIONARI_WEB_MAIG-JUNY25.pdf\" target=\"_blank\" rel=\"noreferrer noopener\">C1 SOLUCIONARI JUNY25<\/a><\/td><td class=\"has-text-align-center\" data-align=\"center\"><audio class=\"wp-audio-shortcode\" id=\"audio-5654-4\" preload=\"none\" style=\"width: 100%;\" controls=\"controls\"><source type=\"audio\/mpeg\" src=\"https:\/\/cieacova.com\/wp-content\/uploads\/2025\/07\/C1_MAIG-JUNY25.mp3?_=4\" \/><a href=\"https:\/\/cieacova.com\/wp-content\/uploads\/2025\/07\/C1_MAIG-JUNY25.mp3\">https:\/\/cieacova.com\/wp-content\/uploads\/2025\/07\/C1_MAIG-JUNY25.mp3<\/a><\/audio><br><a href=\"https:\/\/cieacova.com\/wp-content\/uploads\/2025\/07\/C1_MAIG-JUNY25.mp3\" target=\"_blank\" rel=\"noreferrer noopener\">Obre en finestra nova<\/a><\/td><td class=\"has-text-align-center\" data-align=\"center\"><a href=\"https:\/\/cieacova.com\/wp-content\/uploads\/2025\/07\/C1_EO1_MAIG-JUNY25.pdf\" target=\"_blank\" rel=\"noreferrer noopener\">C1 EO 01 MAIG-JUNY 2025<\/a><br><a href=\"https:\/\/cieacova.com\/wp-content\/uploads\/2025\/07\/C1_EO2_MAIG-JUNY25.pdf\" target=\"_blank\" rel=\"noreferrer noopener\">C1 EO 02 MAIG-JUNY 2025<\/a><br><a href=\"https:\/\/cieacova.com\/wp-content\/uploads\/2025\/07\/C1_EO3_MAIG-JUNY25.pdf\" target=\"_blank\" rel=\"noreferrer noopener\">C1 EO 03 MAIG-JUNY 2025<\/a><br><a href=\"https:\/\/cieacova.com\/wp-content\/uploads\/2025\/07\/C1_EO4_MAIG-JUNY25.pdf\" target=\"_blank\" rel=\"noreferrer noopener\">C1 EO 04 MAIG-JUNY 2025<\/a><br><a href=\"https:\/\/cieacova.com\/wp-content\/uploads\/2025\/07\/C1_EO5_MAIG-JUNY25.pdf\" target=\"_blank\" rel=\"noreferrer noopener\">C1 EO 05 MAIG-JUNY 2025<\/a><br><a href=\"https:\/\/cieacova.com\/wp-content\/uploads\/2025\/07\/C1_EO6_MAIG-JUNY25.pdf\" target=\"_blank\" rel=\"noreferrer noopener\">C1 EO 06 MAIG-JUNY 2025<\/a><br><a href=\"https:\/\/cieacova.com\/wp-content\/uploads\/2025\/07\/C1_EO7_MAIG-JUNY25.pdf\" target=\"_blank\" rel=\"noreferrer noopener\">C1 EO 07 MAIG-JUNY 2025<\/a><br><a href=\"https:\/\/cieacova.com\/wp-content\/uploads\/2025\/07\/C1_EO8_MAIG-JUNY25.pdf\" target=\"_blank\" rel=\"noreferrer noopener\">C1 EO 08 MAIG-JUNY 2025<\/a><br><a href=\"https:\/\/cieacova.com\/wp-content\/uploads\/2025\/07\/C1_EO9_MAIG-JUNY25.pdf\" target=\"_blank\" rel=\"noreferrer noopener\">C1 EO 09 MAIG-JUNY 2025<\/a><br><a href=\"https:\/\/cieacova.com\/wp-content\/uploads\/2025\/07\/C1_EO10_MAIG-JUNY25.pdf\" target=\"_blank\" rel=\"noreferrer noopener\">C1 EO 10 MAIG-JUNY 2025<\/a><br><a href=\"https:\/\/cieacova.com\/wp-content\/uploads\/2025\/07\/C1_EO11_MAIG-JUNY25.pdf\" target=\"_blank\" rel=\"noreferrer noopener\">C1 EO 11 MAIG-JUNY 2025<\/a><br><a href=\"https:\/\/cieacova.com\/wp-content\/uploads\/2025\/07\/C1_EO12_MAIG-JUNY25.pdf\" target=\"_blank\" rel=\"noreferrer noopener\">C1 EO 12 MAIG-JUNY 2025<\/a><br><a href=\"https:\/\/cieacova.com\/wp-content\/uploads\/2025\/07\/C1_EO13_MAIG-JUNY25.pdf\" target=\"_blank\" rel=\"noreferrer noopener\">C1 EO 13 MAIG-JUNY 2025<\/a><br><a href=\"https:\/\/cieacova.com\/wp-content\/uploads\/2025\/07\/C1_EO14_MAIG-JUNY25.pdf\" target=\"_blank\" rel=\"noreferrer noopener\">C1 EO 14 MAIG-JUNY 2025<\/a><br><a href=\"https:\/\/cieacova.com\/wp-content\/uploads\/2025\/07\/C1_EO15_MAIG-JUNY25.pdf\" target=\"_blank\" rel=\"noreferrer noopener\">C1 EO 15 MAIG-JUNY 2025<\/a><br><a href=\"https:\/\/cieacova.com\/wp-content\/uploads\/2025\/07\/C1_EO16_MAIG-JUNY25.pdf\" target=\"_blank\" rel=\"noreferrer noopener\">C1 EO 16 MAIG-JUNY 2025<\/a><\/td><\/tr><tr><td>C2<br>(Superior)<\/td><td class=\"has-text-align-center\" data-align=\"center\"><a href=\"https:\/\/cieacova.com\/wp-content\/uploads\/2025\/07\/C2_QE_MAIG-JUNY_2025.pdf\" target=\"_blank\" rel=\"noreferrer noopener\">C2 QE JUNY25<\/a><\/td><td class=\"has-text-align-center\" data-align=\"center\"><a href=\"https:\/\/cieacova.com\/wp-content\/uploads\/2025\/07\/C2_PLR1_MAIG-JUNY25.pdf\" target=\"_blank\" rel=\"noreferrer noopener\">C2 PLR1 JUNY25<\/a><br><a href=\"https:\/\/cieacova.com\/wp-content\/uploads\/2025\/07\/C2_PLR2_MAIG-JUNY25.pdf\" target=\"_blank\" rel=\"noreferrer noopener\">C2 PLR2 JUNY25<\/a><\/td><td class=\"has-text-align-center\" data-align=\"center\"><a href=\"https:\/\/cieacova.com\/wp-content\/uploads\/2025\/07\/C2_SOLUCIONARI_WEB_MAIG-JUNY25.pdf\" target=\"_blank\" rel=\"noreferrer noopener\">C2 SOLUCIONARI JUNY25<\/a><\/td><td class=\"has-text-align-center\" data-align=\"center\"><audio class=\"wp-audio-shortcode\" id=\"audio-5654-5\" preload=\"none\" style=\"width: 100%;\" controls=\"controls\"><source type=\"audio\/mpeg\" src=\"https:\/\/cieacova.com\/wp-content\/uploads\/2025\/07\/C2_MAIG-JUNY25.mp3?_=5\" \/><a href=\"https:\/\/cieacova.com\/wp-content\/uploads\/2025\/07\/C2_MAIG-JUNY25.mp3\">https:\/\/cieacova.com\/wp-content\/uploads\/2025\/07\/C2_MAIG-JUNY25.mp3<\/a><\/audio><br><a href=\"https:\/\/cieacova.com\/wp-content\/uploads\/2025\/07\/C2_MAIG-JUNY25.mp3\" target=\"_blank\" rel=\"noreferrer noopener\">Obre en finestra nova<\/a><\/td><td class=\"has-text-align-center\" data-align=\"center\"><a href=\"https:\/\/cieacova.com\/wp-content\/uploads\/2025\/07\/C2_MO_MAIG-JUNY_2025_1.pdf\" target=\"_blank\" rel=\"noreferrer noopener\">C2 MO 01 MAIG-JUNY 2025<\/a><br><a href=\"https:\/\/cieacova.com\/wp-content\/uploads\/2025\/07\/C2_MO_MAIG-JUNY_2025_2.pdf\" target=\"_blank\" rel=\"noreferrer noopener\">C2 MO 02 MAIG-JUNY 2025<\/a><br><a href=\"https:\/\/cieacova.com\/wp-content\/uploads\/2025\/07\/C2_MO_MAIG-JUNY_2025_3.pdf\" target=\"_blank\" rel=\"noreferrer noopener\">C2 MO 03 MAIG-JUNY 2025<\/a><br><a href=\"https:\/\/cieacova.com\/wp-content\/uploads\/2025\/07\/C2_MO_MAIG-JUNY_2025_4.pdf\" target=\"_blank\" rel=\"noreferrer noopener\">C2 MO 04 MAIG-JUNY 2025<\/a><br><a href=\"https:\/\/cieacova.com\/wp-content\/uploads\/2025\/07\/C2_MO_MAIG-JUNY_2025_5.pdf\" target=\"_blank\" rel=\"noreferrer noopener\">C2 MO 05 MAIG-JUNY 2025<\/a><br><a href=\"https:\/\/cieacova.com\/wp-content\/uploads\/2025\/07\/C2_MO_MAIG-JUNY_2025_6.pdf\" target=\"_blank\" rel=\"noreferrer noopener\">C2 MO 06 MAIG-JUNY 2025<\/a><br><a href=\"https:\/\/cieacova.com\/wp-content\/uploads\/2025\/07\/C2_MO_MAIG-JUNY_2025_7.pdf\" target=\"_blank\" rel=\"noreferrer noopener\">C2 MO 07 MAIG-JUNY 2025<\/a><br><a href=\"https:\/\/cieacova.com\/wp-content\/uploads\/2025\/07\/C2_MO_MAIG-JUNY_2025_8.pdf\" target=\"_blank\" rel=\"noreferrer noopener\">C2 MO 08 MAIG-JUNY 2025<\/a><\/td><\/tr><\/tbody><\/table><\/figure>\n\n\n\n<p>Per a descarregar els \u00e0udios, cal punxar en l&#8217;enlla\u00e7 per a obrir-los en una nova finestra i descarregar-los all\u00ed.<\/p>\n","protected":false},"excerpt":{"rendered":"<p>PROVES QUADERN DE RESPOSTES SOLUCIONARIS \u00c0UDIOS TEXTOS D\u2019EXPRESSI\u00d3ORAL I MEDIACI\u00d3 A2(B\u00e0sic) A2_QE JUNY25 A2 QR JUNY25 A2 SOLUCIONARI JUNY25 Obre en finestra nova A2_EO_01_JUNY2025A2_EO_02_JUNY2025A2_EO_03_JUNY2025A2_EO_04_JUNY2025 B1(Elemental) B1 QE JUNY25 B1 QR JUNY25 B1 SOLUCIONARI JUNY25 Obre en finestra nova B1 EO 01 JUNY 2025B1 EO 02 JUNY 2025B1 EO 03 JUNY 2025B1 EO 04 JUNY 2025&hellip;<\/p>\n","protected":false},"author":57910,"featured_media":0,"parent":0,"menu_order":0,"comment_status":"closed","ping_status":"closed","template":"","meta":{"footnotes":""},"class_list":["post-5654","page","type-page","status-publish","hentry"],"yoast_head":"<!-- This site is optimized with the Yoast SEO plugin v27.5 - https:\/\/yoast.com\/product\/yoast-seo-wordpress\/ -->\n<title>Proves de maig-juny de 2025 - CIEACOVA<\/title>\n<meta name=\"robots\" content=\"index, follow, max-snippet:-1, max-image-preview:large, max-video-preview:-1\" \/>\n<link rel=\"canonical\" href=\"https:\/\/cieacova.com\/?page_id=5654\" \/>\n<meta property=\"og:locale\" content=\"ca_ES\" \/>\n<meta property=\"og:type\" content=\"article\" \/>\n<meta property=\"og:title\" content=\"Proves de maig-juny de 2025 - CIEACOVA\" \/>\n<meta property=\"og:description\" content=\"PROVES QUADERN DE RESPOSTES SOLUCIONARIS \u00c0UDIOS TEXTOS D\u2019EXPRESSI\u00d3ORAL I MEDIACI\u00d3 A2(B\u00e0sic) A2_QE JUNY25 A2 QR JUNY25 A2 SOLUCIONARI JUNY25 Obre en finestra nova A2_EO_01_JUNY2025A2_EO_02_JUNY2025A2_EO_03_JUNY2025A2_EO_04_JUNY2025 B1(Elemental) B1 QE JUNY25 B1 QR JUNY25 B1 SOLUCIONARI JUNY25 Obre en finestra nova B1 EO 01 JUNY 2025B1 EO 02 JUNY 2025B1 EO 03 JUNY 2025B1 EO 04 JUNY 2025&hellip;\" \/>\n<meta property=\"og:url\" content=\"https:\/\/cieacova.com\/?page_id=5654\" \/>\n<meta property=\"og:site_name\" content=\"CIEACOVA\" \/>\n<meta property=\"article:modified_time\" content=\"2025-09-19T10:16:51+00:00\" \/>\n<meta name=\"twitter:card\" content=\"summary_large_image\" \/>\n<meta name=\"twitter:label1\" content=\"Temps estimat de lectura\" \/>\n\t<meta name=\"twitter:data1\" content=\"2 minuts\" \/>\n<script type=\"application\/ld+json\" class=\"yoast-schema-graph\">{\"@context\":\"https:\\\/\\\/schema.org\",\"@graph\":[{\"@type\":\"WebPage\",\"@id\":\"https:\\\/\\\/cieacova.com\\\/?page_id=5654\",\"url\":\"https:\\\/\\\/cieacova.com\\\/?page_id=5654\",\"name\":\"Proves de maig-juny de 2025 - CIEACOVA\",\"isPartOf\":{\"@id\":\"https:\\\/\\\/cieacova.com\\\/#website\"},\"datePublished\":\"2025-07-10T08:00:00+00:00\",\"dateModified\":\"2025-09-19T10:16:51+00:00\",\"breadcrumb\":{\"@id\":\"https:\\\/\\\/cieacova.com\\\/?page_id=5654#breadcrumb\"},\"inLanguage\":\"ca\",\"potentialAction\":[{\"@type\":\"ReadAction\",\"target\":[\"https:\\\/\\\/cieacova.com\\\/?page_id=5654\"]}]},{\"@type\":\"BreadcrumbList\",\"@id\":\"https:\\\/\\\/cieacova.com\\\/?page_id=5654#breadcrumb\",\"itemListElement\":[{\"@type\":\"ListItem\",\"position\":1,\"name\":\"Inici\",\"item\":\"https:\\\/\\\/cieacova.com\\\/\"},{\"@type\":\"ListItem\",\"position\":2,\"name\":\"Proves de maig-juny de 2025\"}]},{\"@type\":\"WebSite\",\"@id\":\"https:\\\/\\\/cieacova.com\\\/#website\",\"url\":\"https:\\\/\\\/cieacova.com\\\/\",\"name\":\"CIEACOVA\",\"description\":\"P\u00e0gina del CIEACOVA\",\"potentialAction\":[{\"@type\":\"SearchAction\",\"target\":{\"@type\":\"EntryPoint\",\"urlTemplate\":\"https:\\\/\\\/cieacova.com\\\/?s={search_term_string}\"},\"query-input\":{\"@type\":\"PropertyValueSpecification\",\"valueRequired\":true,\"valueName\":\"search_term_string\"}}],\"inLanguage\":\"ca\"}]}<\/script>\n<!-- \/ Yoast SEO plugin. -->","yoast_head_json":{"title":"Proves de maig-juny de 2025 - CIEACOVA","robots":{"index":"index","follow":"follow","max-snippet":"max-snippet:-1","max-image-preview":"max-image-preview:large","max-video-preview":"max-video-preview:-1"},"canonical":"https:\/\/cieacova.com\/?page_id=5654","og_locale":"ca_ES","og_type":"article","og_title":"Proves de maig-juny de 2025 - CIEACOVA","og_description":"PROVES QUADERN DE RESPOSTES SOLUCIONARIS \u00c0UDIOS TEXTOS D\u2019EXPRESSI\u00d3ORAL I MEDIACI\u00d3 A2(B\u00e0sic) A2_QE JUNY25 A2 QR JUNY25 A2 SOLUCIONARI JUNY25 Obre en finestra nova A2_EO_01_JUNY2025A2_EO_02_JUNY2025A2_EO_03_JUNY2025A2_EO_04_JUNY2025 B1(Elemental) B1 QE JUNY25 B1 QR JUNY25 B1 SOLUCIONARI JUNY25 Obre en finestra nova B1 EO 01 JUNY 2025B1 EO 02 JUNY 2025B1 EO 03 JUNY 2025B1 EO 04 JUNY 2025&hellip;","og_url":"https:\/\/cieacova.com\/?page_id=5654","og_site_name":"CIEACOVA","article_modified_time":"2025-09-19T10:16:51+00:00","twitter_card":"summary_large_image","twitter_misc":{"Temps estimat de lectura":"2 minuts"},"schema":{"@context":"https:\/\/schema.org","@graph":[{"@type":"WebPage","@id":"https:\/\/cieacova.com\/?page_id=5654","url":"https:\/\/cieacova.com\/?page_id=5654","name":"Proves de maig-juny de 2025 - CIEACOVA","isPartOf":{"@id":"https:\/\/cieacova.com\/#website"},"datePublished":"2025-07-10T08:00:00+00:00","dateModified":"2025-09-19T10:16:51+00:00","breadcrumb":{"@id":"https:\/\/cieacova.com\/?page_id=5654#breadcrumb"},"inLanguage":"ca","potentialAction":[{"@type":"ReadAction","target":["https:\/\/cieacova.com\/?page_id=5654"]}]},{"@type":"BreadcrumbList","@id":"https:\/\/cieacova.com\/?page_id=5654#breadcrumb","itemListElement":[{"@type":"ListItem","position":1,"name":"Inici","item":"https:\/\/cieacova.com\/"},{"@type":"ListItem","position":2,"name":"Proves de maig-juny de 2025"}]},{"@type":"WebSite","@id":"https:\/\/cieacova.com\/#website","url":"https:\/\/cieacova.com\/","name":"CIEACOVA","description":"P\u00e0gina del CIEACOVA","potentialAction":[{"@type":"SearchAction","target":{"@type":"EntryPoint","urlTemplate":"https:\/\/cieacova.com\/?s={search_term_string}"},"query-input":{"@type":"PropertyValueSpecification","valueRequired":true,"valueName":"search_term_string"}}],"inLanguage":"ca"}]}},"_links":{"self":[{"href":"https:\/\/cieacova.com\/index.php?rest_route=\/wp\/v2\/pages\/5654","targetHints":{"allow":["GET"]}}],"collection":[{"href":"https:\/\/cieacova.com\/index.php?rest_route=\/wp\/v2\/pages"}],"about":[{"href":"https:\/\/cieacova.com\/index.php?rest_route=\/wp\/v2\/types\/page"}],"author":[{"embeddable":true,"href":"https:\/\/cieacova.com\/index.php?rest_route=\/wp\/v2\/users\/57910"}],"replies":[{"embeddable":true,"href":"https:\/\/cieacova.com\/index.php?rest_route=%2Fwp%2Fv2%2Fcomments&post=5654"}],"version-history":[{"count":8,"href":"https:\/\/cieacova.com\/index.php?rest_route=\/wp\/v2\/pages\/5654\/revisions"}],"predecessor-version":[{"id":5740,"href":"https:\/\/cieacova.com\/index.php?rest_route=\/wp\/v2\/pages\/5654\/revisions\/5740"}],"wp:attachment":[{"href":"https:\/\/cieacova.com\/index.php?rest_route=%2Fwp%2Fv2%2Fmedia&parent=5654"}],"curies":[{"name":"wp","href":"https:\/\/api.w.org\/{rel}","templated":true}]}}