{"id":5785,"date":"2026-02-23T09:00:00","date_gmt":"2026-02-23T08:00:00","guid":{"rendered":"https:\/\/cieacova.com\/?page_id=5785"},"modified":"2026-03-26T10:12:37","modified_gmt":"2026-03-26T09:12:37","slug":"proves-de-gener-de-2026","status":"publish","type":"page","link":"https:\/\/cieacova.com\/?page_id=5785","title":{"rendered":"Proves de Gener de 2026"},"content":{"rendered":"\n<figure class=\"wp-block-table is-style-regular\"><table><tbody><tr><td><\/td><td class=\"has-text-align-center\" data-align=\"center\">PROVES<\/td><td class=\"has-text-align-center\" data-align=\"center\">QUADERN DE RESPOSTES<\/td><td class=\"has-text-align-center\" data-align=\"center\">SOLUCIONARIS<\/td><td class=\"has-text-align-center\" data-align=\"center\">\u00c0UDIOS<\/td><td class=\"has-text-align-center\" data-align=\"center\">TEXTOS D&#8217;EXPRESSI\u00d3<br>ORAL I MEDIACI\u00d3<\/td><\/tr><tr><td>A2 (B\u00e0sic)<\/td><td class=\"has-text-align-center\" data-align=\"center\"><a href=\"https:\/\/cieacova.com\/wp-content\/uploads\/2026\/02\/A2_QE_GEN26.pdf\" target=\"_blank\" rel=\"noreferrer noopener\">A2_QE_GEN26<\/a><\/td><td class=\"has-text-align-center\" data-align=\"center\"><a href=\"https:\/\/cieacova.com\/wp-content\/uploads\/2026\/02\/A2_QR_GEN26.pdf\" target=\"_blank\" rel=\"noreferrer noopener\">A2_QR_GEN26<\/a><\/td><td class=\"has-text-align-center\" data-align=\"center\"><a href=\"https:\/\/cieacova.com\/wp-content\/uploads\/2026\/02\/A2_SOLUCIONARI_GENER_2026.pdf\" target=\"_blank\" rel=\"noreferrer noopener\">A2_SOLUCIONARI_GEN26<\/a><\/td><td class=\"has-text-align-center\" data-align=\"center\"><a href=\"https:\/\/cieacova.com\/wp-content\/uploads\/2026\/02\/AUDIOS_A2_GENER-2026.mp3\" target=\"_blank\" rel=\"noreferrer noopener\">\u00c0udio nivell A2<\/a><audio src=\"https:\/\/cieacova.webs.upv.es\/wp-content\/uploads\/2025\/02\/A2_GENER_2025.mp3\"><\/audio><\/td><td class=\"has-text-align-center\" data-align=\"center\"><a href=\"https:\/\/cieacova.com\/wp-content\/uploads\/2026\/02\/A2_EO1_GEN26.pdf\" target=\"_blank\" rel=\"noreferrer noopener\">A2_EO1_GEN26<\/a><br><a href=\"https:\/\/cieacova.com\/wp-content\/uploads\/2026\/02\/A2_EO2_GEN26.pdf\" target=\"_blank\" rel=\"noreferrer noopener\">A2_EO2_GEN26<\/a><br><a href=\"https:\/\/cieacova.com\/wp-content\/uploads\/2026\/02\/A2_EO3_GEN26.pdf\" target=\"_blank\" rel=\"noreferrer noopener\">A2_EO3_GEN26<\/a><br><a href=\"https:\/\/cieacova.com\/wp-content\/uploads\/2026\/02\/A2_EO4_GEN26.pdf\" target=\"_blank\" rel=\"noreferrer noopener\">A2_EO4_GEN26<\/a><\/td><\/tr><tr><td>B1 (Elemental)<\/td><td class=\"has-text-align-center\" data-align=\"center\"><a href=\"https:\/\/cieacova.com\/wp-content\/uploads\/2026\/02\/B1_QE_GEN26.pdf\" target=\"_blank\" rel=\"noreferrer noopener\">B1_QE_GEN26<\/a><\/td><td class=\"has-text-align-center\" data-align=\"center\"><a href=\"https:\/\/cieacova.com\/wp-content\/uploads\/2026\/02\/B1_QR_GEN26.pdf\" target=\"_blank\" rel=\"noreferrer noopener\">B1_QR_GEN26<\/a><\/td><td class=\"has-text-align-center\" data-align=\"center\"><a href=\"https:\/\/cieacova.com\/wp-content\/uploads\/2026\/02\/B1_SOLUCIONARI_GENER_2026.pdf\" target=\"_blank\" rel=\"noreferrer noopener\">B1_SOLUCIONARI_GEN26<\/a><\/td><td class=\"has-text-align-center\" data-align=\"center\"><a href=\"https:\/\/cieacova.com\/wp-content\/uploads\/2026\/02\/AUDIOS_B1_GENER-2026.mp3\" target=\"_blank\" rel=\"noreferrer noopener\">\u00c0udio nivell B1<\/a><audio src=\"https:\/\/cieacova.webs.upv.es\/wp-content\/uploads\/2025\/02\/B1_GENER-2025.mp3\"><\/audio><\/td><td class=\"has-text-align-center\" data-align=\"center\"><a href=\"https:\/\/cieacova.com\/wp-content\/uploads\/2026\/02\/B1_EO1_GEN26.pdf\" target=\"_blank\" rel=\"noreferrer noopener\">B1_EO1_GEN26<\/a><br><a href=\"https:\/\/cieacova.com\/wp-content\/uploads\/2026\/02\/B1_EO2_GEN26.pdf\" target=\"_blank\" rel=\"noreferrer noopener\">B1_EO2_GEN26<\/a><br><a href=\"https:\/\/cieacova.com\/wp-content\/uploads\/2026\/02\/B1_EO3_GEN26.pdf\" target=\"_blank\" rel=\"noreferrer noopener\">B1_EO3_GEN26<\/a><\/td><\/tr><tr><td>B2 (Intermedi)<\/td><td class=\"has-text-align-center\" data-align=\"center\"><a href=\"https:\/\/cieacova.com\/wp-content\/uploads\/2026\/02\/B2_QE_GEN26.pdf\" target=\"_blank\" rel=\"noreferrer noopener\">B2_QE_GEN26<\/a><\/td><td class=\"has-text-align-center\" data-align=\"center\"><a href=\"https:\/\/cieacova.com\/wp-content\/uploads\/2026\/02\/B2_QR_GEN26.pdf\" target=\"_blank\" rel=\"noreferrer noopener\">B2_QR_GEN26<\/a><\/td><td class=\"has-text-align-center\" data-align=\"center\"><a href=\"https:\/\/cieacova.com\/wp-content\/uploads\/2026\/02\/B2_SOLUCIONARI_GEN26.pdf\" target=\"_blank\" rel=\"noreferrer noopener\">B2_SOLUCIONARI_GEN26<\/a><\/td><td class=\"has-text-align-center\" data-align=\"center\"><a href=\"https:\/\/cieacova.com\/wp-content\/uploads\/2026\/02\/AUDIOS_B2_GENER-2026.mp3\" target=\"_blank\" rel=\"noreferrer noopener\">\u00c0udio nivell B2<\/a><audio src=\"https:\/\/cieacova.webs.upv.es\/wp-content\/uploads\/2025\/02\/B2_GENER_2025.mp3\"><\/audio><\/td><td class=\"has-text-align-center\" data-align=\"center\"><a href=\"https:\/\/cieacova.com\/wp-content\/uploads\/2026\/02\/B2_EO1_GEN26.pdf\" target=\"_blank\" rel=\"noreferrer noopener\">B2_EO1_GEN26<\/a><br><a href=\"https:\/\/cieacova.com\/wp-content\/uploads\/2026\/02\/B2_EO2_GEN26.pdf\" target=\"_blank\" rel=\"noreferrer noopener\">B2_EO2_GEN26<\/a><br><a href=\"https:\/\/cieacova.com\/wp-content\/uploads\/2026\/02\/B2_EO3_GEN26.pdf\" target=\"_blank\" rel=\"noreferrer noopener\">B2_EO3_GEN26<\/a><br><a href=\"https:\/\/cieacova.com\/wp-content\/uploads\/2026\/02\/B2_EO4_GEN26.pdf\" target=\"_blank\" rel=\"noreferrer noopener\">B2_EO4_GEN26<\/a><\/td><\/tr><tr><td>C1 (Sufici\u00e8ncia)<\/td><td class=\"has-text-align-center\" data-align=\"center\"><a href=\"https:\/\/cieacova.com\/wp-content\/uploads\/2026\/02\/C1_QE_GEN26.pdf\" target=\"_blank\" rel=\"noreferrer noopener\">C1_QE_GEN26<\/a><\/td><td class=\"has-text-align-center\" data-align=\"center\"><a href=\"https:\/\/cieacova.com\/wp-content\/uploads\/2026\/02\/C1_PLR1_GEN26.pdf\" target=\"_blank\" rel=\"noreferrer noopener\">C1_PLR1_GEN26<\/a><br><a href=\"https:\/\/cieacova.com\/wp-content\/uploads\/2026\/02\/C1_PLR2_GEN26.pdf\" target=\"_blank\" rel=\"noreferrer noopener\">C1_PLR2_GEN26<\/a><\/td><td class=\"has-text-align-center\" data-align=\"center\"><a href=\"https:\/\/cieacova.com\/wp-content\/uploads\/2026\/02\/C1_SOLUCIONARI_GENER_26.pdf\" target=\"_blank\" rel=\"noreferrer noopener\">C1_SOLUCIONARI_GEN26<\/a><\/td><td class=\"has-text-align-center\" data-align=\"center\"><a href=\"https:\/\/cieacova.com\/wp-content\/uploads\/2026\/02\/AUDIO_C1_GENER-2026.mp3\" target=\"_blank\" rel=\"noreferrer noopener\">\u00c0udio nivell C1<\/a><audio src=\"https:\/\/cieacova.webs.upv.es\/wp-content\/uploads\/2025\/02\/C1_GENER-2025.mp3\"><\/audio><\/td><td class=\"has-text-align-center\" data-align=\"center\"><a href=\"https:\/\/cieacova.com\/wp-content\/uploads\/2026\/02\/C1_EO1_GEN26.pdf\" target=\"_blank\" rel=\"noreferrer noopener\">C1_EO1_GEN26<\/a><br><a href=\"https:\/\/cieacova.com\/wp-content\/uploads\/2026\/02\/C1_EO2_GEN26.pdf\" target=\"_blank\" rel=\"noreferrer noopener\">C1_EO2_GEN26<\/a><br><a href=\"https:\/\/cieacova.com\/wp-content\/uploads\/2026\/02\/C1_EO3_GEN26.pdf\" target=\"_blank\" rel=\"noreferrer noopener\">C1_EO3_GEN26<\/a><br><a href=\"https:\/\/cieacova.com\/wp-content\/uploads\/2026\/02\/C1_EO4_GEN26.pdf\" target=\"_blank\" rel=\"noreferrer noopener\">C1_EO4_GEN26<\/a><br><a href=\"https:\/\/cieacova.com\/wp-content\/uploads\/2026\/02\/C1_EO5_GEN26.pdf\" target=\"_blank\" rel=\"noreferrer noopener\">C1_EO5_GEN26<\/a><br><a href=\"https:\/\/cieacova.com\/wp-content\/uploads\/2026\/02\/C1_EO6_GEN26.pdf\" target=\"_blank\" rel=\"noreferrer noopener\">C1_EO6_GEN26<\/a><br><a href=\"https:\/\/cieacova.com\/wp-content\/uploads\/2026\/02\/C1_EO7_GEN26.pdf\" target=\"_blank\" rel=\"noreferrer noopener\">C1_EO7_GEN26<\/a><br><a href=\"https:\/\/cieacova.com\/wp-content\/uploads\/2026\/02\/C1_EO8_GEN26.pdf\" target=\"_blank\" rel=\"noreferrer noopener\">C1_EO8_GEN26<\/a><br><a href=\"https:\/\/cieacova.com\/wp-content\/uploads\/2026\/02\/C1_EO9_GEN26.pdf\" target=\"_blank\" rel=\"noreferrer noopener\">C1_EO9_GEN26<\/a><br><a href=\"https:\/\/cieacova.com\/wp-content\/uploads\/2026\/02\/C1_EO10_GEN26.pdf\" target=\"_blank\" rel=\"noreferrer noopener\">C1_EO10_GEN26<\/a><br><a href=\"https:\/\/cieacova.com\/wp-content\/uploads\/2026\/02\/C1_EO11_GEN26.pdf\" target=\"_blank\" rel=\"noreferrer noopener\">C1_EO11_GEN26<\/a><br><a href=\"https:\/\/cieacova.com\/wp-content\/uploads\/2026\/02\/C1_EO12_GEN26.pdf\" target=\"_blank\" rel=\"noreferrer noopener\">C1_EO12_GEN26<\/a><\/td><\/tr><tr><td>C2 (Superior)<\/td><td class=\"has-text-align-center\" data-align=\"center\"><a href=\"https:\/\/cieacova.com\/wp-content\/uploads\/2026\/02\/C2_QE_GEN26.pdf\" target=\"_blank\" rel=\"noreferrer noopener\">C2_QE_GEN26<\/a><\/td><td class=\"has-text-align-center\" data-align=\"center\"><a href=\"https:\/\/cieacova.com\/wp-content\/uploads\/2026\/02\/C2_PLR1_GEN26.pdf\" target=\"_blank\" rel=\"noreferrer noopener\">C2_PLR1_GEN26<\/a><br><a href=\"https:\/\/cieacova.com\/wp-content\/uploads\/2026\/02\/C2_PLR2_GEN26.pdf\" target=\"_blank\" rel=\"noreferrer noopener\">C2_PLR2_GEN26<\/a><\/td><td class=\"has-text-align-center\" data-align=\"center\"><a href=\"https:\/\/cieacova.com\/wp-content\/uploads\/2026\/02\/C2_SOLUCIONARI_GENER_26.pdf\" target=\"_blank\" rel=\"noreferrer noopener\">C2_SOLUCIONARI_GEN26<\/a><\/td><td class=\"has-text-align-center\" data-align=\"center\"><a href=\"https:\/\/cieacova.com\/wp-content\/uploads\/2026\/02\/AUDIO_C2_GENER-2026.mp3\" target=\"_blank\" rel=\"noreferrer noopener\">\u00c0udio nivell C2<\/a><audio src=\"https:\/\/cieacova.webs.upv.es\/wp-content\/uploads\/2025\/02\/C2_GENER-2025.mp3\"><\/audio><\/td><td class=\"has-text-align-center\" data-align=\"center\"><a href=\"https:\/\/cieacova.com\/wp-content\/uploads\/2026\/02\/C2_MED1_GEN26.pdf\" target=\"_blank\" rel=\"noreferrer noopener\">C2_MED1_GEN26<\/a><br><a href=\"https:\/\/cieacova.com\/wp-content\/uploads\/2026\/02\/C2_MED2_GEN26.pdf\" target=\"_blank\" rel=\"noreferrer noopener\">C2_MED2_GEN26<\/a><br><a href=\"https:\/\/cieacova.com\/wp-content\/uploads\/2026\/02\/C2_MED3_GEN26.pdf\" target=\"_blank\" rel=\"noreferrer noopener\">C2_MED3_GEN26<\/a><br><a href=\"https:\/\/cieacova.com\/wp-content\/uploads\/2026\/02\/C2_MED4_GEN26.pdf\" target=\"_blank\" rel=\"noreferrer noopener\">C2_MED4_GEN26<\/a><br><a href=\"https:\/\/cieacova.com\/wp-content\/uploads\/2026\/02\/C2_MED5_GEN26.pdf\" target=\"_blank\" rel=\"noreferrer noopener\">C2_MED5_GEN26<\/a><br><a href=\"https:\/\/cieacova.com\/wp-content\/uploads\/2026\/03\/C2_MED6_GEN26.pdf\" target=\"_blank\" rel=\"noreferrer noopener\">C2_MED6_GEN26<\/a><br><a href=\"https:\/\/cieacova.com\/wp-content\/uploads\/2026\/02\/C2_MED7_GEN26.pdf\" target=\"_blank\" rel=\"noreferrer noopener\">C2_MED7_GEN26<\/a><br><a href=\"https:\/\/cieacova.com\/wp-content\/uploads\/2026\/02\/C2_MED8_GEN26.pdf\" target=\"_blank\" rel=\"noreferrer noopener\">C2_MED8_GEN26<\/a><\/td><\/tr><\/tbody><\/table><\/figure>\n","protected":false},"excerpt":{"rendered":"<p>PROVES QUADERN DE RESPOSTES SOLUCIONARIS \u00c0UDIOS TEXTOS D&#8217;EXPRESSI\u00d3ORAL I MEDIACI\u00d3 A2 (B\u00e0sic) A2_QE_GEN26 A2_QR_GEN26 A2_SOLUCIONARI_GEN26 \u00c0udio nivell A2 A2_EO1_GEN26A2_EO2_GEN26A2_EO3_GEN26A2_EO4_GEN26 B1 (Elemental) B1_QE_GEN26 B1_QR_GEN26 B1_SOLUCIONARI_GEN26 \u00c0udio nivell B1 B1_EO1_GEN26B1_EO2_GEN26B1_EO3_GEN26 B2 (Intermedi) B2_QE_GEN26 B2_QR_GEN26 B2_SOLUCIONARI_GEN26 \u00c0udio nivell B2 B2_EO1_GEN26B2_EO2_GEN26B2_EO3_GEN26B2_EO4_GEN26 C1 (Sufici\u00e8ncia) C1_QE_GEN26 C1_PLR1_GEN26C1_PLR2_GEN26 C1_SOLUCIONARI_GEN26 \u00c0udio nivell C1 C1_EO1_GEN26C1_EO2_GEN26C1_EO3_GEN26C1_EO4_GEN26C1_EO5_GEN26C1_EO6_GEN26C1_EO7_GEN26C1_EO8_GEN26C1_EO9_GEN26C1_EO10_GEN26C1_EO11_GEN26C1_EO12_GEN26 C2 (Superior) C2_QE_GEN26 C2_PLR1_GEN26C2_PLR2_GEN26 C2_SOLUCIONARI_GEN26 \u00c0udio nivell C2 C2_MED1_GEN26C2_MED2_GEN26C2_MED3_GEN26C2_MED4_GEN26C2_MED5_GEN26C2_MED6_GEN26C2_MED7_GEN26C2_MED8_GEN26<\/p>\n","protected":false},"author":57910,"featured_media":0,"parent":0,"menu_order":0,"comment_status":"closed","ping_status":"closed","template":"","meta":{"footnotes":""},"class_list":["post-5785","page","type-page","status-publish","hentry"],"yoast_head":"<!-- This site is optimized with the Yoast SEO plugin v27.3 - https:\/\/yoast.com\/product\/yoast-seo-wordpress\/ -->\n<title>Proves de Gener de 2026 - CIEACOVA<\/title>\n<meta name=\"robots\" content=\"index, follow, max-snippet:-1, max-image-preview:large, max-video-preview:-1\" \/>\n<link rel=\"canonical\" href=\"https:\/\/cieacova.com\/?page_id=5785\" \/>\n<meta property=\"og:locale\" content=\"ca_ES\" \/>\n<meta property=\"og:type\" content=\"article\" \/>\n<meta property=\"og:title\" content=\"Proves de Gener de 2026 - CIEACOVA\" \/>\n<meta property=\"og:description\" content=\"PROVES QUADERN DE RESPOSTES SOLUCIONARIS \u00c0UDIOS TEXTOS D&#8217;EXPRESSI\u00d3ORAL I MEDIACI\u00d3 A2 (B\u00e0sic) A2_QE_GEN26 A2_QR_GEN26 A2_SOLUCIONARI_GEN26 \u00c0udio nivell A2 A2_EO1_GEN26A2_EO2_GEN26A2_EO3_GEN26A2_EO4_GEN26 B1 (Elemental) B1_QE_GEN26 B1_QR_GEN26 B1_SOLUCIONARI_GEN26 \u00c0udio nivell B1 B1_EO1_GEN26B1_EO2_GEN26B1_EO3_GEN26 B2 (Intermedi) B2_QE_GEN26 B2_QR_GEN26 B2_SOLUCIONARI_GEN26 \u00c0udio nivell B2 B2_EO1_GEN26B2_EO2_GEN26B2_EO3_GEN26B2_EO4_GEN26 C1 (Sufici\u00e8ncia) C1_QE_GEN26 C1_PLR1_GEN26C1_PLR2_GEN26 C1_SOLUCIONARI_GEN26 \u00c0udio nivell C1 C1_EO1_GEN26C1_EO2_GEN26C1_EO3_GEN26C1_EO4_GEN26C1_EO5_GEN26C1_EO6_GEN26C1_EO7_GEN26C1_EO8_GEN26C1_EO9_GEN26C1_EO10_GEN26C1_EO11_GEN26C1_EO12_GEN26 C2 (Superior) C2_QE_GEN26 C2_PLR1_GEN26C2_PLR2_GEN26 C2_SOLUCIONARI_GEN26 \u00c0udio nivell C2 C2_MED1_GEN26C2_MED2_GEN26C2_MED3_GEN26C2_MED4_GEN26C2_MED5_GEN26C2_MED6_GEN26C2_MED7_GEN26C2_MED8_GEN26\" \/>\n<meta property=\"og:url\" content=\"https:\/\/cieacova.com\/?page_id=5785\" \/>\n<meta property=\"og:site_name\" content=\"CIEACOVA\" \/>\n<meta property=\"article:modified_time\" content=\"2026-03-26T09:12:37+00:00\" \/>\n<meta name=\"twitter:card\" content=\"summary_large_image\" \/>\n<meta name=\"twitter:label1\" content=\"Temps estimat de lectura\" \/>\n\t<meta name=\"twitter:data1\" content=\"1 minut\" \/>\n<script type=\"application\/ld+json\" class=\"yoast-schema-graph\">{\"@context\":\"https:\\\/\\\/schema.org\",\"@graph\":[{\"@type\":\"WebPage\",\"@id\":\"https:\\\/\\\/cieacova.com\\\/?page_id=5785\",\"url\":\"https:\\\/\\\/cieacova.com\\\/?page_id=5785\",\"name\":\"Proves de Gener de 2026 - CIEACOVA\",\"isPartOf\":{\"@id\":\"https:\\\/\\\/cieacova.com\\\/#website\"},\"datePublished\":\"2026-02-23T08:00:00+00:00\",\"dateModified\":\"2026-03-26T09:12:37+00:00\",\"breadcrumb\":{\"@id\":\"https:\\\/\\\/cieacova.com\\\/?page_id=5785#breadcrumb\"},\"inLanguage\":\"ca\",\"potentialAction\":[{\"@type\":\"ReadAction\",\"target\":[\"https:\\\/\\\/cieacova.com\\\/?page_id=5785\"]}]},{\"@type\":\"BreadcrumbList\",\"@id\":\"https:\\\/\\\/cieacova.com\\\/?page_id=5785#breadcrumb\",\"itemListElement\":[{\"@type\":\"ListItem\",\"position\":1,\"name\":\"Inici\",\"item\":\"https:\\\/\\\/cieacova.com\\\/\"},{\"@type\":\"ListItem\",\"position\":2,\"name\":\"Proves de Gener de 2026\"}]},{\"@type\":\"WebSite\",\"@id\":\"https:\\\/\\\/cieacova.com\\\/#website\",\"url\":\"https:\\\/\\\/cieacova.com\\\/\",\"name\":\"CIEACOVA\",\"description\":\"P\u00e0gina del CIEACOVA\",\"potentialAction\":[{\"@type\":\"SearchAction\",\"target\":{\"@type\":\"EntryPoint\",\"urlTemplate\":\"https:\\\/\\\/cieacova.com\\\/?s={search_term_string}\"},\"query-input\":{\"@type\":\"PropertyValueSpecification\",\"valueRequired\":true,\"valueName\":\"search_term_string\"}}],\"inLanguage\":\"ca\"}]}<\/script>\n<!-- \/ Yoast SEO plugin. -->","yoast_head_json":{"title":"Proves de Gener de 2026 - CIEACOVA","robots":{"index":"index","follow":"follow","max-snippet":"max-snippet:-1","max-image-preview":"max-image-preview:large","max-video-preview":"max-video-preview:-1"},"canonical":"https:\/\/cieacova.com\/?page_id=5785","og_locale":"ca_ES","og_type":"article","og_title":"Proves de Gener de 2026 - CIEACOVA","og_description":"PROVES QUADERN DE RESPOSTES SOLUCIONARIS \u00c0UDIOS TEXTOS D&#8217;EXPRESSI\u00d3ORAL I MEDIACI\u00d3 A2 (B\u00e0sic) A2_QE_GEN26 A2_QR_GEN26 A2_SOLUCIONARI_GEN26 \u00c0udio nivell A2 A2_EO1_GEN26A2_EO2_GEN26A2_EO3_GEN26A2_EO4_GEN26 B1 (Elemental) B1_QE_GEN26 B1_QR_GEN26 B1_SOLUCIONARI_GEN26 \u00c0udio nivell B1 B1_EO1_GEN26B1_EO2_GEN26B1_EO3_GEN26 B2 (Intermedi) B2_QE_GEN26 B2_QR_GEN26 B2_SOLUCIONARI_GEN26 \u00c0udio nivell B2 B2_EO1_GEN26B2_EO2_GEN26B2_EO3_GEN26B2_EO4_GEN26 C1 (Sufici\u00e8ncia) C1_QE_GEN26 C1_PLR1_GEN26C1_PLR2_GEN26 C1_SOLUCIONARI_GEN26 \u00c0udio nivell C1 C1_EO1_GEN26C1_EO2_GEN26C1_EO3_GEN26C1_EO4_GEN26C1_EO5_GEN26C1_EO6_GEN26C1_EO7_GEN26C1_EO8_GEN26C1_EO9_GEN26C1_EO10_GEN26C1_EO11_GEN26C1_EO12_GEN26 C2 (Superior) C2_QE_GEN26 C2_PLR1_GEN26C2_PLR2_GEN26 C2_SOLUCIONARI_GEN26 \u00c0udio nivell C2 C2_MED1_GEN26C2_MED2_GEN26C2_MED3_GEN26C2_MED4_GEN26C2_MED5_GEN26C2_MED6_GEN26C2_MED7_GEN26C2_MED8_GEN26","og_url":"https:\/\/cieacova.com\/?page_id=5785","og_site_name":"CIEACOVA","article_modified_time":"2026-03-26T09:12:37+00:00","twitter_card":"summary_large_image","twitter_misc":{"Temps estimat de lectura":"1 minut"},"schema":{"@context":"https:\/\/schema.org","@graph":[{"@type":"WebPage","@id":"https:\/\/cieacova.com\/?page_id=5785","url":"https:\/\/cieacova.com\/?page_id=5785","name":"Proves de Gener de 2026 - CIEACOVA","isPartOf":{"@id":"https:\/\/cieacova.com\/#website"},"datePublished":"2026-02-23T08:00:00+00:00","dateModified":"2026-03-26T09:12:37+00:00","breadcrumb":{"@id":"https:\/\/cieacova.com\/?page_id=5785#breadcrumb"},"inLanguage":"ca","potentialAction":[{"@type":"ReadAction","target":["https:\/\/cieacova.com\/?page_id=5785"]}]},{"@type":"BreadcrumbList","@id":"https:\/\/cieacova.com\/?page_id=5785#breadcrumb","itemListElement":[{"@type":"ListItem","position":1,"name":"Inici","item":"https:\/\/cieacova.com\/"},{"@type":"ListItem","position":2,"name":"Proves de Gener de 2026"}]},{"@type":"WebSite","@id":"https:\/\/cieacova.com\/#website","url":"https:\/\/cieacova.com\/","name":"CIEACOVA","description":"P\u00e0gina del CIEACOVA","potentialAction":[{"@type":"SearchAction","target":{"@type":"EntryPoint","urlTemplate":"https:\/\/cieacova.com\/?s={search_term_string}"},"query-input":{"@type":"PropertyValueSpecification","valueRequired":true,"valueName":"search_term_string"}}],"inLanguage":"ca"}]}},"_links":{"self":[{"href":"https:\/\/cieacova.com\/index.php?rest_route=\/wp\/v2\/pages\/5785","targetHints":{"allow":["GET"]}}],"collection":[{"href":"https:\/\/cieacova.com\/index.php?rest_route=\/wp\/v2\/pages"}],"about":[{"href":"https:\/\/cieacova.com\/index.php?rest_route=\/wp\/v2\/types\/page"}],"author":[{"embeddable":true,"href":"https:\/\/cieacova.com\/index.php?rest_route=\/wp\/v2\/users\/57910"}],"replies":[{"embeddable":true,"href":"https:\/\/cieacova.com\/index.php?rest_route=%2Fwp%2Fv2%2Fcomments&post=5785"}],"version-history":[{"count":2,"href":"https:\/\/cieacova.com\/index.php?rest_route=\/wp\/v2\/pages\/5785\/revisions"}],"predecessor-version":[{"id":5859,"href":"https:\/\/cieacova.com\/index.php?rest_route=\/wp\/v2\/pages\/5785\/revisions\/5859"}],"wp:attachment":[{"href":"https:\/\/cieacova.com\/index.php?rest_route=%2Fwp%2Fv2%2Fmedia&parent=5785"}],"curies":[{"name":"wp","href":"https:\/\/api.w.org\/{rel}","templated":true}]}}