{"id":739,"date":"2016-07-27T12:15:03","date_gmt":"2016-07-27T11:15:03","guid":{"rendered":"http:\/\/cieacova.com\/?page_id=739"},"modified":"2025-12-15T12:20:46","modified_gmt":"2025-12-15T11:20:46","slug":"programes-estructures-i-criteris-de-correccio","status":"publish","type":"page","link":"https:\/\/cieacova.com\/?page_id=739","title":{"rendered":"Programes i criteris correcci\u00f3"},"content":{"rendered":"\n<div style=\"float: left; width: 25%;\">\n<p><a href=\"https:\/\/cieacova.com\/wp-content\/uploads\/2025\/12\/A2_Programa-i-estructura-nivell_desembre-2025.pdf\">Programa i estructura nivell A2<\/a><\/p>\n<\/div>\n\n\n\n<div style=\"float: left; width: 75%;\">\n<p><a href=\"https:\/\/cieacova.com\/wp-content\/uploads\/2025\/12\/A2_CRITERIS-DE-CORRECCIO_desembre-2025.pdf\">Criteris de correcci\u00f3 nivell A2<\/a><\/p>\n<\/div>\n\n\n\n<div style=\"float: left; width: 25%;\">\n<p><a href=\"https:\/\/cieacova.com\/wp-content\/uploads\/2025\/11\/B1_Programa-i-estructura-nivell_octubre-2025.pdf\">Programa i estructura nivell B1<\/a><\/p>\n<\/div>\n\n\n\n<div style=\"float: left; width: 75%;\">\n<p><a href=\"https:\/\/cieacova.com\/wp-content\/uploads\/2025\/11\/B1_CRITERIS-DE-CORRECCIO_octubre-2025.pdf\">Criteris de correcci\u00f3 nivell B1<\/a><\/p>\n<\/div>\n\n\n\n<div style=\"float: left; width: 25%;\">\n<p><a href=\"https:\/\/cieacova.com\/wp-content\/uploads\/2025\/11\/B2_Programa-i-estructura-nivell_octubre-2025.pdf\">Programa i estructura nivell B2<\/a><\/p>\n<\/div>\n\n\n\n<div style=\"float: left; width: 75%;\">\n<p><a href=\"https:\/\/cieacova.com\/wp-content\/uploads\/2025\/11\/B2_CRITERIS-DE-CORRECCIO_octubre-2025.pdf\">Criteris de correcci\u00f3 nivell B2<\/a><\/p>\n<\/div>\n\n\n\n<div style=\"float: left; width: 25%;\">\n<p><a href=\"https:\/\/cieacova.webs.upv.es\/wp-content\/uploads\/2025\/03\/C1_Programa-i-estructura-nivell_juliol-2024.pdf\">Programa i estructura nivell C1<\/a><\/p>\n<\/div>\n\n\n\n<div style=\"float: left; width: 75%;\">\n<p><a href=\"https:\/\/cieacova.webs.upv.es\/wp-content\/uploads\/2025\/03\/C1_CRITERIS-DE-CORRECCIO\u0301_juliol-2024.pdf\">Criteris de correcci\u00f3 nivell C1<\/a><\/p>\n<\/div>\n\n\n\n<div style=\"float: left; width: 25%;\">\n<p><a href=\"https:\/\/cieacova.webs.upv.es\/wp-content\/uploads\/2025\/03\/C2_Programa-i-estructura-nivell_juliol-2024.pdf\">Programa i estructura nivell C2<\/a><\/p>\n<\/div>\n\n\n\n<div style=\"float: left; width: 75%;\">\n<p><a href=\"https:\/\/cieacova.webs.upv.es\/wp-content\/uploads\/2025\/03\/C2_CRITERIS-DE-CORRECCIO\u0301_juliol-2024.pdf\">Criteris de correcci\u00f3 nivell C2<\/a><\/p>\n<\/div>\n","protected":false},"excerpt":{"rendered":"<p>Programa i estructura nivell A2 Criteris de correcci\u00f3 nivell A2 Programa i estructura nivell B1 Criteris de correcci\u00f3 nivell B1 Programa i estructura nivell B2 Criteris de correcci\u00f3 nivell B2 Programa i estructura nivell C1 Criteris de correcci\u00f3 nivell C1 Programa i estructura nivell C2 Criteris de correcci\u00f3 nivell C2<\/p>\n","protected":false},"author":19820,"featured_media":0,"parent":0,"menu_order":51,"comment_status":"closed","ping_status":"closed","template":"","meta":{"footnotes":""},"class_list":["post-739","page","type-page","status-publish","hentry"],"yoast_head":"<!-- This site is optimized with the Yoast SEO plugin v27.5 - https:\/\/yoast.com\/product\/yoast-seo-wordpress\/ -->\n<title>Programes i criteris correcci\u00f3 - CIEACOVA<\/title>\n<meta name=\"robots\" content=\"index, follow, max-snippet:-1, max-image-preview:large, max-video-preview:-1\" \/>\n<link rel=\"canonical\" href=\"https:\/\/cieacova.com\/?page_id=739\" \/>\n<meta property=\"og:locale\" content=\"ca_ES\" \/>\n<meta property=\"og:type\" content=\"article\" \/>\n<meta property=\"og:title\" content=\"Programes i criteris correcci\u00f3 - CIEACOVA\" \/>\n<meta property=\"og:description\" content=\"Programa i estructura nivell A2 Criteris de correcci\u00f3 nivell A2 Programa i estructura nivell B1 Criteris de correcci\u00f3 nivell B1 Programa i estructura nivell B2 Criteris de correcci\u00f3 nivell B2 Programa i estructura nivell C1 Criteris de correcci\u00f3 nivell C1 Programa i estructura nivell C2 Criteris de correcci\u00f3 nivell C2\" \/>\n<meta property=\"og:url\" content=\"https:\/\/cieacova.com\/?page_id=739\" \/>\n<meta property=\"og:site_name\" content=\"CIEACOVA\" \/>\n<meta property=\"article:modified_time\" content=\"2025-12-15T11:20:46+00:00\" \/>\n<meta name=\"twitter:card\" content=\"summary_large_image\" \/>\n<meta name=\"twitter:label1\" content=\"Temps estimat de lectura\" \/>\n\t<meta name=\"twitter:data1\" content=\"1 minut\" \/>\n<script type=\"application\/ld+json\" class=\"yoast-schema-graph\">{\"@context\":\"https:\\\/\\\/schema.org\",\"@graph\":[{\"@type\":\"WebPage\",\"@id\":\"https:\\\/\\\/cieacova.com\\\/?page_id=739\",\"url\":\"https:\\\/\\\/cieacova.com\\\/?page_id=739\",\"name\":\"Programes i criteris correcci\u00f3 - CIEACOVA\",\"isPartOf\":{\"@id\":\"https:\\\/\\\/cieacova.com\\\/#website\"},\"datePublished\":\"2016-07-27T11:15:03+00:00\",\"dateModified\":\"2025-12-15T11:20:46+00:00\",\"breadcrumb\":{\"@id\":\"https:\\\/\\\/cieacova.com\\\/?page_id=739#breadcrumb\"},\"inLanguage\":\"ca\",\"potentialAction\":[{\"@type\":\"ReadAction\",\"target\":[\"https:\\\/\\\/cieacova.com\\\/?page_id=739\"]}]},{\"@type\":\"BreadcrumbList\",\"@id\":\"https:\\\/\\\/cieacova.com\\\/?page_id=739#breadcrumb\",\"itemListElement\":[{\"@type\":\"ListItem\",\"position\":1,\"name\":\"Inici\",\"item\":\"https:\\\/\\\/cieacova.com\\\/\"},{\"@type\":\"ListItem\",\"position\":2,\"name\":\"Programes i criteris correcci\u00f3\"}]},{\"@type\":\"WebSite\",\"@id\":\"https:\\\/\\\/cieacova.com\\\/#website\",\"url\":\"https:\\\/\\\/cieacova.com\\\/\",\"name\":\"CIEACOVA\",\"description\":\"P\u00e0gina del CIEACOVA\",\"potentialAction\":[{\"@type\":\"SearchAction\",\"target\":{\"@type\":\"EntryPoint\",\"urlTemplate\":\"https:\\\/\\\/cieacova.com\\\/?s={search_term_string}\"},\"query-input\":{\"@type\":\"PropertyValueSpecification\",\"valueRequired\":true,\"valueName\":\"search_term_string\"}}],\"inLanguage\":\"ca\"}]}<\/script>\n<!-- \/ Yoast SEO plugin. -->","yoast_head_json":{"title":"Programes i criteris correcci\u00f3 - CIEACOVA","robots":{"index":"index","follow":"follow","max-snippet":"max-snippet:-1","max-image-preview":"max-image-preview:large","max-video-preview":"max-video-preview:-1"},"canonical":"https:\/\/cieacova.com\/?page_id=739","og_locale":"ca_ES","og_type":"article","og_title":"Programes i criteris correcci\u00f3 - CIEACOVA","og_description":"Programa i estructura nivell A2 Criteris de correcci\u00f3 nivell A2 Programa i estructura nivell B1 Criteris de correcci\u00f3 nivell B1 Programa i estructura nivell B2 Criteris de correcci\u00f3 nivell B2 Programa i estructura nivell C1 Criteris de correcci\u00f3 nivell C1 Programa i estructura nivell C2 Criteris de correcci\u00f3 nivell C2","og_url":"https:\/\/cieacova.com\/?page_id=739","og_site_name":"CIEACOVA","article_modified_time":"2025-12-15T11:20:46+00:00","twitter_card":"summary_large_image","twitter_misc":{"Temps estimat de lectura":"1 minut"},"schema":{"@context":"https:\/\/schema.org","@graph":[{"@type":"WebPage","@id":"https:\/\/cieacova.com\/?page_id=739","url":"https:\/\/cieacova.com\/?page_id=739","name":"Programes i criteris correcci\u00f3 - CIEACOVA","isPartOf":{"@id":"https:\/\/cieacova.com\/#website"},"datePublished":"2016-07-27T11:15:03+00:00","dateModified":"2025-12-15T11:20:46+00:00","breadcrumb":{"@id":"https:\/\/cieacova.com\/?page_id=739#breadcrumb"},"inLanguage":"ca","potentialAction":[{"@type":"ReadAction","target":["https:\/\/cieacova.com\/?page_id=739"]}]},{"@type":"BreadcrumbList","@id":"https:\/\/cieacova.com\/?page_id=739#breadcrumb","itemListElement":[{"@type":"ListItem","position":1,"name":"Inici","item":"https:\/\/cieacova.com\/"},{"@type":"ListItem","position":2,"name":"Programes i criteris correcci\u00f3"}]},{"@type":"WebSite","@id":"https:\/\/cieacova.com\/#website","url":"https:\/\/cieacova.com\/","name":"CIEACOVA","description":"P\u00e0gina del CIEACOVA","potentialAction":[{"@type":"SearchAction","target":{"@type":"EntryPoint","urlTemplate":"https:\/\/cieacova.com\/?s={search_term_string}"},"query-input":{"@type":"PropertyValueSpecification","valueRequired":true,"valueName":"search_term_string"}}],"inLanguage":"ca"}]}},"_links":{"self":[{"href":"https:\/\/cieacova.com\/index.php?rest_route=\/wp\/v2\/pages\/739","targetHints":{"allow":["GET"]}}],"collection":[{"href":"https:\/\/cieacova.com\/index.php?rest_route=\/wp\/v2\/pages"}],"about":[{"href":"https:\/\/cieacova.com\/index.php?rest_route=\/wp\/v2\/types\/page"}],"author":[{"embeddable":true,"href":"https:\/\/cieacova.com\/index.php?rest_route=\/wp\/v2\/users\/19820"}],"replies":[{"embeddable":true,"href":"https:\/\/cieacova.com\/index.php?rest_route=%2Fwp%2Fv2%2Fcomments&post=739"}],"version-history":[{"count":4,"href":"https:\/\/cieacova.com\/index.php?rest_route=\/wp\/v2\/pages\/739\/revisions"}],"predecessor-version":[{"id":5759,"href":"https:\/\/cieacova.com\/index.php?rest_route=\/wp\/v2\/pages\/739\/revisions\/5759"}],"wp:attachment":[{"href":"https:\/\/cieacova.com\/index.php?rest_route=%2Fwp%2Fv2%2Fmedia&parent=739"}],"curies":[{"name":"wp","href":"https:\/\/api.w.org\/{rel}","templated":true}]}}