{"id":759,"date":"2016-07-27T12:38:07","date_gmt":"2016-07-27T11:38:07","guid":{"rendered":"http:\/\/cieacova.com\/?page_id=759"},"modified":"2017-01-10T12:20:06","modified_gmt":"2017-01-10T11:20:06","slug":"proves-de-juny-de-2016","status":"publish","type":"page","link":"https:\/\/cieacova.com\/?page_id=759","title":{"rendered":"Proves de juny de 2016"},"content":{"rendered":"<p>&nbsp;<\/p>\n<table style=\"height: 478px\" width=\"766\">\n<tbody>\n<tr>\n<td><\/td>\n<td style=\"text-align: center\">PROVES<\/td>\n<td style=\"text-align: center\">SOLUCIONARIS<\/td>\n<td>\n<p style=\"text-align: center\">\u00c0UDIOS<\/p>\n<\/td>\n<td>\n<p style=\"text-align: center\">TEXTOS D&#8217;EXPRESSI\u00d3<\/p>\n<p style=\"text-align: center\">ORAL I MEDIACI\u00d3<\/p>\n<\/td>\n<\/tr>\n<tr>\n<td style=\"text-align: center\">A2 (B\u00e0sic)<\/td>\n<td style=\"text-align: center\"><a href=\"https:\/\/cieacova.webs.upv.es\/wp-content\/uploads\/2016\/07\/A2_QE_JUNY16.pdf\">A2_JUNY16<\/a><\/td>\n<td style=\"text-align: center\"><a href=\"https:\/\/cieacova.webs.upv.es\/wp-content\/uploads\/2016\/07\/A2-JUNY_solucionari.pdf\">A2 JUNY16_solucionari<\/a><\/td>\n<td style=\"width: 50%\"><audio class=\"wp-audio-shortcode\" id=\"audio-759-1\" preload=\"none\" style=\"width: 100%;\" controls=\"controls\"><source type=\"audio\/mpeg\" src=\"https:\/\/cieacova.webs.upv.es\/wp-content\/uploads\/2016\/07\/JUNY-A2-mp3-ELS-IMPRESCINDIBLES.mp3?_=1\" \/><a href=\"https:\/\/cieacova.webs.upv.es\/wp-content\/uploads\/2016\/07\/JUNY-A2-mp3-ELS-IMPRESCINDIBLES.mp3\">https:\/\/cieacova.webs.upv.es\/wp-content\/uploads\/2016\/07\/JUNY-A2-mp3-ELS-IMPRESCINDIBLES.mp3<\/a><\/audio><\/td>\n<td style=\"width: 25%\">&nbsp;<\/td>\n<\/tr>\n<tr>\n<td style=\"text-align: center\">B1 (Elemental)<\/td>\n<td style=\"text-align: center\"><a href=\"https:\/\/cieacova.webs.upv.es\/wp-content\/uploads\/2016\/07\/B1_QE_JUNY16.pdf\">B1_JUNY16<\/a><\/td>\n<td style=\"text-align: center\"><a href=\"https:\/\/cieacova.webs.upv.es\/wp-content\/uploads\/2016\/07\/B1-JUNY_solucionari.pdf\">B1 JUNY16_solucionari<\/a><\/td>\n<td style=\"width: 50%\"><audio class=\"wp-audio-shortcode\" id=\"audio-759-2\" preload=\"none\" style=\"width: 100%;\" controls=\"controls\"><source type=\"audio\/mpeg\" src=\"https:\/\/cieacova.webs.upv.es\/wp-content\/uploads\/2016\/07\/JUNY-B1-mp3-ARBRES-MONUMENTALS.mp3?_=2\" \/><a href=\"https:\/\/cieacova.webs.upv.es\/wp-content\/uploads\/2016\/07\/JUNY-B1-mp3-ARBRES-MONUMENTALS.mp3\">https:\/\/cieacova.webs.upv.es\/wp-content\/uploads\/2016\/07\/JUNY-B1-mp3-ARBRES-MONUMENTALS.mp3<\/a><\/audio><\/td>\n<td style=\"text-align: center;width: 25%\"><a href=\"https:\/\/cieacova.webs.upv.es\/wp-content\/uploads\/2016\/07\/B1_EO1_JUNY16.pdf\">Text 1<\/a>\u00a0 \u00a0\u00a0<a href=\"https:\/\/cieacova.webs.upv.es\/wp-content\/uploads\/2016\/07\/B1_EO2_JUNY16.pdf\">Text 2<\/a><\/td>\n<\/tr>\n<tr>\n<td style=\"text-align: center\">B2 (Intermedi)<\/td>\n<td style=\"text-align: center\"><a href=\"https:\/\/cieacova.webs.upv.es\/wp-content\/uploads\/2016\/07\/B2_QE_JUNY16.pdf\">B2_JUNY16<\/a><\/td>\n<td style=\"text-align: center\"><a href=\"https:\/\/cieacova.webs.upv.es\/wp-content\/uploads\/2016\/07\/B2-JUNY_solucionari.pdf\">B2 JUNY16_solucionari<\/a><\/td>\n<td style=\"width: 50%\"><audio class=\"wp-audio-shortcode\" id=\"audio-759-3\" preload=\"none\" style=\"width: 100%;\" controls=\"controls\"><source type=\"audio\/mpeg\" src=\"https:\/\/cieacova.webs.upv.es\/wp-content\/uploads\/2016\/07\/JUNY-B2-mp3-DOCTOR-DOCTOR.mp3?_=3\" \/><a href=\"https:\/\/cieacova.webs.upv.es\/wp-content\/uploads\/2016\/07\/JUNY-B2-mp3-DOCTOR-DOCTOR.mp3\">https:\/\/cieacova.webs.upv.es\/wp-content\/uploads\/2016\/07\/JUNY-B2-mp3-DOCTOR-DOCTOR.mp3<\/a><\/audio><\/td>\n<td style=\"text-align: center;width: 25%\"><a href=\"https:\/\/cieacova.webs.upv.es\/wp-content\/uploads\/2016\/07\/B2_EO1_JUNY16.pdf\">Text 1<\/a>\u00a0 \u00a0\u00a0<a href=\"https:\/\/cieacova.webs.upv.es\/wp-content\/uploads\/2016\/07\/B2_EO2_JUNY16.pdf\">Text 2<\/a><\/td>\n<\/tr>\n<tr>\n<td style=\"text-align: center\">C1 (Sufici\u00e8ncia)<\/td>\n<td style=\"text-align: center\"><a href=\"https:\/\/cieacova.webs.upv.es\/wp-content\/uploads\/2016\/07\/C1_QE_JUNY16.pdf\">C1_JUNY16<\/a><\/td>\n<td style=\"text-align: center\"><a href=\"https:\/\/cieacova.webs.upv.es\/wp-content\/uploads\/2016\/07\/C1-JUNY_solucionari.pdf\">C1 JUNY16_solucionari<\/a><\/td>\n<td style=\"width: 50%\"><audio class=\"wp-audio-shortcode\" id=\"audio-759-4\" preload=\"none\" style=\"width: 100%;\" controls=\"controls\"><source type=\"audio\/mpeg\" src=\"https:\/\/cieacova.webs.upv.es\/wp-content\/uploads\/2016\/07\/JUNY-C1-mp3-ECONOMIA-CIRCULAR.mp3?_=4\" \/><a href=\"https:\/\/cieacova.webs.upv.es\/wp-content\/uploads\/2016\/07\/JUNY-C1-mp3-ECONOMIA-CIRCULAR.mp3\">https:\/\/cieacova.webs.upv.es\/wp-content\/uploads\/2016\/07\/JUNY-C1-mp3-ECONOMIA-CIRCULAR.mp3<\/a><\/audio><\/td>\n<td style=\"text-align: center;width: 25%\"><a href=\"https:\/\/cieacova.webs.upv.es\/wp-content\/uploads\/2016\/07\/C1_EO1_JUNY16.pdf\">Text 1<\/a>\u00a0 \u00a0\u00a0<a href=\"https:\/\/cieacova.webs.upv.es\/wp-content\/uploads\/2016\/07\/C1_EO2_JUNY16.pdf\">Text 2<\/a><\/td>\n<\/tr>\n<tr>\n<td style=\"text-align: center\">C2 (Superior)<\/td>\n<td style=\"text-align: center\"><a href=\"https:\/\/cieacova.webs.upv.es\/wp-content\/uploads\/2016\/07\/C2_QE_JUNY16.pdf\">C2_JUNY16<\/a><\/td>\n<td style=\"text-align: center\"><a href=\"https:\/\/cieacova.webs.upv.es\/wp-content\/uploads\/2016\/07\/C2-JUNY_solucionari.pdf\">C2 JUNY16_solucionari<\/a><\/td>\n<td style=\"width: 50%\"><audio class=\"wp-audio-shortcode\" id=\"audio-759-5\" preload=\"none\" style=\"width: 100%;\" controls=\"controls\"><source type=\"audio\/mpeg\" src=\"https:\/\/cieacova.webs.upv.es\/wp-content\/uploads\/2016\/07\/JUNY-C2-mp3-TATUATGES.mp3?_=5\" \/><a href=\"https:\/\/cieacova.webs.upv.es\/wp-content\/uploads\/2016\/07\/JUNY-C2-mp3-TATUATGES.mp3\">https:\/\/cieacova.webs.upv.es\/wp-content\/uploads\/2016\/07\/JUNY-C2-mp3-TATUATGES.mp3<\/a><\/audio><\/td>\n<td style=\"text-align: center;width: 25%\"><a href=\"https:\/\/cieacova.webs.upv.es\/wp-content\/uploads\/2016\/07\/C2_EO1_JUNY16.pdf\">Text 1<\/a>\u00a0 \u00a0\u00a0<a href=\"https:\/\/cieacova.webs.upv.es\/wp-content\/uploads\/2016\/07\/C2_EO2_JUNY16.pdf\">Text 2<\/a><\/p>\n<p><a href=\"https:\/\/cieacova.webs.upv.es\/wp-content\/uploads\/2016\/07\/C2_MED1_JUNY16.pdf\">Mediaci\u00f3 1<\/a>\u00a0 \u00a0<a href=\"https:\/\/cieacova.webs.upv.es\/wp-content\/uploads\/2016\/07\/C2_MED2_JUNY16.pdf\">Mediaci\u00f3 2<\/a><\/td>\n<\/tr>\n<\/tbody>\n<\/table>\n<p>&nbsp;<\/p>\n<p>Per poder escoltar l&#8217;\u00e0udio dins del pdf, cal descarregar-lo i obrir-lo fora del navegador web.<\/p>\n","protected":false},"excerpt":{"rendered":"<p>&nbsp; PROVES SOLUCIONARIS \u00c0UDIOS TEXTOS D&#8217;EXPRESSI\u00d3 ORAL I MEDIACI\u00d3 A2 (B\u00e0sic) A2_JUNY16 A2 JUNY16_solucionari &nbsp; B1 (Elemental) B1_JUNY16 B1 JUNY16_solucionari Text 1\u00a0 \u00a0\u00a0Text 2 B2 (Intermedi) B2_JUNY16 B2 JUNY16_solucionari Text 1\u00a0 \u00a0\u00a0Text 2 C1 (Sufici\u00e8ncia) C1_JUNY16 C1 JUNY16_solucionari Text 1\u00a0 \u00a0\u00a0Text 2 C2 (Superior) C2_JUNY16 C2 JUNY16_solucionari Text 1\u00a0 \u00a0\u00a0Text 2 Mediaci\u00f3 1\u00a0 \u00a0Mediaci\u00f3 2&hellip;<\/p>\n","protected":false},"author":19820,"featured_media":0,"parent":0,"menu_order":53,"comment_status":"closed","ping_status":"closed","template":"","meta":{"footnotes":""},"class_list":["post-759","page","type-page","status-publish","hentry"],"yoast_head":"<!-- This site is optimized with the Yoast SEO plugin v27.5 - https:\/\/yoast.com\/product\/yoast-seo-wordpress\/ -->\n<title>Proves de juny de 2016 - CIEACOVA<\/title>\n<meta name=\"robots\" content=\"index, follow, max-snippet:-1, max-image-preview:large, max-video-preview:-1\" \/>\n<link rel=\"canonical\" href=\"https:\/\/cieacova.com\/?page_id=759\" \/>\n<meta property=\"og:locale\" content=\"ca_ES\" \/>\n<meta property=\"og:type\" content=\"article\" \/>\n<meta property=\"og:title\" content=\"Proves de juny de 2016 - CIEACOVA\" \/>\n<meta property=\"og:description\" content=\"&nbsp; PROVES SOLUCIONARIS \u00c0UDIOS TEXTOS D&#8217;EXPRESSI\u00d3 ORAL I MEDIACI\u00d3 A2 (B\u00e0sic) A2_JUNY16 A2 JUNY16_solucionari &nbsp; B1 (Elemental) B1_JUNY16 B1 JUNY16_solucionari Text 1\u00a0 \u00a0\u00a0Text 2 B2 (Intermedi) B2_JUNY16 B2 JUNY16_solucionari Text 1\u00a0 \u00a0\u00a0Text 2 C1 (Sufici\u00e8ncia) C1_JUNY16 C1 JUNY16_solucionari Text 1\u00a0 \u00a0\u00a0Text 2 C2 (Superior) C2_JUNY16 C2 JUNY16_solucionari Text 1\u00a0 \u00a0\u00a0Text 2 Mediaci\u00f3 1\u00a0 \u00a0Mediaci\u00f3 2&hellip;\" \/>\n<meta property=\"og:url\" content=\"https:\/\/cieacova.com\/?page_id=759\" \/>\n<meta property=\"og:site_name\" content=\"CIEACOVA\" \/>\n<meta property=\"article:modified_time\" content=\"2017-01-10T11:20:06+00:00\" \/>\n<meta name=\"twitter:card\" content=\"summary_large_image\" \/>\n<meta name=\"twitter:label1\" content=\"Temps estimat de lectura\" \/>\n\t<meta name=\"twitter:data1\" content=\"1 minut\" \/>\n<script type=\"application\/ld+json\" class=\"yoast-schema-graph\">{\"@context\":\"https:\\\/\\\/schema.org\",\"@graph\":[{\"@type\":\"WebPage\",\"@id\":\"https:\\\/\\\/cieacova.com\\\/?page_id=759\",\"url\":\"https:\\\/\\\/cieacova.com\\\/?page_id=759\",\"name\":\"Proves de juny de 2016 - CIEACOVA\",\"isPartOf\":{\"@id\":\"https:\\\/\\\/cieacova.com\\\/#website\"},\"datePublished\":\"2016-07-27T11:38:07+00:00\",\"dateModified\":\"2017-01-10T11:20:06+00:00\",\"breadcrumb\":{\"@id\":\"https:\\\/\\\/cieacova.com\\\/?page_id=759#breadcrumb\"},\"inLanguage\":\"ca\",\"potentialAction\":[{\"@type\":\"ReadAction\",\"target\":[\"https:\\\/\\\/cieacova.com\\\/?page_id=759\"]}]},{\"@type\":\"BreadcrumbList\",\"@id\":\"https:\\\/\\\/cieacova.com\\\/?page_id=759#breadcrumb\",\"itemListElement\":[{\"@type\":\"ListItem\",\"position\":1,\"name\":\"Inici\",\"item\":\"https:\\\/\\\/cieacova.com\\\/\"},{\"@type\":\"ListItem\",\"position\":2,\"name\":\"Proves de juny de 2016\"}]},{\"@type\":\"WebSite\",\"@id\":\"https:\\\/\\\/cieacova.com\\\/#website\",\"url\":\"https:\\\/\\\/cieacova.com\\\/\",\"name\":\"CIEACOVA\",\"description\":\"P\u00e0gina del CIEACOVA\",\"potentialAction\":[{\"@type\":\"SearchAction\",\"target\":{\"@type\":\"EntryPoint\",\"urlTemplate\":\"https:\\\/\\\/cieacova.com\\\/?s={search_term_string}\"},\"query-input\":{\"@type\":\"PropertyValueSpecification\",\"valueRequired\":true,\"valueName\":\"search_term_string\"}}],\"inLanguage\":\"ca\"}]}<\/script>\n<!-- \/ Yoast SEO plugin. -->","yoast_head_json":{"title":"Proves de juny de 2016 - CIEACOVA","robots":{"index":"index","follow":"follow","max-snippet":"max-snippet:-1","max-image-preview":"max-image-preview:large","max-video-preview":"max-video-preview:-1"},"canonical":"https:\/\/cieacova.com\/?page_id=759","og_locale":"ca_ES","og_type":"article","og_title":"Proves de juny de 2016 - CIEACOVA","og_description":"&nbsp; PROVES SOLUCIONARIS \u00c0UDIOS TEXTOS D&#8217;EXPRESSI\u00d3 ORAL I MEDIACI\u00d3 A2 (B\u00e0sic) A2_JUNY16 A2 JUNY16_solucionari &nbsp; B1 (Elemental) B1_JUNY16 B1 JUNY16_solucionari Text 1\u00a0 \u00a0\u00a0Text 2 B2 (Intermedi) B2_JUNY16 B2 JUNY16_solucionari Text 1\u00a0 \u00a0\u00a0Text 2 C1 (Sufici\u00e8ncia) C1_JUNY16 C1 JUNY16_solucionari Text 1\u00a0 \u00a0\u00a0Text 2 C2 (Superior) C2_JUNY16 C2 JUNY16_solucionari Text 1\u00a0 \u00a0\u00a0Text 2 Mediaci\u00f3 1\u00a0 \u00a0Mediaci\u00f3 2&hellip;","og_url":"https:\/\/cieacova.com\/?page_id=759","og_site_name":"CIEACOVA","article_modified_time":"2017-01-10T11:20:06+00:00","twitter_card":"summary_large_image","twitter_misc":{"Temps estimat de lectura":"1 minut"},"schema":{"@context":"https:\/\/schema.org","@graph":[{"@type":"WebPage","@id":"https:\/\/cieacova.com\/?page_id=759","url":"https:\/\/cieacova.com\/?page_id=759","name":"Proves de juny de 2016 - CIEACOVA","isPartOf":{"@id":"https:\/\/cieacova.com\/#website"},"datePublished":"2016-07-27T11:38:07+00:00","dateModified":"2017-01-10T11:20:06+00:00","breadcrumb":{"@id":"https:\/\/cieacova.com\/?page_id=759#breadcrumb"},"inLanguage":"ca","potentialAction":[{"@type":"ReadAction","target":["https:\/\/cieacova.com\/?page_id=759"]}]},{"@type":"BreadcrumbList","@id":"https:\/\/cieacova.com\/?page_id=759#breadcrumb","itemListElement":[{"@type":"ListItem","position":1,"name":"Inici","item":"https:\/\/cieacova.com\/"},{"@type":"ListItem","position":2,"name":"Proves de juny de 2016"}]},{"@type":"WebSite","@id":"https:\/\/cieacova.com\/#website","url":"https:\/\/cieacova.com\/","name":"CIEACOVA","description":"P\u00e0gina del CIEACOVA","potentialAction":[{"@type":"SearchAction","target":{"@type":"EntryPoint","urlTemplate":"https:\/\/cieacova.com\/?s={search_term_string}"},"query-input":{"@type":"PropertyValueSpecification","valueRequired":true,"valueName":"search_term_string"}}],"inLanguage":"ca"}]}},"_links":{"self":[{"href":"https:\/\/cieacova.com\/index.php?rest_route=\/wp\/v2\/pages\/759","targetHints":{"allow":["GET"]}}],"collection":[{"href":"https:\/\/cieacova.com\/index.php?rest_route=\/wp\/v2\/pages"}],"about":[{"href":"https:\/\/cieacova.com\/index.php?rest_route=\/wp\/v2\/types\/page"}],"author":[{"embeddable":true,"href":"https:\/\/cieacova.com\/index.php?rest_route=\/wp\/v2\/users\/19820"}],"replies":[{"embeddable":true,"href":"https:\/\/cieacova.com\/index.php?rest_route=%2Fwp%2Fv2%2Fcomments&post=759"}],"version-history":[{"count":0,"href":"https:\/\/cieacova.com\/index.php?rest_route=\/wp\/v2\/pages\/759\/revisions"}],"wp:attachment":[{"href":"https:\/\/cieacova.com\/index.php?rest_route=%2Fwp%2Fv2%2Fmedia&parent=759"}],"curies":[{"name":"wp","href":"https:\/\/api.w.org\/{rel}","templated":true}]}}